{"id":4784,"date":"2026-01-19T12:00:19","date_gmt":"2026-01-19T04:00:19","guid":{"rendered":"https:\/\/minghanggroup.com\/?post_type=product&#038;p=4784"},"modified":"2026-01-19T13:44:15","modified_gmt":"2026-01-19T05:44:15","slug":"100ml-clear-flat-round-diffuser-bottles-wholesale","status":"publish","type":"product","link":"https:\/\/minghanggroup.com\/it\/prodotto\/100ml-clear-flat-round-diffuser-bottles-wholesale\/","title":{"rendered":"Flaconi diffusori rotondi e piatti trasparenti da 100 ml all&#039;ingrosso"},"content":{"rendered":"<p>Questi flaconi diffusori rotondi sono larghi, piatti e di forma ovale, realizzati in vetro sodico-calcico e il collo \u00e8 cos\u00ec sottile che si adatta al bastoncino del diffusore.<\/p>\n<h2>Caratteristiche del prodotto<\/h2>\n<ul>\n<li><strong>Forma ovale piatta allungata:<\/strong> Ha una forma stabile e scolpita ed \u00e8 realizzato con un design ampio e ribassato, che si adatta ai moderni design degli scaffali.<\/li>\n<li><strong>Collo sottile:<\/strong> Il collo sottile sostiene il diffusore e altri accessori e crea un contrasto con il corpo piatto e arrotondato, rendendo il design pi\u00f9 sofisticato.<\/li>\n<li><strong>Grande capacit\u00e0 da 200 ml:<\/strong> La capacit\u00e0 di 200 ml \u00e8 stata intelligentemente integrata nel formato piatto della bottiglia, offrendo un&#039;ampia capacit\u00e0 con un profilo sottile.<\/li>\n<\/ul>\n<h2 style=\"text-align: left;\">Specifiche chiave<\/h2>\n<table class=\"aligncenter\" style=\"border-collapse: collapse; width: 426.02pt;\" border=\"0\" width=\"568\" cellspacing=\"0\" cellpadding=\"0\">\n<tbody>\n<tr style=\"height: 13.50pt;\">\n<td style=\"height: 13.50pt; width: 119.25pt;\" width=\"159\" height=\"18\">Specifica<\/td>\n<td style=\"width: 306.75pt;\" width=\"409\">Dettagli<\/td>\n<\/tr>\n<tr style=\"height: 13.50pt;\">\n<td style=\"height: 13.50pt;\" height=\"18\">Capacit\u00e0<\/td>\n<td>100 ml<\/td>\n<\/tr>\n<tr style=\"height: 13.50pt;\">\n<td style=\"height: 13.50pt;\" height=\"18\">Dimensioni<\/td>\n<td>125\u00d736\u00d7109mm<\/td>\n<\/tr>\n<tr style=\"height: 13.50pt;\">\n<td style=\"height: 13.50pt;\" height=\"18\">Diametro del collo interno\/esterno<\/td>\n<td>12 mm \/ 23 mm<\/td>\n<\/tr>\n<tr style=\"height: 13.50pt;\">\n<td style=\"height: 13.50pt;\" height=\"18\">Materiale<\/td>\n<td>Vetro sodico-calcico<\/td>\n<\/tr>\n<tr style=\"height: 13.50pt;\">\n<td style=\"height: 13.50pt;\" height=\"18\">Forma della bottiglia<\/td>\n<td>Ovale piatto, allungato orizzontalmente<\/td>\n<\/tr>\n<tr style=\"height: 13.50pt;\">\n<td style=\"height: 13.50pt;\" height=\"18\">Ambito di personalizzazione<\/td>\n<td>Colore, finitura, dimensione, incisione<\/td>\n<\/tr>\n<tr style=\"height: 13.50pt;\">\n<td style=\"height: 13.50pt;\" height=\"18\">Artigianato<\/td>\n<td>Modanatura in vetro ovale piatto<\/td>\n<\/tr>\n<tr style=\"height: 13.50pt;\">\n<td style=\"height: 13.50pt;\" height=\"18\">Scopo del prodotto<\/td>\n<td>Flaconi diffusori rotondi, flaconi diffusori sfusi<\/td>\n<\/tr>\n<tr style=\"height: 13.50pt;\">\n<td style=\"height: 13.50pt;\" height=\"18\">Industrie adatte<\/td>\n<td>Marchi di fragranze per la casa contemporanee, design d&#039;interni<\/td>\n<\/tr>\n<\/tbody>\n<\/table>\n<h2>Storia di successo: design pluripremiato di un marchio giapponese di lifestyle<\/h2>\n<p>Un marchio giapponese di lifestyle ha lanciato una linea di fragranze. Il nostro prodotto di punta \u00e8 stato il flacone diffusore rotondo da 200 ml. Questa caratteristica forma ovale, piatta, ha portato all&#039;80% di acquisti ripetuti. Il design liscio ha aumentato del 300% il numero di condivisioni da parte degli influencer sui social media. La risposta del mercato e la perfetta aderenza all&#039;immagine del marchio hanno reso il marchio molto soddisfatto e, di conseguenza, ha ordinato altri 300.000 flaconi nei suoi flagship store internazionali.<\/p>\n<h2>Personalizzazione della bottiglia diffusore rotonda<\/h2>\n<ul>\n<li>Colore e trasparenza del vetro: il vetro \u00e8 trasparente, grigio tenue o fum\u00e9.<\/li>\n<li>Finitura opaca satinata: \u00e8 una finitura opaca completamente sabbiata che conferisce un aspetto delicato ed etereo.<\/li>\n<li>Incisione laser: l&#039;immagine di linee complesse e fluide o il nome del marchio vengono incisi sulla superficie della bottiglia.<\/li>\n<li>Decorazione individuale del collo della bottiglia: \u201cLe decorazioni leggere e semplici del collo della bottiglia possono essere realizzate in ceramica opaca o metallo spazzolato.<\/li>\n<\/ul>","protected":false},"excerpt":{"rendered":"<p>Elegante flacone diffusore da 100 ml realizzato in vetro piatto e rotondo, perfetto per il confezionamento e il branding di fragranze per la casa, flaconi diffusori rotondi di alta qualit\u00e0, spedizione veloce.<\/p>","protected":false},"featured_media":4790,"template":"","meta":{"postBodyCss":"","postBodyMargin":[],"postBodyPadding":[],"postBodyBackground":{"backgroundType":"classic","gradient":""}},"product_brand":[],"product_cat":[15,16,63],"product_tag":[],"class_list":{"0":"post-4784","1":"product","2":"type-product","3":"status-publish","4":"has-post-thumbnail","6":"product_cat-glass-containers","7":"product_cat-glass-bottles","8":"product_cat-reed-diffuser-bottles","10":"first","11":"instock","12":"shipping-taxable","13":"product-type-simple"},"jetpack_sharing_enabled":true,"_links":{"self":[{"href":"https:\/\/minghanggroup.com\/it\/wp-json\/wp\/v2\/product\/4784","targetHints":{"allow":["GET"]}}],"collection":[{"href":"https:\/\/minghanggroup.com\/it\/wp-json\/wp\/v2\/product"}],"about":[{"href":"https:\/\/minghanggroup.com\/it\/wp-json\/wp\/v2\/types\/product"}],"wp:featuredmedia":[{"embeddable":true,"href":"https:\/\/minghanggroup.com\/it\/wp-json\/wp\/v2\/media\/4790"}],"wp:attachment":[{"href":"https:\/\/minghanggroup.com\/it\/wp-json\/wp\/v2\/media?parent=4784"}],"wp:term":[{"taxonomy":"product_brand","embeddable":true,"href":"https:\/\/minghanggroup.com\/it\/wp-json\/wp\/v2\/product_brand?post=4784"},{"taxonomy":"product_cat","embeddable":true,"href":"https:\/\/minghanggroup.com\/it\/wp-json\/wp\/v2\/product_cat?post=4784"},{"taxonomy":"product_tag","embeddable":true,"href":"https:\/\/minghanggroup.com\/it\/wp-json\/wp\/v2\/product_tag?post=4784"}],"curies":[{"name":"wp","href":"https:\/\/api.w.org\/{rel}","templated":true}]}}