{"id":4771,"date":"2026-01-19T16:22:24","date_gmt":"2026-01-19T08:22:24","guid":{"rendered":"https:\/\/minghanggroup.com\/?post_type=product&#038;p=4771"},"modified":"2026-01-19T16:38:15","modified_gmt":"2026-01-19T08:38:15","slug":"bulk-diffuser-bottles-with-thick-base-for-home-decor","status":"publish","type":"product","link":"https:\/\/minghanggroup.com\/it\/prodotto\/bulk-diffuser-bottles-with-thick-base-for-home-decor\/","title":{"rendered":"Flaconi diffusori all&#039;ingrosso da 40 ml, 50 ml e 100 ml con base spessa per l&#039;arredamento della casa"},"content":{"rendered":"<p>I tuoi diffusori di essenze non dovrebbero solo contenere la fragranza: dovrebbero anche far danzare la luce sulla tua scrivania come cristalli liquidi. Come specialisti in diffusori di essenze in cristallo, realizziamo diffusori a bastoncini in vetro che trasformano il tuo diffusore di oli essenziali in un elemento di spicco silenzioso per la stanza.<\/p>\n<h2>Caratteristiche del prodotto<\/h2>\n<ul>\n<li><strong>Struttura di base spessa e stabile: <\/strong>Il design della base spessa offre un baricentro basso, riducendo il rischio di ribaltamento del prodotto. \u00c8 perfetto sia per spazi domestici che commerciali, se l&#039;esposizione \u00e8 prevista per un periodo prolungato.<\/li>\n<li><strong>Materiale in vetro ad alta trasparenza: <\/strong>Super trasparente e trasparente, mostra con grande precisione il colore del liquido per aromaterapia, aumentando cos\u00ec l&#039;attrattiva visiva complessiva e l&#039;esposizione del prodotto.<\/li>\n<li><strong>Design della bottiglia aerodinamico: <\/strong>Combinando le spalle arrotondate con le linee rette, il flacone acquisisce un aspetto elegante e moderno, pur essendo estremamente versatile. Questo lo rende adatto a un&#039;ampia gamma di stili di profumi.<\/li>\n<\/ul>\n<h2>Specifiche chiave<\/h2>\n<table style=\"border-collapse: collapse; width: 80%; margin-left: auto; margin-right: auto;\" border=\"0\" width=\"288\" cellspacing=\"0\" cellpadding=\"0\">\n<tbody>\n<tr style=\"height: 13.50pt;\">\n<td style=\"height: 13.5pt; width: 54pt; text-align: center;\" width=\"72\" height=\"18\">Dimensioni (ml)<\/td>\n<td style=\"width: 54.00pt;\" width=\"72\">Dimensioni (mm)<\/td>\n<td style=\"width: 54pt; text-align: center;\" width=\"72\">Tipo di collo<\/td>\n<td style=\"width: 54pt; text-align: center;\" width=\"72\">Forma<\/td>\n<\/tr>\n<tr style=\"height: 13.50pt;\">\n<td style=\"height: 13.5pt; text-align: center;\" align=\"right\" height=\"18\">40<\/td>\n<td style=\"text-align: center;\">52 \u00d7 69<\/td>\n<td class=\"et2\" style=\"text-align: center;\" rowspan=\"3\">A scatto<\/td>\n<td class=\"et2\" style=\"text-align: center;\" rowspan=\"3\">Cilindrico<\/td>\n<\/tr>\n<tr style=\"height: 13.50pt;\">\n<td style=\"height: 13.5pt; text-align: center;\" align=\"right\" height=\"18\">50<\/td>\n<td style=\"text-align: center;\">52 \u00d7 69<\/td>\n<\/tr>\n<tr style=\"height: 13.50pt;\">\n<td style=\"height: 13.5pt; text-align: center;\" align=\"right\" height=\"18\">100<\/td>\n<td style=\"text-align: center;\">65 \u00d7 81<\/td>\n<\/tr>\n<\/tbody>\n<\/table>\n<h2>Caso di successo<\/h2>\n<p>Si tratta di un marchio di fragranze di origine locale, che segue la direzione di uno stile vintage moderno, ma che alla fine ha deciso di utilizzare un flacone diffusore in vetro come confezione principale. Con un ampio grado di personalizzazione, il marchio ha sfruttato lo spazio circolare vuoto al centro del flacone per serigrafare il suo logo con precisione e ha scelto un flacone color ambra con finitura opaca. Il marchio ha anche progettato un tappo in legno, personalizzato e abbinato a bastoncini diffusori in fibra nera di una certa lunghezza, creando un packaging di alta qualit\u00e0 artistica.<\/p>\n<p>Questo impatto visivo ha contribuito notevolmente ad aumentare la riconoscibilit\u00e0 del marchio tra i consumatori, con un aumento del 55% del traffico pedonale nei negozi fisici. Inoltre, nei due trimestri successivi sono stati effettuati ordini di follow-up per 250.000 unit\u00e0.<\/p>\n<h2>Le tue opzioni di personalizzazione<\/h2>\n<ol>\n<li><strong>Personalizzazione del marchio nell&#039;area in rilievo: <\/strong>Utilizzando l&#039;area circolare in rilievo al centro della bottiglia, il logo del marchio viene incorporato tramite serigrafia ad alta precisione o tecnologia di decalcomanie ad alta temperatura, combinando cos\u00ec perfettamente l&#039;identit\u00e0 del marchio con i motivi vintage e migliorando ulteriormente la stratificazione visiva.<\/li>\n<li><strong>Opzioni di colore e trasparenza della bottiglia: <\/strong>Il cliente pu\u00f2 optare per un rivestimento color ambra con propriet\u00e0 di oscuramento leggero oppure per un&#039;elegante finitura opaca, entrambe in grado di preservare l&#039;attivit\u00e0 degli oli essenziali e di conferire al flacone un&#039;eleganza senza tempo.<\/li>\n<li><strong>Diverse opzioni di materiali per il tappo superiore: <\/strong>In base all&#039;estetica del marchio, si pu\u00f2 optare per tappi in legno con loghi in rilievo (ad esempio, noce o quercia) per evidenziare il naturalismo, oppure optare per anelli in metallo color oro\/bronzo chiaro per sfoggiare uno stile vintage e di lusso leggero.<\/li>\n<\/ol>","protected":false},"excerpt":{"rendered":"<p>Questi flaconi diffusori hanno una base stabile e un collo largo. Flaconi diffusori all&#039;ingrosso per fornitura diretta dalla fabbrica, flaconi diffusori in cristallo di alta qualit\u00e0 per personalizzazione del marchio.<\/p>","protected":false},"featured_media":4788,"template":"","meta":{"postBodyCss":"","postBodyMargin":[],"postBodyPadding":[],"postBodyBackground":{"backgroundType":"classic","gradient":""}},"product_brand":[],"product_cat":[15,16,63],"product_tag":[],"class_list":{"0":"post-4771","1":"product","2":"type-product","3":"status-publish","4":"has-post-thumbnail","6":"product_cat-glass-containers","7":"product_cat-glass-bottles","8":"product_cat-reed-diffuser-bottles","10":"first","11":"instock","12":"shipping-taxable","13":"product-type-simple"},"jetpack_sharing_enabled":true,"_links":{"self":[{"href":"https:\/\/minghanggroup.com\/it\/wp-json\/wp\/v2\/product\/4771","targetHints":{"allow":["GET"]}}],"collection":[{"href":"https:\/\/minghanggroup.com\/it\/wp-json\/wp\/v2\/product"}],"about":[{"href":"https:\/\/minghanggroup.com\/it\/wp-json\/wp\/v2\/types\/product"}],"wp:featuredmedia":[{"embeddable":true,"href":"https:\/\/minghanggroup.com\/it\/wp-json\/wp\/v2\/media\/4788"}],"wp:attachment":[{"href":"https:\/\/minghanggroup.com\/it\/wp-json\/wp\/v2\/media?parent=4771"}],"wp:term":[{"taxonomy":"product_brand","embeddable":true,"href":"https:\/\/minghanggroup.com\/it\/wp-json\/wp\/v2\/product_brand?post=4771"},{"taxonomy":"product_cat","embeddable":true,"href":"https:\/\/minghanggroup.com\/it\/wp-json\/wp\/v2\/product_cat?post=4771"},{"taxonomy":"product_tag","embeddable":true,"href":"https:\/\/minghanggroup.com\/it\/wp-json\/wp\/v2\/product_tag?post=4771"}],"curies":[{"name":"wp","href":"https:\/\/api.w.org\/{rel}","templated":true}]}}