{"id":4761,"date":"2026-01-19T09:25:09","date_gmt":"2026-01-19T01:25:09","guid":{"rendered":"https:\/\/minghanggroup.com\/?post_type=product&#038;p=4761"},"modified":"2026-01-19T14:35:08","modified_gmt":"2026-01-19T06:35:08","slug":"empty-oil-diffuser-bottles-with-diamond-texture-bulk","status":"publish","type":"product","link":"https:\/\/minghanggroup.com\/it\/prodotto\/empty-oil-diffuser-bottles-with-diamond-texture-bulk\/","title":{"rendered":"Flaconi vuoti per diffusore di oli essenziali da 150 ml con texture a diamante, sfusi"},"content":{"rendered":"<p>Questo flacone per diffusore di oli essenziali \u00e8 un oggetto sottile e cilindrico, realizzato in vetro massiccio. La forma cilindrica \u00e8 allungata e presenta un delicato motivo a taglio diamante. Non \u00e8 solo una scatola, ma anche un grazioso elemento decorativo.<\/p>\n<h2>Caratteristiche del prodotto<\/h2>\n<ul>\n<li><strong>Corpo tagliato a diamante:<\/strong> Il taglio a corpo intero, fortemente intagliato, \u00e8 caratterizzato da un accattivante effetto di luci e ombre, con un effetto lussuoso.<\/li>\n<li><strong>Design a bocca larga:<\/strong> Il design a bocca larga aiuta ad aggiungere tutti gli oli necessari e consente di aggiungere i bastoncini diffusori e altri accessori senza compromettere la continuit\u00e0 stilistica.<\/li>\n<li><strong>Forma cilindrica sottile:<\/strong> La sottile forma cilindrica ha un aspetto snello e regale, \u00e8 molto stabile e si adatta facilmente ai diversi stili di arredamento della casa.<\/li>\n<\/ul>\n<h2 style=\"text-align: left;\">Specifiche chiave<\/h2>\n<table class=\"aligncenter\" style=\"border-collapse: collapse; width: 444.77pt;\" border=\"0\" width=\"593\" cellspacing=\"0\" cellpadding=\"0\">\n<tbody>\n<tr style=\"height: 13.50pt;\">\n<td style=\"height: 13.50pt; width: 119.25pt;\" width=\"159\" height=\"18\">Specifica<\/td>\n<td style=\"width: 325.50pt;\" width=\"434\">Dettagli<\/td>\n<\/tr>\n<tr style=\"height: 13.50pt;\">\n<td style=\"height: 13.50pt;\" height=\"18\">Capacit\u00e0<\/td>\n<td>150 ml<\/td>\n<\/tr>\n<tr style=\"height: 13.50pt;\">\n<td style=\"height: 13.50pt;\" height=\"18\">Dimensioni<\/td>\n<td>55\u00d7133mm<\/td>\n<\/tr>\n<tr style=\"height: 13.50pt;\">\n<td style=\"height: 13.50pt;\" height=\"18\">Diametro del collo interno\/esterno<\/td>\n<td>19 mm \/ 35 mm<\/td>\n<\/tr>\n<tr style=\"height: 13.50pt;\">\n<td style=\"height: 13.50pt;\" height=\"18\">Materiale<\/td>\n<td>Vetro di sodio Calc<\/td>\n<\/tr>\n<tr style=\"height: 13.50pt;\">\n<td style=\"height: 13.50pt;\" height=\"18\">Forma della bottiglia<\/td>\n<td>Cilindro alto con motivo a taglio diamante<\/td>\n<\/tr>\n<tr style=\"height: 13.50pt;\">\n<td style=\"height: 13.50pt;\" height=\"18\">Ambito di personalizzazione<\/td>\n<td>Forma, colore, disegno del modello di taglio, dettagli smerigliati<\/td>\n<\/tr>\n<tr style=\"height: 13.50pt;\">\n<td style=\"height: 13.50pt;\" height=\"18\">Artigianato<\/td>\n<td>Taglio\/molatura di precisione del vetro, finitura a bocca larga<\/td>\n<\/tr>\n<tr style=\"height: 13.50pt;\">\n<td style=\"height: 13.50pt;\" height=\"18\">Scopo del prodotto<\/td>\n<td>Flaconi per diffusori di oli, contenitori per oli profumati<\/td>\n<\/tr>\n<tr style=\"height: 13.50pt;\">\n<td style=\"height: 13.50pt;\" height=\"18\">Industrie adatte<\/td>\n<td>Profumi di lusso per la casa, hotel di lusso<\/td>\n<\/tr>\n<\/tbody>\n<\/table>\n<h2>Storia di successo: una nuova linea di un&#039;azienda europea di fragranze di alta qualit\u00e0<\/h2>\n<p>Un&#039;azienda europea di profumi ha lanciato una fragranza per la casa di alta qualit\u00e0. Ha scelto il flacone vuoto da 150 ml per diffusore a bastoncini e lo ha colorato in una tonalit\u00e0 verde smeraldo. Il design scintillante a taglio diamante aggiunge valore al prodotto, che si traduce in un premio del 70%. Il vetro cristallino \u00e8 la vetrina ideale per l&#039;olio essenziale colorato, il che porta a un miglioramento del 25% dei tassi di conversione online. Il marchio \u00e8 rimasto estremamente soddisfatto dell&#039;accoglienza del mercato e del volume di vendita e ha quindi ordinato altri 400.000 flaconi da distribuire in tutto il mondo.<\/p>\n<h2>Personalizzazione delle bottiglie del diffusore di oli<\/h2>\n<ul>\n<li>Colori e tonalit\u00e0 del vetro: disponibile in cristallo trasparente, color ambra intenso, blu cobalto o verde smeraldo.<\/li>\n<li>Varianti del modello: le varianti del modello includono anche il taglio a spina di pesce, a gradini e radiale.<\/li>\n<li>Dettagli del taglio satinato: le superfici tagliate sono satinate per mantenerle lucide e creare contrasto.<\/li>\n<li>Incisione laser: incidere al laser un piccolo logo o monogramma sul fondo non tagliato della bottiglia.<\/li>\n<\/ul>","protected":false},"excerpt":{"rendered":"<p>Diffusore di oli essenziali in bottiglia alta con superficie tagliata a diamante, progettato per progetti di ricarica e decorazioni moderne utilizzando gli stili delle bottiglie vuote per diffusori a bastoncini, prezzo all&#039;ingrosso.<\/p>","protected":false},"featured_media":4762,"template":"","meta":{"postBodyCss":"","postBodyMargin":[],"postBodyPadding":[],"postBodyBackground":{"backgroundType":"classic","gradient":""}},"product_brand":[],"product_cat":[15,16,63],"product_tag":[],"class_list":{"0":"post-4761","1":"product","2":"type-product","3":"status-publish","4":"has-post-thumbnail","6":"product_cat-glass-containers","7":"product_cat-glass-bottles","8":"product_cat-reed-diffuser-bottles","10":"first","11":"instock","12":"shipping-taxable","13":"product-type-simple"},"jetpack_sharing_enabled":true,"_links":{"self":[{"href":"https:\/\/minghanggroup.com\/it\/wp-json\/wp\/v2\/product\/4761","targetHints":{"allow":["GET"]}}],"collection":[{"href":"https:\/\/minghanggroup.com\/it\/wp-json\/wp\/v2\/product"}],"about":[{"href":"https:\/\/minghanggroup.com\/it\/wp-json\/wp\/v2\/types\/product"}],"wp:featuredmedia":[{"embeddable":true,"href":"https:\/\/minghanggroup.com\/it\/wp-json\/wp\/v2\/media\/4762"}],"wp:attachment":[{"href":"https:\/\/minghanggroup.com\/it\/wp-json\/wp\/v2\/media?parent=4761"}],"wp:term":[{"taxonomy":"product_brand","embeddable":true,"href":"https:\/\/minghanggroup.com\/it\/wp-json\/wp\/v2\/product_brand?post=4761"},{"taxonomy":"product_cat","embeddable":true,"href":"https:\/\/minghanggroup.com\/it\/wp-json\/wp\/v2\/product_cat?post=4761"},{"taxonomy":"product_tag","embeddable":true,"href":"https:\/\/minghanggroup.com\/it\/wp-json\/wp\/v2\/product_tag?post=4761"}],"curies":[{"name":"wp","href":"https:\/\/api.w.org\/{rel}","templated":true}]}}