{"id":4760,"date":"2026-01-19T11:04:36","date_gmt":"2026-01-19T03:04:36","guid":{"rendered":"https:\/\/minghanggroup.com\/?post_type=product&#038;p=4760"},"modified":"2026-01-19T11:04:37","modified_gmt":"2026-01-19T03:04:37","slug":"glass-reed-diffuser-jars-with-modern-vertical-texture-bulk","status":"publish","type":"product","link":"https:\/\/minghanggroup.com\/it\/prodotto\/glass-reed-diffuser-jars-with-modern-vertical-texture-bulk\/","title":{"rendered":"Diffusori di fragranza in vetro con bastoncini da 40 ml, 100 ml e 200 ml, con moderna texture verticale, sfusi"},"content":{"rendered":"<p>I vostri diffusori a bastoncini non dovrebbero solo contenere il profumo: dovrebbero anche far danzare la luce sul vostro tavolino. Come specialisti in flaconi decorativi per diffusori, realizziamo diffusori a bastoncini in vetro che trasformano il vostro diffusore di oli essenziali in un silenzioso elemento di spicco per la stanza.<\/p>\n<h2>Caratteristiche del prodotto<\/h2>\n<ul>\n<li><strong>Corpo in vetro a strisce verticali:<\/strong> La bottiglia \u00e8 progettata con strisce verticali che aiutano a rifrangere maggiormente la luce e conferiscono un effetto visivamente pi\u00f9 gradevole al liquido per aromaterapia.<\/li>\n<li><strong>Materiale in vetro ad alta trasparenza:<\/strong> Permette di vedere il colore e la quantit\u00e0 di liquido aromaterapico rimanente, facilitando l&#039;utilizzo del prodotto e la sua esposizione, oltre ad aumentarne il livello di qualit\u00e0.<\/li>\n<li><strong>Forma stabile della bottiglia verticale:<\/strong> La forma cilindrica \u00e8 perfettamente bilanciata con un fondo piatto, quindi \u00e8 meno probabile che si ribalti e rappresenta quindi una buona scelta per il posizionamento e l&#039;utilizzo a lungo termine.<\/li>\n<\/ul>\n<h2>Specifiche chiave<\/h2>\n<table style=\"border-collapse: collapse; width: 80%; margin-left: auto; margin-right: auto;\" border=\"0\" width=\"360\" cellspacing=\"0\" cellpadding=\"0\">\n<tbody>\n<tr style=\"height: 13.50pt;\">\n<td style=\"height: 13.5pt; width: 54pt; text-align: center;\" width=\"72\" height=\"18\">Dimensioni (ml)<\/td>\n<td style=\"width: 54pt; text-align: center;\" width=\"72\">Dimensioni (mm)<\/td>\n<td style=\"width: 54pt; text-align: center;\" width=\"72\">Tipo di collo<\/td>\n<td style=\"width: 54pt; text-align: center;\" width=\"72\">Caratteristica<\/td>\n<td style=\"width: 54pt; text-align: center;\" width=\"72\">Forma<\/td>\n<\/tr>\n<tr style=\"height: 13.50pt;\">\n<td style=\"height: 13.5pt; text-align: center;\" align=\"right\" height=\"18\">40<\/td>\n<td style=\"text-align: center;\">57 \u00d7 60<\/td>\n<td class=\"et2\" style=\"text-align: center;\" rowspan=\"3\">A scatto<\/td>\n<td class=\"et2\" style=\"text-align: center;\" rowspan=\"3\">Strisce verticali<\/td>\n<td class=\"et2\" style=\"text-align: center;\" rowspan=\"3\">Cilindrico<\/td>\n<\/tr>\n<tr style=\"height: 13.50pt;\">\n<td style=\"height: 13.5pt; text-align: center;\" align=\"right\" height=\"18\">100<\/td>\n<td style=\"text-align: center;\">69 \u00d7 80<\/td>\n<\/tr>\n<tr style=\"height: 13.50pt;\">\n<td style=\"height: 13.5pt; text-align: center;\" align=\"right\" height=\"18\">200<\/td>\n<td style=\"text-align: center;\">78 \u00d7 116<\/td>\n<\/tr>\n<\/tbody>\n<\/table>\n<h2>Caso di successo<\/h2>\n<p>L&#039;azienda di fragranze per la casa aveva bisogno di un flacone diffusore che non solo valorizzasse l&#039;aspetto dei suoi prodotti, ma che lo rendesse anche un marchio moderno e di alta qualit\u00e0. Per il lancio della sua nuova linea di fragranze, il marchio ha scelto il nostro flacone diffusore di aromi in vetro con righe verticali, personalizzandolo anche in altri aspetti: il marchio ha stampato un delicato logo sulla spalla del flacone e ha creato un motivo a linee che collegava visivamente il motivo alla texture del flacone.<\/p>\n<p>Il prodotto \u00e8 stato reso pi\u00f9 stabile durante il trasporto grazie alla bottiglia di vetro pi\u00f9 spessa, riducendo cos\u00ec il tasso di rottura del 35 percento e l&#039;aumento del 38 percento delle vendite nel primo trimestre \u00e8 stato direttamente associato a questo, insieme agli ordini all&#039;ingrosso che sono rimasti costanti nei trimestri successivi.<\/p>\n<h2>Le tue opzioni di personalizzazione<\/h2>\n<ol>\n<li><strong>Rivestimento colorato sfumato o interno:<\/strong> \u00c8 possibile applicare una sfumatura di colore molto chiara o una spruzzata di colore all&#039;interno (ad esempio, dal grigio fum\u00e9 al trasparente) e tuttavia far sembrare il vetro esterno lucido e lussuoso.<\/li>\n<li><strong>Marchio sul collo in rilievo o in rilievo:<\/strong> \u00c8 possibile stampare in rilievo o a secco un piccolo logo, un simbolo o un testo del marchio attorno al collo o alla base per aumentare la notoriet\u00e0 del marchio senza occupare spazio sull&#039;etichetta.<\/li>\n<li><strong>Set di personalizzazione Reed:<\/strong> \u00c8 possibile personalizzare la bottiglia aggiungendo bastoncini colorati, bastoncini a spirale o bastoncini in fibra ornamentale, che creano un aspetto uniforme per l&#039;intero set di diffusori.<\/li>\n<\/ol>","protected":false},"excerpt":{"rendered":"<p>Flaconi decorativi per diffusori di fragranza dalla raffinata trasparenza. Fornitura diretta dalla fabbrica di diffusori a bastoncini, campioni gratuiti e personalizzazione all&#039;ingrosso disponibili. Spedizione rapida.<\/p>","protected":false},"featured_media":4770,"template":"","meta":{"postBodyCss":"","postBodyMargin":[],"postBodyPadding":[],"postBodyBackground":{"backgroundType":"classic","gradient":""}},"product_brand":[],"product_cat":[15,63],"product_tag":[],"class_list":{"0":"post-4760","1":"product","2":"type-product","3":"status-publish","4":"has-post-thumbnail","6":"product_cat-glass-containers","7":"product_cat-reed-diffuser-bottles","9":"first","10":"instock","11":"shipping-taxable","12":"product-type-simple"},"jetpack_sharing_enabled":true,"_links":{"self":[{"href":"https:\/\/minghanggroup.com\/it\/wp-json\/wp\/v2\/product\/4760","targetHints":{"allow":["GET"]}}],"collection":[{"href":"https:\/\/minghanggroup.com\/it\/wp-json\/wp\/v2\/product"}],"about":[{"href":"https:\/\/minghanggroup.com\/it\/wp-json\/wp\/v2\/types\/product"}],"wp:featuredmedia":[{"embeddable":true,"href":"https:\/\/minghanggroup.com\/it\/wp-json\/wp\/v2\/media\/4770"}],"wp:attachment":[{"href":"https:\/\/minghanggroup.com\/it\/wp-json\/wp\/v2\/media?parent=4760"}],"wp:term":[{"taxonomy":"product_brand","embeddable":true,"href":"https:\/\/minghanggroup.com\/it\/wp-json\/wp\/v2\/product_brand?post=4760"},{"taxonomy":"product_cat","embeddable":true,"href":"https:\/\/minghanggroup.com\/it\/wp-json\/wp\/v2\/product_cat?post=4760"},{"taxonomy":"product_tag","embeddable":true,"href":"https:\/\/minghanggroup.com\/it\/wp-json\/wp\/v2\/product_tag?post=4760"}],"curies":[{"name":"wp","href":"https:\/\/api.w.org\/{rel}","templated":true}]}}