{"id":4753,"date":"2026-01-16T15:56:03","date_gmt":"2026-01-16T07:56:03","guid":{"rendered":"https:\/\/minghanggroup.com\/?post_type=product&#038;p=4753"},"modified":"2026-01-16T16:44:48","modified_gmt":"2026-01-16T08:44:48","slug":"round-empty-clear-diffuser-bottle-wholesale","status":"publish","type":"product","link":"https:\/\/minghanggroup.com\/it\/prodotto\/round-empty-clear-diffuser-bottle-wholesale\/","title":{"rendered":"Flacone diffusore vuoto rotondo trasparente da 130 ml all&#039;ingrosso"},"content":{"rendered":"<p>Questo flacone diffusore trasparente ha un design esclusivo. \u00c8 realizzato in vetro sodico-calcico e ha un corpo arrotondato e a forma di ciotola, perfetto per la vendita all&#039;ingrosso di flaconi vuoti per aromaterapia.<\/p>\n<h2>Caratteristiche del prodotto<\/h2>\n<ul>\n<li><strong>Vetro a piena trasparenza:<\/strong> Il vetro completamente trasparente esalta i colori degli oli essenziali. La luce attraversa il corpo curvo creando un effetto caldo e brillante, che arricchisce ulteriormente l&#039;opera d&#039;arte.<\/li>\n<li><strong>Capacit\u00e0 130 ml:<\/strong> Il formato da 130 ml \u00e8 perfetto per una diffusione duratura e duratura della fragranza, efficace nella maggior parte degli spazi abitativi.<\/li>\n<li><strong>Corpo piatto e arrotondato: <\/strong>Il corpo a forma di ciotola \u00e8 morbido e piatto, il che conferisce un tocco di eleganza e calore, eliminando gli spigoli vivi. Anche i contorni sono arrotondati, rendendo la presa pi\u00f9 facile.<\/li>\n<\/ul>\n<h2 style=\"text-align: left;\">Specifiche chiave<\/h2>\n<table class=\"aligncenter\" style=\"border-collapse: collapse; width: 430.52pt;\" border=\"0\" width=\"574\" cellspacing=\"0\" cellpadding=\"0\">\n<tbody>\n<tr style=\"height: 13.50pt;\">\n<td style=\"height: 13.50pt; width: 146.25pt;\" width=\"195\" height=\"18\">Specifica<\/td>\n<td style=\"width: 284.25pt;\" width=\"379\">Dettagli<\/td>\n<\/tr>\n<tr style=\"height: 13.50pt;\">\n<td style=\"height: 13.50pt;\" height=\"18\">Capacit\u00e0<\/td>\n<td>130 ml<\/td>\n<\/tr>\n<tr style=\"height: 13.50pt;\">\n<td style=\"height: 13.50pt;\" height=\"18\">Dimensioni<\/td>\n<td>87\u00d760mm<\/td>\n<\/tr>\n<tr style=\"height: 13.50pt;\">\n<td style=\"height: 13.50pt;\" height=\"18\">Diametro del collo interno\/esterno<\/td>\n<td>18 mm \/ 34 mm<\/td>\n<\/tr>\n<tr style=\"height: 13.50pt;\">\n<td style=\"height: 13.50pt;\" height=\"18\">Materiale<\/td>\n<td>Vetro sodico-calcico<\/td>\n<\/tr>\n<tr style=\"height: 13.50pt;\">\n<td style=\"height: 13.50pt;\" height=\"18\">Forma della bottiglia<\/td>\n<td>Ciotola\/piatto poco profondo con base strutturata<\/td>\n<\/tr>\n<tr style=\"height: 13.50pt;\">\n<td style=\"height: 13.50pt;\" height=\"18\">Ambito di personalizzazione<\/td>\n<td>Colore, motivo della trama di base, dimensione, forma<\/td>\n<\/tr>\n<tr style=\"height: 13.50pt;\">\n<td style=\"height: 13.50pt;\" height=\"18\">Artigianato<\/td>\n<td>Pressatura del vetro per la forma della ciotola, formatura della filettatura<\/td>\n<\/tr>\n<tr style=\"height: 13.50pt;\">\n<td style=\"height: 13.50pt;\" height=\"18\">Scopo del prodotto<\/td>\n<td>Bottiglie diffusori trasparenti, contenitori decorativi per oli<\/td>\n<\/tr>\n<tr style=\"height: 13.50pt;\">\n<td style=\"height: 13.50pt;\" height=\"18\">Industrie adatte<\/td>\n<td>Marchi di fragranze per la casa, rivenditori di articoli da regalo<\/td>\n<\/tr>\n<\/tbody>\n<\/table>\n<h2>Storia di successo: un prodotto esclusivo di una catena di centri benessere e spa<\/h2>\n<p>Una delle catene nazionali di spa e centri benessere ha acquistato in grandi quantit\u00e0 i nostri flaconi trasparenti da 130 ml di aromaterapia per utilizzarli nel loro progetto di vendita all&#039;ingrosso di flaconi vuoti per aromaterapia. La loro delicata struttura a forma di ciotola \u00e8 una splendida aggiunta alla loro estetica rilassante e sta rapidamente diventando un bestseller, contribuendo al 30% delle loro vendite online. Anche le loro sale per la terapia sono perfette, con la capacit\u00e0 di 130 ml. Il feedback dei clienti e la facilit\u00e0 d&#039;uso della catena sono stati cos\u00ec entusiastici che hanno ordinato altre 600.000 flaconi per garantire ai loro negozi il fabbisogno di flaconi per anni.<\/p>\n<h2>Personalizzazione all&#039;ingrosso di bottiglie di diffusore vuote<\/h2>\n<ul>\n<li>Colore e trasparenza del vetro: \u00e8 disponibile in vetro trasparente, bianco opaco (opale), semitrasparente o azzurro chiaro o lavanda.<\/li>\n<li>Finitura satinata: finitura completamente satinata per rendere la consistenza del vetro morbida ed eterea, con una texture bianco latte.<\/li>\n<li>Incisione laser: sulla base della ciotola possono essere incisi semplici disegni circolari o nomi di marchi.<\/li>\n<li>Decorazione in vetro colorato Il vetro colorato pu\u00f2 essere applicato attorno all&#039;anello inferiore o all&#039;interno della ciotola.<\/li>\n<\/ul>","protected":false},"excerpt":{"rendered":"<p>Flacone diffusore rotondo e trasparente a forma di ciotola, in vetro sodico-calcico. Ideale per i marchi di fragranze per la casa che cercano flaconi diffusori vuoti all&#039;ingrosso, direttamente dalla fabbrica.<\/p>","protected":false},"featured_media":4754,"template":"","meta":{"postBodyCss":"","postBodyMargin":[],"postBodyPadding":[],"postBodyBackground":{"backgroundType":"classic","gradient":""}},"product_brand":[],"product_cat":[15,16,63],"product_tag":[],"class_list":{"0":"post-4753","1":"product","2":"type-product","3":"status-publish","4":"has-post-thumbnail","6":"product_cat-glass-containers","7":"product_cat-glass-bottles","8":"product_cat-reed-diffuser-bottles","10":"first","11":"instock","12":"shipping-taxable","13":"product-type-simple"},"jetpack_sharing_enabled":true,"_links":{"self":[{"href":"https:\/\/minghanggroup.com\/it\/wp-json\/wp\/v2\/product\/4753","targetHints":{"allow":["GET"]}}],"collection":[{"href":"https:\/\/minghanggroup.com\/it\/wp-json\/wp\/v2\/product"}],"about":[{"href":"https:\/\/minghanggroup.com\/it\/wp-json\/wp\/v2\/types\/product"}],"wp:featuredmedia":[{"embeddable":true,"href":"https:\/\/minghanggroup.com\/it\/wp-json\/wp\/v2\/media\/4754"}],"wp:attachment":[{"href":"https:\/\/minghanggroup.com\/it\/wp-json\/wp\/v2\/media?parent=4753"}],"wp:term":[{"taxonomy":"product_brand","embeddable":true,"href":"https:\/\/minghanggroup.com\/it\/wp-json\/wp\/v2\/product_brand?post=4753"},{"taxonomy":"product_cat","embeddable":true,"href":"https:\/\/minghanggroup.com\/it\/wp-json\/wp\/v2\/product_cat?post=4753"},{"taxonomy":"product_tag","embeddable":true,"href":"https:\/\/minghanggroup.com\/it\/wp-json\/wp\/v2\/product_tag?post=4753"}],"curies":[{"name":"wp","href":"https:\/\/api.w.org\/{rel}","templated":true}]}}