{"id":4717,"date":"2026-01-16T11:58:39","date_gmt":"2026-01-16T03:58:39","guid":{"rendered":"https:\/\/minghanggroup.com\/?post_type=product&#038;p=4717"},"modified":"2026-01-16T16:54:11","modified_gmt":"2026-01-16T08:54:11","slug":"geometric-conical-reed-diffuser-bottles-empty-design-bulk","status":"publish","type":"product","link":"https:\/\/minghanggroup.com\/it\/prodotto\/geometric-conical-reed-diffuser-bottles-empty-design-bulk\/","title":{"rendered":"Flaconi per diffusore di profumo conici geometrici da 100 ml, design vuoto sfuso"},"content":{"rendered":"<p>I vostri diffusori di fragranze a bastoncini vuoti non dovrebbero solo contenere il profumo: dovrebbero anche far sentire il vostro spazio come un santuario. Come specialisti in diffusori di fragranze, realizziamo diffusori a bastoncini in vetro che trasformano il vostro diffusore di oli essenziali nel battito silenzioso di una stanza.<\/p>\n<h2>Caratteristiche del prodotto<\/h2>\n<ul>\n<li><strong>Forma del cono architettonico: <\/strong>Geometria moderna, un grande impatto visivo immediato per la profumazione della tua casa.<\/li>\n<li><strong>Collo a vite sicuro: <\/strong>Basta posizionare i bastoncini rotondi o i diffusori in modo dritto, senza oscillazioni e senza perdite.<\/li>\n<li><strong>Flusso Reed ottimizzato: <\/strong>La forma conica orienta naturalmente i bastoncini di rattan per una diffusione pi\u00f9 rapida e uniforme della fragranza. Non vedrai pi\u00f9 punti deboli.<\/li>\n<\/ul>\n<h2>Specifiche chiave<\/h2>\n<table style=\"border-collapse: collapse; width: 80%; margin-left: auto; margin-right: auto;\" border=\"0\" width=\"288\" cellspacing=\"0\" cellpadding=\"0\">\n<tbody>\n<tr style=\"height: 13.50pt;\">\n<td style=\"height: 13.5pt; width: 54pt; text-align: center;\" width=\"72\" height=\"18\">Misurare<\/td>\n<td style=\"width: 54pt; text-align: center;\" width=\"72\">Dimensioni (mm)<\/td>\n<td style=\"width: 54pt; text-align: center;\" width=\"72\">Diametro del collo<\/td>\n<td style=\"width: 54pt; text-align: center;\" width=\"72\">Forma<\/td>\n<\/tr>\n<tr style=\"height: 13.50pt;\">\n<td style=\"height: 13.5pt; text-align: center;\" height=\"18\">120 ml<\/td>\n<td style=\"text-align: center;\">93 \u00d7 80<\/td>\n<td style=\"text-align: center;\">18\/27 mm<\/td>\n<td style=\"text-align: center;\">Conico<\/td>\n<\/tr>\n<\/tbody>\n<\/table>\n<h2>Caso di successo<\/h2>\n<p>Un marchio di fragranze nordico incentrato su uno stile di vita minimalista ha deciso di utilizzare questo flacone di vetro da 100 ml come packaging per la sua collezione estiva limitata. L&#039;azienda ha scelto un esclusivo trattamento di rivestimento traslucido per riprodurre fedelmente i colori distintivi del marchio, il rosa fum\u00e9 e il verde bosco. Inoltre, il marchio ha abbinato i flaconi a bastoncini diffusori in fibra naturale realizzati su misura, con lunghezza e colore personalizzati, in perfetta sintonia con l&#039;identit\u00e0 visiva del marchio.<\/p>\n<p>Le vendite della prima stagione della linea di prodotti sono aumentate drasticamente del 60%. Una reazione del mercato cos\u00ec forte ha spinto l&#039;azienda ad acquistare 150.000 unit\u00e0 e a lanciarla ufficialmente a livello globale come linea di prodotti permanente.<\/p>\n<h2>Le tue opzioni di personalizzazione<\/h2>\n<ol>\n<li><strong>Personalizzazione del materiale e del rivestimento colorato della bottiglia:<\/strong> Le opzioni potrebbero essere satinate, spruzzate a gradiente o con finitura opaca traslucida, che aiuter\u00e0 la luce a essere rifratta in modo pi\u00f9 morbido nel corpo conico della bottiglia e conferir\u00e0 inoltre maggiore profondit\u00e0 visiva.<\/li>\n<li><strong>Tecniche di identificazione del marchio (logo branding):<\/strong> Grazie alla stabilit\u00e0 garantita dalla base ispessita, \u00e8 possibile utilizzare incisioni laser, serigrafie, serigrafie o decalcomanie ad alta temperatura sul lato o sul fondo della bottiglia, trasformando il logo del marchio in un&#039;icona visiva di classe.<\/li>\n<li><strong>Opzioni diversificate per il diffusore medio:<\/strong> \u00c8 possibile scegliere il materiale e il colore dei bastoncini diffusori in linea con lo stile del marchio, ad esempio utilizzando bastoncini in fibra naturale ecocompatibili o fiori di legno di sola fatti a mano, seguendo cos\u00ec le tendenze del mercato in materia di sostenibilit\u00e0 o temi botanici.<\/li>\n<\/ol>","protected":false},"excerpt":{"rendered":"<p>Eleganti flaconi conici per diffusore di fragranze con base appesantita. Questo diffusore e flacone con bastoncini supporta la personalizzazione in grandi quantit\u00e0 e la spedizione rapida. Richiedi informazioni oggi stesso!<\/p>","protected":false},"featured_media":4727,"template":"","meta":{"postBodyCss":"","postBodyMargin":[],"postBodyPadding":[],"postBodyBackground":{"backgroundType":"classic","gradient":""}},"product_brand":[],"product_cat":[15,16,63],"product_tag":[],"class_list":{"0":"post-4717","1":"product","2":"type-product","3":"status-publish","4":"has-post-thumbnail","6":"product_cat-glass-containers","7":"product_cat-glass-bottles","8":"product_cat-reed-diffuser-bottles","10":"first","11":"instock","12":"shipping-taxable","13":"product-type-simple"},"jetpack_sharing_enabled":true,"_links":{"self":[{"href":"https:\/\/minghanggroup.com\/it\/wp-json\/wp\/v2\/product\/4717","targetHints":{"allow":["GET"]}}],"collection":[{"href":"https:\/\/minghanggroup.com\/it\/wp-json\/wp\/v2\/product"}],"about":[{"href":"https:\/\/minghanggroup.com\/it\/wp-json\/wp\/v2\/types\/product"}],"wp:featuredmedia":[{"embeddable":true,"href":"https:\/\/minghanggroup.com\/it\/wp-json\/wp\/v2\/media\/4727"}],"wp:attachment":[{"href":"https:\/\/minghanggroup.com\/it\/wp-json\/wp\/v2\/media?parent=4717"}],"wp:term":[{"taxonomy":"product_brand","embeddable":true,"href":"https:\/\/minghanggroup.com\/it\/wp-json\/wp\/v2\/product_brand?post=4717"},{"taxonomy":"product_cat","embeddable":true,"href":"https:\/\/minghanggroup.com\/it\/wp-json\/wp\/v2\/product_cat?post=4717"},{"taxonomy":"product_tag","embeddable":true,"href":"https:\/\/minghanggroup.com\/it\/wp-json\/wp\/v2\/product_tag?post=4717"}],"curies":[{"name":"wp","href":"https:\/\/api.w.org\/{rel}","templated":true}]}}