{"id":4710,"date":"2026-01-16T09:08:33","date_gmt":"2026-01-16T01:08:33","guid":{"rendered":"https:\/\/minghanggroup.com\/?post_type=product&#038;p=4710"},"modified":"2026-01-16T11:10:47","modified_gmt":"2026-01-16T03:10:47","slug":"unique-reed-diffuser-bottles-with-petal-form-bulk","status":"publish","type":"product","link":"https:\/\/minghanggroup.com\/it\/prodotto\/unique-reed-diffuser-bottles-with-petal-form-bulk\/","title":{"rendered":"Flaconi di diffusore di profumo a bastoncini unici da 200 ml con forma a petalo, sfusi"},"content":{"rendered":"<p>Questi esclusivi flaconi per diffusore di fragranza a bastoncini sono realizzati in vetro sodico-calcico trasparente. La loro forma a petali multistrato conferisce un tocco fresco e vivace e ricorda un fiore in fiore.<\/p>\n<h2>Caratteristiche del prodotto<\/h2>\n<ul>\n<li><strong>Design a petalo multisfaccettato:<\/strong> Il design multiforme dei petali \u00e8 realizzato con morbide linee geometriche che conferiscono un nuovo look e arricchiscono l&#039;attrattiva visiva della bottiglia.<\/li>\n<li><strong>Vetro sodico-calcico resistente:<\/strong> Il materiale in vetro utilizzato \u00e8 durevole e manterr\u00e0 il design raffinato del prodotto nel tempo, offrendo una sensazione di solidit\u00e0 e stabilit\u00e0.<\/li>\n<li><strong>Riflessione della luce multiforme:<\/strong> Il design smussato \u00e8 liscio e cattura la luce, il che garantisce che la bottiglia brilli anche quando \u00e8 vuota e conferisce un tocco decorativo.<\/li>\n<\/ul>\n<h2 style=\"text-align: left;\">Specifiche chiave<\/h2>\n<table class=\"aligncenter\" style=\"border-collapse: collapse; width: 444.77pt;\" border=\"0\" width=\"593\" cellspacing=\"0\" cellpadding=\"0\">\n<tbody>\n<tr style=\"height: 13.50pt;\">\n<td style=\"height: 13.50pt; width: 119.25pt;\" width=\"159\" height=\"18\">Specifica<\/td>\n<td style=\"width: 325.50pt;\" width=\"434\">Dettagli<\/td>\n<\/tr>\n<tr style=\"height: 13.50pt;\">\n<td style=\"height: 13.50pt;\" height=\"18\">Capacit\u00e0<\/td>\n<td>200 ml<\/td>\n<\/tr>\n<tr style=\"height: 13.50pt;\">\n<td style=\"height: 13.50pt;\" height=\"18\">Dimensioni<\/td>\n<td>73\u00d792mm<\/td>\n<\/tr>\n<tr style=\"height: 13.50pt;\">\n<td style=\"height: 13.50pt;\" height=\"18\">Diametro del collo interno\/esterno<\/td>\n<td>17 mm \/ 27 mm<\/td>\n<\/tr>\n<tr style=\"height: 13.50pt;\">\n<td style=\"height: 13.50pt;\" height=\"18\">Materiale<\/td>\n<td>Vetro sodico-calcico<\/td>\n<\/tr>\n<tr style=\"height: 13.50pt;\">\n<td style=\"height: 13.50pt;\" height=\"18\">Forma della bottiglia<\/td>\n<td>Forma di petalo multiforme<\/td>\n<\/tr>\n<tr style=\"height: 13.50pt;\">\n<td style=\"height: 13.50pt;\" height=\"18\">Ambito di personalizzazione<\/td>\n<td>Colore, design delle sfaccettature, dimensioni<\/td>\n<\/tr>\n<tr style=\"height: 13.50pt;\">\n<td style=\"height: 13.50pt;\" height=\"18\">Artigianato<\/td>\n<td>Modanatura in vetro multipannello, lavori di cucitura di precisione<\/td>\n<\/tr>\n<tr style=\"height: 13.50pt;\">\n<td style=\"height: 13.50pt;\" height=\"18\">Scopo del prodotto<\/td>\n<td>Bottiglie diffusori in vetro, bottiglie diffusori decorative con bastoncini<\/td>\n<\/tr>\n<tr style=\"height: 13.50pt;\">\n<td style=\"height: 13.50pt;\" height=\"18\">Industrie adatte<\/td>\n<td>Marchi di arredamento, fioristi e lifestyle di boutique<\/td>\n<\/tr>\n<\/tbody>\n<\/table>\n<h2>Storia di successo: marchio di fioristi e arredamento per la casa e prodotto bestseller<\/h2>\n<p>Il nostro flacone diffusore in vetro da 200 ml \u00e8 stato scelto da un marchio europeo di fragranze per la casa per confezionare i propri prodotti. La forma a petalo ha riscosso un successo immediato, perfetto per il tema floreale del marchio, e ha portato a un aumento del 150% delle interazioni online. Il suo design distintivo ha inoltre garantito un&#039;eccellente riconoscibilit\u00e0 del marchio sugli scaffali dei negozi, con un aumento delle vendite del 75%. Le performance di vendita e l&#039;integrazione ideale con il marchio sono state cos\u00ec soddisfacenti per l&#039;azienda che ha effettuato un altro ordine di 200.000 flaconi per la sua linea di prodotti principale.<\/p>\n<h2>Personalizzazione unica delle bottiglie di diffusore di profumo<\/h2>\n<ul>\n<li>Colori del vetro: sono disponibili in trasparente, rosa tenue, verde chiaro o ambra, per richiamare i colori dei fiori.<\/li>\n<li>Variazioni del modello di sfaccettatura: aggiungere o rimuovere un certo numero di petali, oppure modificarne la forma.<\/li>\n<li>Pannelli decorativi colorati: nel caso del vetro bicolore, solo una sezione del pannello di petali \u00e8 colorata.<\/li>\n<li>Incisione laser: sui pannelli dei petali vengono disegnati anche motivi testurizzati per rafforzare il tema botanico.<\/li>\n<\/ul>","protected":false},"excerpt":{"rendered":"<p>Caratterizzati da una forma sfaccettata floreale, questi esclusivi flaconi diffusori a bastoncini rappresentano un&#039;opzione di diffusore in vetro di alta qualit\u00e0 con supporto OEM per esigenze di branding personalizzato.<\/p>","protected":false},"featured_media":4715,"template":"","meta":{"postBodyCss":"","postBodyMargin":[],"postBodyPadding":[],"postBodyBackground":{"backgroundType":"classic","gradient":""}},"product_brand":[],"product_cat":[15,16,63],"product_tag":[],"class_list":{"0":"post-4710","1":"product","2":"type-product","3":"status-publish","4":"has-post-thumbnail","6":"product_cat-glass-containers","7":"product_cat-glass-bottles","8":"product_cat-reed-diffuser-bottles","10":"first","11":"instock","12":"shipping-taxable","13":"product-type-simple"},"jetpack_sharing_enabled":true,"_links":{"self":[{"href":"https:\/\/minghanggroup.com\/it\/wp-json\/wp\/v2\/product\/4710","targetHints":{"allow":["GET"]}}],"collection":[{"href":"https:\/\/minghanggroup.com\/it\/wp-json\/wp\/v2\/product"}],"about":[{"href":"https:\/\/minghanggroup.com\/it\/wp-json\/wp\/v2\/types\/product"}],"wp:featuredmedia":[{"embeddable":true,"href":"https:\/\/minghanggroup.com\/it\/wp-json\/wp\/v2\/media\/4715"}],"wp:attachment":[{"href":"https:\/\/minghanggroup.com\/it\/wp-json\/wp\/v2\/media?parent=4710"}],"wp:term":[{"taxonomy":"product_brand","embeddable":true,"href":"https:\/\/minghanggroup.com\/it\/wp-json\/wp\/v2\/product_brand?post=4710"},{"taxonomy":"product_cat","embeddable":true,"href":"https:\/\/minghanggroup.com\/it\/wp-json\/wp\/v2\/product_cat?post=4710"},{"taxonomy":"product_tag","embeddable":true,"href":"https:\/\/minghanggroup.com\/it\/wp-json\/wp\/v2\/product_tag?post=4710"}],"curies":[{"name":"wp","href":"https:\/\/api.w.org\/{rel}","templated":true}]}}