{"id":4694,"date":"2026-01-15T14:34:20","date_gmt":"2026-01-15T06:34:20","guid":{"rendered":"https:\/\/minghanggroup.com\/?post_type=product&#038;p=4694"},"modified":"2026-01-15T15:27:51","modified_gmt":"2026-01-15T07:27:51","slug":"empty-diffuser-glass-bottles-with-embossed-wholesale","status":"publish","type":"product","link":"https:\/\/minghanggroup.com\/it\/prodotto\/empty-diffuser-glass-bottles-with-embossed-wholesale\/","title":{"rendered":"Flaconi di vetro per diffusore vuoti da 200 ml con stampa in rilievo all&#039;ingrosso"},"content":{"rendered":"<p>Questo flacone diffusore \u00e8 realizzato in vetro pesante e cristallino, con una caratteristica forma sferica piatta e arrotondata, impreziosita da raffinate decorazioni a rilievo a diamante e a motivi floreali. La sua eleganza \u00e8 ulteriormente sottolineata dal collo sottile.<\/p>\n<h2>Caratteristiche del prodotto<\/h2>\n<ul>\n<li><strong>Texture in rilievo:<\/strong> Il design in rilievo \u00e8 creato su una forma tridimensionale con l&#039;aggiunta di motivi floreali e a diamante per aumentarne la sensazione di lusso vintage e la presa.<\/li>\n<li><strong>Collo sottile + base decorativa:<\/strong> Un collo sottile permette di applicare facilmente i tappi a vite\/accessori del diffusore, e una base elegante rende la bottiglia stabile. Sono due aspetti completamente opposti tra loro in termini di praticit\u00e0 ed estetica.<\/li>\n<li><strong>Materiale in vetro spesso:<\/strong> Il vetro sodico-calcico spesso \u00e8 di alta qualit\u00e0, ha un tocco di alta qualit\u00e0 e dura a lungo.<\/li>\n<\/ul>\n<h2 style=\"text-align: left;\">Specifiche chiave<\/h2>\n<table class=\"aligncenter\" style=\"border-collapse: collapse; width: 485.27pt;\" border=\"0\" width=\"647\" cellspacing=\"0\" cellpadding=\"0\">\n<tbody>\n<tr style=\"height: 13.50pt;\">\n<td style=\"height: 13.50pt; width: 155.25pt;\" width=\"207\" height=\"18\">Specifica<\/td>\n<td style=\"width: 330.00pt;\" width=\"440\">Dettagli<\/td>\n<\/tr>\n<tr style=\"height: 13.50pt;\">\n<td style=\"height: 13.50pt;\" height=\"18\">Capacit\u00e0<\/td>\n<td>200 ml<\/td>\n<\/tr>\n<tr style=\"height: 13.50pt;\">\n<td style=\"height: 13.50pt;\" height=\"18\">Dimensioni<\/td>\n<td>87\u00d7109 mm<\/td>\n<\/tr>\n<tr style=\"height: 13.50pt;\">\n<td style=\"height: 13.50pt;\" height=\"18\">Diametro del collo interno\/esterno<\/td>\n<td>18 mm \/ 27 mm<\/td>\n<\/tr>\n<tr style=\"height: 13.50pt;\">\n<td style=\"height: 13.50pt;\" height=\"18\">Materiale<\/td>\n<td>Vetro sodico-calcico<\/td>\n<\/tr>\n<tr style=\"height: 13.50pt;\">\n<td style=\"height: 13.50pt;\" height=\"18\">Forma della bottiglia<\/td>\n<td>Sfera oblata con base a piedistallo<\/td>\n<\/tr>\n<tr style=\"height: 13.50pt;\">\n<td style=\"height: 13.50pt;\" height=\"18\">Ambito di personalizzazione<\/td>\n<td>Colore, dettagli del motivo, finitura (colorati, accenti satinati)<\/td>\n<\/tr>\n<tr style=\"height: 13.50pt;\">\n<td style=\"height: 13.50pt;\" height=\"18\">Artigianato<\/td>\n<td>Stampaggio\/stampaggio di modelli complessi, formatura di basi di piedistalli<\/td>\n<\/tr>\n<tr style=\"height: 13.50pt;\">\n<td style=\"height: 13.50pt;\" height=\"18\">Scopo del prodotto<\/td>\n<td>Diffusori all&#039;ingrosso, bottiglie diffusori in vetro<\/td>\n<\/tr>\n<tr style=\"height: 13.50pt;\">\n<td style=\"height: 13.50pt;\" height=\"18\">Industrie adatte<\/td>\n<td>Profumi di lusso per la casa, prodotti da bagno per hotel e spa<\/td>\n<\/tr>\n<\/tbody>\n<\/table>\n<h2>Storia di successo: collezione esclusiva presso il fornitore europeo di hotel di lusso<\/h2>\n<p>Il nostro flacone in vetro per diffusore da 200 ml \u00e8 stato ordinato da uno degli hotel europei a cinque stelle con un diffusore e una finitura in vetro bianco latte su misura. Il brillante design trapuntato a rombi offre inoltre una perfetta impugnatura antiscivolo, prevenendo cos\u00ec le cadute accidentali al 99%. La capacit\u00e0 di 200 ml consentir\u00e0 inoltre di risparmiare il 25% sui costi operativi riducendo al minimo il numero di ricariche. Un aspetto cos\u00ec lussuoso ha inoltre generato il 200% di richieste da parte dei clienti per il flacone in vetro del diffusore stesso. Ci\u00f2 ha impressionato positivamente il fornitore, che ha ordinato un&#039;altra fornitura di 350.000 flaconi con un contratto pluriennale.<\/p>\n<h2>Opzioni di personalizzazione all&#039;ingrosso per contenitori diffusori<\/h2>\n<ul>\n<li>Alternanze di motivi: personalizza i motivi a rombi o floreali in base allo stemma o agli emblemi floreali del marchio.<\/li>\n<li>Decorazioni in vetro colorato: si usa il vetro bicolore, solitamente con corpo trasparente e fondo colorato.<\/li>\n<li>Logo in rilievo: inserisci un piccolo logo in rilievo nel disegno decorativo.<\/li>\n<li>Finitura di base metallica: applicare una vernice di base dorata, argentata o bronzea.<\/li>\n<\/ul>","protected":false},"excerpt":{"rendered":"<p>Classico flacone diffusore in vetro con stampa floreale e base stabile, vasi diffusori artistici all&#039;ingrosso adatti a concetti di arredamento di lusso, campioni gratuiti.<\/p>","protected":false},"featured_media":4697,"template":"","meta":{"postBodyCss":"","postBodyMargin":[],"postBodyPadding":[],"postBodyBackground":{"backgroundType":"classic","gradient":""}},"product_brand":[],"product_cat":[15,16,63],"product_tag":[],"class_list":{"0":"post-4694","1":"product","2":"type-product","3":"status-publish","4":"has-post-thumbnail","6":"product_cat-glass-containers","7":"product_cat-glass-bottles","8":"product_cat-reed-diffuser-bottles","10":"first","11":"instock","12":"shipping-taxable","13":"product-type-simple"},"jetpack_sharing_enabled":true,"_links":{"self":[{"href":"https:\/\/minghanggroup.com\/it\/wp-json\/wp\/v2\/product\/4694","targetHints":{"allow":["GET"]}}],"collection":[{"href":"https:\/\/minghanggroup.com\/it\/wp-json\/wp\/v2\/product"}],"about":[{"href":"https:\/\/minghanggroup.com\/it\/wp-json\/wp\/v2\/types\/product"}],"wp:featuredmedia":[{"embeddable":true,"href":"https:\/\/minghanggroup.com\/it\/wp-json\/wp\/v2\/media\/4697"}],"wp:attachment":[{"href":"https:\/\/minghanggroup.com\/it\/wp-json\/wp\/v2\/media?parent=4694"}],"wp:term":[{"taxonomy":"product_brand","embeddable":true,"href":"https:\/\/minghanggroup.com\/it\/wp-json\/wp\/v2\/product_brand?post=4694"},{"taxonomy":"product_cat","embeddable":true,"href":"https:\/\/minghanggroup.com\/it\/wp-json\/wp\/v2\/product_cat?post=4694"},{"taxonomy":"product_tag","embeddable":true,"href":"https:\/\/minghanggroup.com\/it\/wp-json\/wp\/v2\/product_tag?post=4694"}],"curies":[{"name":"wp","href":"https:\/\/api.w.org\/{rel}","templated":true}]}}