{"id":4689,"date":"2026-01-15T13:41:24","date_gmt":"2026-01-15T05:41:24","guid":{"rendered":"https:\/\/minghanggroup.com\/?post_type=product&#038;p=4689"},"modified":"2026-01-15T14:33:32","modified_gmt":"2026-01-15T06:33:32","slug":"empty-reed-diffuser-containers-with-embossed-bulk","status":"publish","type":"product","link":"https:\/\/minghanggroup.com\/it\/prodotto\/empty-reed-diffuser-containers-with-embossed-bulk\/","title":{"rendered":"Contenitori vuoti per diffusori a bastoncini da 120 ml con stampa in rilievo"},"content":{"rendered":"<p>Questo diffusore di essenze a bastoncini vuoto doner\u00e0 a qualsiasi ambiente un tocco retr\u00f2. Il corpo cilindrico e robusto \u00e8 realizzato in vetro cristallino e decorato con un raffinato motivo floreale in rilievo.<\/p>\n<h2>Caratteristiche del prodotto<\/h2>\n<ul>\n<li><strong>Texture floreale tridimensionale:<\/strong> La texture floreale in rilievo sulla bottiglia non solo conferisce un aspetto vintage e romantico grazie ai dettagli, ma ne aumenta anche la presa.<\/li>\n<li><strong>Vetro ad alta trasparenza:<\/strong> Il vetro completamente trasparente consente di vedere chiaramente il colore degli oli essenziali, mentre la consistenza conferisce profondit\u00e0 e dimensione al vetro quando \u00e8 esposto alla luce, rendendolo sofisticato.<\/li>\n<li><strong>Corpo cilindrico quadrato:<\/strong> Il corpo cilindrico e tozzo garantisce stabilit\u00e0 durante la seduta e le sue linee morbide si abbinano ad altri design dell&#039;arredamento della casa.<\/li>\n<\/ul>\n<h2 style=\"text-align: left;\">Specifiche chiave<\/h2>\n<table class=\"aligncenter\" style=\"border-collapse: collapse; width: 485.27pt;\" border=\"0\" width=\"647\" cellspacing=\"0\" cellpadding=\"0\">\n<tbody>\n<tr style=\"height: 13.50pt;\">\n<td style=\"height: 13.50pt; width: 155.25pt;\" width=\"207\" height=\"18\">Specifica<\/td>\n<td style=\"width: 330.00pt;\" width=\"440\">Dettagli<\/td>\n<\/tr>\n<tr style=\"height: 13.50pt;\">\n<td style=\"height: 13.50pt;\" height=\"18\">Capacit\u00e0<\/td>\n<td>120 ml<\/td>\n<\/tr>\n<tr style=\"height: 13.50pt;\">\n<td style=\"height: 13.50pt;\" height=\"18\">Dimensioni<\/td>\n<td>60\u00d785mm<\/td>\n<\/tr>\n<tr style=\"height: 13.50pt;\">\n<td style=\"height: 13.50pt;\" height=\"18\">Diametro del collo interno\/esterno<\/td>\n<td>17 mm \/ 27 mm<\/td>\n<\/tr>\n<tr style=\"height: 13.50pt;\">\n<td style=\"height: 13.50pt;\" height=\"18\">Materiale<\/td>\n<td>Vetro sodico-calcico<\/td>\n<\/tr>\n<tr style=\"height: 13.50pt;\">\n<td style=\"height: 13.50pt;\" height=\"18\">Forma della bottiglia<\/td>\n<td>Cilindro con incisione floreale 3D<\/td>\n<\/tr>\n<tr style=\"height: 13.50pt;\">\n<td style=\"height: 13.50pt;\" height=\"18\">Ambito di personalizzazione<\/td>\n<td>Colore, motivo di incisione, finitura superficiale (trasparente, colorata)<\/td>\n<\/tr>\n<tr style=\"height: 13.50pt;\">\n<td style=\"height: 13.50pt;\" height=\"18\">Artigianato<\/td>\n<td>Incisione\/pressatura del vetro 3D, finitura del collo<\/td>\n<\/tr>\n<tr style=\"height: 13.50pt;\">\n<td style=\"height: 13.50pt;\" height=\"18\">Scopo del prodotto<\/td>\n<td>Contenitori per diffusori, contenitori decorativi per oli profumati<\/td>\n<\/tr>\n<tr style=\"height: 13.50pt;\">\n<td style=\"height: 13.50pt;\" height=\"18\">Industrie adatte<\/td>\n<td>Boutique di profumi per la casa, negozi di articoli da regalo<\/td>\n<\/tr>\n<\/tbody>\n<\/table>\n<h2>Storia di successo: la linea pi\u00f9 venduta di un marchio in stile country britannico<\/h2>\n<p>Uno dei marchi britannici ha lanciato una linea di diffusori a bastoncini floreali. Era il loro flacone preferito da 120 ml. La loro splendida incisione floreale si \u00e8 rivelata un design eccellente per fungere da firma, e ha registrato una crescita del 300% nelle condivisioni sui social media. Il collo standard da 17 mm pu\u00f2 utilizzare tutti i comuni bastoncini per diffusori, rendendolo pi\u00f9 facile da produrre. La struttura robusta garantisce un tasso di successo delle spedizioni del 99,5%. La risposta dei clienti e le vendite sono state molto elevate e il marchio ha effettuato un altro ordine di 250.000 flaconi delle sue collezioni principali e stagionali.<\/p>\n<h2>Scelta di personalizzazione del contenitore del diffusore<\/h2>\n<ul>\n<li>Colore del vetro: \u00e8 disponibile in vetro trasparente, verde tenue, azzurro o ambra per conferirgli un aspetto vintage.<\/li>\n<li>Motivo inciso personalizzato: trasforma motivi floreali in motivi erbacei, geometrici e Art Nouveau.<\/li>\n<li>Logo in rilievo: \u00e8 possibile imprimere leggermente un piccolo logo in rilievo sul motivo inciso.<\/li>\n<li>Rivestimento lucido o perlescente: aggiungi un leggero rivestimento perlescente per ottenere un effetto scintillante alla luce.<\/li>\n<\/ul>","protected":false},"excerpt":{"rendered":"<p>Diffusore di essenze vuote in stile vintage con motivi floreali in rilievo, contenitori per diffusori ad alta trasparenza adatti all&#039;uso come profumatori per la casa, campioni gratuiti disponibili.<\/p>","protected":false},"featured_media":4691,"template":"","meta":{"postBodyCss":"","postBodyMargin":[],"postBodyPadding":[],"postBodyBackground":{"backgroundType":"classic","gradient":""}},"product_brand":[],"product_cat":[15,16,63],"product_tag":[],"class_list":{"0":"post-4689","1":"product","2":"type-product","3":"status-publish","4":"has-post-thumbnail","6":"product_cat-glass-containers","7":"product_cat-glass-bottles","8":"product_cat-reed-diffuser-bottles","10":"first","11":"instock","12":"shipping-taxable","13":"product-type-simple"},"jetpack_sharing_enabled":true,"_links":{"self":[{"href":"https:\/\/minghanggroup.com\/it\/wp-json\/wp\/v2\/product\/4689","targetHints":{"allow":["GET"]}}],"collection":[{"href":"https:\/\/minghanggroup.com\/it\/wp-json\/wp\/v2\/product"}],"about":[{"href":"https:\/\/minghanggroup.com\/it\/wp-json\/wp\/v2\/types\/product"}],"wp:featuredmedia":[{"embeddable":true,"href":"https:\/\/minghanggroup.com\/it\/wp-json\/wp\/v2\/media\/4691"}],"wp:attachment":[{"href":"https:\/\/minghanggroup.com\/it\/wp-json\/wp\/v2\/media?parent=4689"}],"wp:term":[{"taxonomy":"product_brand","embeddable":true,"href":"https:\/\/minghanggroup.com\/it\/wp-json\/wp\/v2\/product_brand?post=4689"},{"taxonomy":"product_cat","embeddable":true,"href":"https:\/\/minghanggroup.com\/it\/wp-json\/wp\/v2\/product_cat?post=4689"},{"taxonomy":"product_tag","embeddable":true,"href":"https:\/\/minghanggroup.com\/it\/wp-json\/wp\/v2\/product_tag?post=4689"}],"curies":[{"name":"wp","href":"https:\/\/api.w.org\/{rel}","templated":true}]}}