{"id":4664,"date":"2026-01-15T10:29:57","date_gmt":"2026-01-15T02:29:57","guid":{"rendered":"https:\/\/minghanggroup.com\/?post_type=product&#038;p=4664"},"modified":"2026-01-15T10:29:59","modified_gmt":"2026-01-15T02:29:59","slug":"faceted-diffuser-bottles-and-reeds-for-packaging-bulk","status":"publish","type":"product","link":"https:\/\/minghanggroup.com\/it\/prodotto\/faceted-diffuser-bottles-and-reeds-for-packaging-bulk\/","title":{"rendered":"Flaconi e bastoncini per diffusori sfaccettati da 100 ml e 200 ml per confezioni sfuse"},"content":{"rendered":"<p>I vostri diffusori di fragranze non dovrebbero solo contenere il profumo, ma anche illuminare ogni stanza. Come produttori leader di flaconi per diffusori di fragranze, realizziamo flaconi in vetro che trasformano il vostro diffusore di oli essenziali nel battito silenzioso di una casa.<\/p>\n<h2>Caratteristiche del prodotto<\/h2>\n<ul>\n<li><strong>Ciondolo con design sfaccettato:<\/strong> Il tuo diffusore per ambienti non sar\u00e0 solo rotondo, resistente e straordinariamente trendy, ma anche un elemento d&#039;arredo.<\/li>\n<li><strong>Diamante, Taglio Luce Magica:<\/strong> Le sfaccettature nette creano un tocco di luce vintage per la tua fragranza per la casa.<\/li>\n<li><strong>Ancia, manico pronto:<\/strong> \u00c8 possibile inserire i nuovi bastoncini rotondi o diffusori direttamente, senza alcun ingombro.<\/li>\n<\/ul>\n<h2>Specifiche chiave<\/h2>\n<table style=\"border-collapse: collapse; width: 80%; margin-right: auto; margin-left: auto;\" border=\"0\" width=\"360\" cellspacing=\"0\" cellpadding=\"0\">\n<tbody>\n<tr style=\"height: 13.50pt;\">\n<td style=\"height: 13.5pt; width: 54pt; text-align: center;\" width=\"72\" height=\"18\">Dimensioni (ml)<\/td>\n<td style=\"width: 54pt; text-align: center;\" width=\"72\">Dimensioni (mm)<\/td>\n<td style=\"width: 54pt; text-align: center;\" width=\"72\">Diametro del collo<\/td>\n<td style=\"width: 54pt; text-align: center;\" width=\"72\">Forma<\/td>\n<td style=\"width: 54pt; text-align: center;\" width=\"72\">Processi disponibili<\/td>\n<\/tr>\n<tr style=\"height: 13.50pt;\">\n<td style=\"height: 13.5pt; text-align: center;\" height=\"18\">100<\/td>\n<td style=\"text-align: center;\">81 \u00d7 82<\/td>\n<td class=\"et2\" style=\"text-align: center;\" rowspan=\"2\">17,5\/26,8 mm<\/td>\n<td class=\"et2\" style=\"text-align: center;\" rowspan=\"2\">Zucca<\/td>\n<td class=\"et2\" style=\"text-align: center;\" rowspan=\"2\">Galvanotecnica, verniciatura, taglio, serigrafia, ecc.<\/td>\n<\/tr>\n<tr style=\"height: 13.50pt;\">\n<td style=\"height: 13.5pt; text-align: center;\" height=\"18\">200<\/td>\n<td style=\"text-align: center;\">93 \u00d7 93<\/td>\n<\/tr>\n<\/tbody>\n<\/table>\n<h2>Caso di successo<\/h2>\n<p>Una piccola azienda di fragranze per la casa che utilizza oli essenziali naturali nei suoi diffusori desiderava che il packaging fosse pi\u00f9 in linea con la fragranza artigianale e lussuosa dei suoi prodotti. Per il lancio di una nuova linea, hanno scelto i nostri flaconi e bastoncini in vetro per diffusori, personalizzandoli con una tonalit\u00e0 oro rosa, un logo in rilievo sulla spalla e motivi decorativi in \u200b\u200bseta pregiata e serigrafati.<\/p>\n<p>A seguito dell&#039;adozione di questo nuovo packaging, il marchio ha dichiarato che, durante i test di vendita al dettaglio, l&#039;attrattiva sugli scaffali \u00e8 aumentata del 35% e la riconoscibilit\u00e0 del marchio tra i clienti abituali \u00e8 migliorata significativamente. Di conseguenza, i flaconi di profumo sono diventati il \u200b\u200bpackaging abituale per la loro linea di prodotti principale.<\/p>\n<h2>Le tue opzioni di personalizzazione<\/h2>\n<ol>\n<li><strong>Personalizzazione del colore della bottiglia:<\/strong> \u00c8 possibile scegliere tra vetro trasparente, ambrato, grigio fum\u00e9 o sfumato per abbinarlo a diverse fragranze e stili di arredamento.<\/li>\n<li><strong>Personalizzazione del logo del marchio:<\/strong> Puoi applicare il tuo logo, un design personalizzato o un testo sul corpo, sulla spalla o sulla base del flacone del diffusore di fragranze, in stile goffrato.<\/li>\n<li><strong>Opzioni per cappuccio e accessori:<\/strong> Scegli tra un&#039;ampia gamma di tappi, tra cui tappi in legno, tappi in metallo galvanizzato e tappi in plastica opaca, e abbinali a bastoncini profumati di vari materiali e colori.<\/li>\n<\/ol>","protected":false},"excerpt":{"rendered":"<p>Flaconi e bastoncini per diffusori in vetro con design sfaccettato. Fornitura diretta dalla fabbrica da specialisti in flaconi per diffusori di fragranze, con possibilit\u00e0 di personalizzazione in grandi quantit\u00e0.<\/p>","protected":false},"featured_media":4668,"template":"","meta":{"postBodyCss":"","postBodyMargin":[],"postBodyPadding":[],"postBodyBackground":{"backgroundType":"classic","gradient":""}},"product_brand":[],"product_cat":[15,16,63],"product_tag":[],"class_list":{"0":"post-4664","1":"product","2":"type-product","3":"status-publish","4":"has-post-thumbnail","6":"product_cat-glass-containers","7":"product_cat-glass-bottles","8":"product_cat-reed-diffuser-bottles","10":"first","11":"instock","12":"shipping-taxable","13":"product-type-simple"},"jetpack_sharing_enabled":true,"_links":{"self":[{"href":"https:\/\/minghanggroup.com\/it\/wp-json\/wp\/v2\/product\/4664","targetHints":{"allow":["GET"]}}],"collection":[{"href":"https:\/\/minghanggroup.com\/it\/wp-json\/wp\/v2\/product"}],"about":[{"href":"https:\/\/minghanggroup.com\/it\/wp-json\/wp\/v2\/types\/product"}],"wp:featuredmedia":[{"embeddable":true,"href":"https:\/\/minghanggroup.com\/it\/wp-json\/wp\/v2\/media\/4668"}],"wp:attachment":[{"href":"https:\/\/minghanggroup.com\/it\/wp-json\/wp\/v2\/media?parent=4664"}],"wp:term":[{"taxonomy":"product_brand","embeddable":true,"href":"https:\/\/minghanggroup.com\/it\/wp-json\/wp\/v2\/product_brand?post=4664"},{"taxonomy":"product_cat","embeddable":true,"href":"https:\/\/minghanggroup.com\/it\/wp-json\/wp\/v2\/product_cat?post=4664"},{"taxonomy":"product_tag","embeddable":true,"href":"https:\/\/minghanggroup.com\/it\/wp-json\/wp\/v2\/product_tag?post=4664"}],"curies":[{"name":"wp","href":"https:\/\/api.w.org\/{rel}","templated":true}]}}