{"id":4663,"date":"2026-01-15T09:13:16","date_gmt":"2026-01-15T01:13:16","guid":{"rendered":"https:\/\/minghanggroup.com\/?post_type=product&#038;p=4663"},"modified":"2026-01-15T11:07:08","modified_gmt":"2026-01-15T03:07:08","slug":"square-empty-reed-diffuser-glass-bottles-bulk","status":"publish","type":"product","link":"https:\/\/minghanggroup.com\/it\/prodotto\/square-empty-reed-diffuser-glass-bottles-bulk\/","title":{"rendered":"Flaconi di vetro vuoti quadrati da 100 ml per diffusore di fragranze"},"content":{"rendered":"<p>Questi flaconi diffusori a bastoncini sono realizzati in vetro cristallino. La forma rettangolare, nettamente angolata, esalta perfettamente la fragranza degli oli essenziali contenuti al loro interno.<\/p>\n<h2>Caratteristiche del prodotto<\/h2>\n<ul>\n<li><strong>Rettangolo geometrico minimalista:<\/strong> La figura rettangolare dagli angoli acuti produce un effetto visivo audace, moderno e sofisticato.<\/li>\n<li><strong>Bottiglia cristallina:<\/strong> L&#039;intero vetro \u00e8 totalmente trasparente e mostra chiaramente il colore degli oli essenziali; inoltre, la rifrazione della luce fa risaltare ulteriormente la consistenza trasparente degli oli, che crea al meglio un mix di note di fragranza.<\/li>\n<li><strong>Grande capacit\u00e0:<\/strong> Anche il formato grande da 100 ml \u00e8 ottimo e pu\u00f2 durare a lungo in stanze normali.<\/li>\n<\/ul>\n<h2 style=\"text-align: left;\">Specifiche chiave<\/h2>\n<table class=\"aligncenter\" style=\"border-collapse: collapse; width: 480.77pt;\" border=\"0\" width=\"641\" cellspacing=\"0\" cellpadding=\"0\">\n<tbody>\n<tr style=\"height: 13.50pt;\">\n<td style=\"height: 13.50pt; width: 155.25pt;\" width=\"207\" height=\"18\">Specifica<\/td>\n<td style=\"width: 325.50pt;\" width=\"434\">Dettagli<\/td>\n<\/tr>\n<tr style=\"height: 13.50pt;\">\n<td style=\"height: 13.50pt;\" height=\"18\">Capacit\u00e0<\/td>\n<td>100 ml<\/td>\n<\/tr>\n<tr style=\"height: 13.50pt;\">\n<td style=\"height: 13.50pt;\" height=\"18\">Dimensioni<\/td>\n<td>89\u00d736\u00d796mm<\/td>\n<\/tr>\n<tr style=\"height: 13.50pt;\">\n<td style=\"height: 13.50pt;\" height=\"18\">Diametro del collo interno\/esterno<\/td>\n<td>19 mm \/ 31 mm<\/td>\n<\/tr>\n<tr style=\"height: 13.50pt;\">\n<td style=\"height: 13.50pt;\" height=\"18\">Materiale<\/td>\n<td>Vetro sodico-calcico<\/td>\n<\/tr>\n<tr style=\"height: 13.50pt;\">\n<td style=\"height: 13.50pt;\" height=\"18\">Forma della bottiglia<\/td>\n<td>Prisma rettangolare<\/td>\n<\/tr>\n<tr style=\"height: 13.50pt;\">\n<td style=\"height: 13.50pt;\" height=\"18\">Ambito di personalizzazione<\/td>\n<td>Forma, dimensione, colore, finitura (opaca, satinata, lucida)<\/td>\n<\/tr>\n<tr style=\"height: 13.50pt;\">\n<td style=\"height: 13.50pt;\" height=\"18\">Artigianato<\/td>\n<td>Formatura di precisione del vetro rettangolare, bordi altamente lucidati<\/td>\n<\/tr>\n<tr style=\"height: 13.50pt;\">\n<td style=\"height: 13.50pt;\" height=\"18\">Scopo del prodotto<\/td>\n<td>Diffusori di fragranza in flaconi di vetro, contenitori per oli profumati<\/td>\n<\/tr>\n<tr style=\"height: 13.50pt;\">\n<td style=\"height: 13.50pt;\" height=\"18\">Industrie adatte<\/td>\n<td>Marchi di fragranze per la casa, design d&#039;interni, hotel e spa<\/td>\n<\/tr>\n<\/tbody>\n<\/table>\n<h2>Storia di successo: prodotto principale del marchio Home Living, Toronto<\/h2>\n<p>Un marchio canadese di articoli per la casa ha lanciato il proprio marchio di diffusori a bastoncini naturali. Hanno scelto i nostri flaconi in vetro da 100 ml come prodotto principale. Il marchio \u00e8 diventato famoso grazie alla sua semplice forma rettangolare, con una visibilit\u00e0 sugli scaffali del 90% nei negozi partner. Il design minimalista ha avuto un impatto positivo sulla condivisione del prodotto sui social media, con un incremento del 250% nelle immagini di arredamento. Il marchio \u00e8 rimasto molto soddisfatto delle prestazioni e della commerciabilit\u00e0 del prodotto, tanto da ordinarne 400.000 unit\u00e0 come integrazione alla vendita al dettaglio nazionale e alla nuova collezione stagionale.<\/p>\n<h2>Personalizzazione delle bottiglie diffusori in vetro<\/h2>\n<ul>\n<li>Colori e tonalit\u00e0 del vetro: il vetro pu\u00f2 essere di quattro colori: trasparente, grigio chiaro, ambra o verde foresta.<\/li>\n<li>Incisione laser: uno dei metodi consiste nell&#039;incidere un piccolo logo, un disegno o un nome sulla superficie piana del vetro tramite laser.<\/li>\n<li>Tappi personalizzati: sono disponibili tappi personalizzati con tappi che si abbinano a quelli del contenitore, ad esempio in legno naturale, sughero o metallo opaco.<\/li>\n<li>Serigrafia: stampa con inchiostro ceramico e crea un logo o un bordo pulito e gradevole.<\/li>\n<\/ul>","protected":false},"excerpt":{"rendered":"<p>Diffusori di fragranza in vetro rettangolari trasparenti, realizzati in vetro ad alta trasparenza, adatti come diffusori di fragranza per interni moderni, disponibili a prezzi all&#039;ingrosso.<\/p>","protected":false},"featured_media":4671,"template":"","meta":{"postBodyCss":"","postBodyMargin":[],"postBodyPadding":[],"postBodyBackground":{"backgroundType":"classic","gradient":""}},"product_brand":[],"product_cat":[15,16,63],"product_tag":[],"class_list":{"0":"post-4663","1":"product","2":"type-product","3":"status-publish","4":"has-post-thumbnail","6":"product_cat-glass-containers","7":"product_cat-glass-bottles","8":"product_cat-reed-diffuser-bottles","10":"first","11":"instock","12":"shipping-taxable","13":"product-type-simple"},"jetpack_sharing_enabled":true,"_links":{"self":[{"href":"https:\/\/minghanggroup.com\/it\/wp-json\/wp\/v2\/product\/4663","targetHints":{"allow":["GET"]}}],"collection":[{"href":"https:\/\/minghanggroup.com\/it\/wp-json\/wp\/v2\/product"}],"about":[{"href":"https:\/\/minghanggroup.com\/it\/wp-json\/wp\/v2\/types\/product"}],"wp:featuredmedia":[{"embeddable":true,"href":"https:\/\/minghanggroup.com\/it\/wp-json\/wp\/v2\/media\/4671"}],"wp:attachment":[{"href":"https:\/\/minghanggroup.com\/it\/wp-json\/wp\/v2\/media?parent=4663"}],"wp:term":[{"taxonomy":"product_brand","embeddable":true,"href":"https:\/\/minghanggroup.com\/it\/wp-json\/wp\/v2\/product_brand?post=4663"},{"taxonomy":"product_cat","embeddable":true,"href":"https:\/\/minghanggroup.com\/it\/wp-json\/wp\/v2\/product_cat?post=4663"},{"taxonomy":"product_tag","embeddable":true,"href":"https:\/\/minghanggroup.com\/it\/wp-json\/wp\/v2\/product_tag?post=4663"}],"curies":[{"name":"wp","href":"https:\/\/api.w.org\/{rel}","templated":true}]}}