{"id":4653,"date":"2026-01-14T16:37:14","date_gmt":"2026-01-14T08:37:14","guid":{"rendered":"https:\/\/minghanggroup.com\/?post_type=product&#038;p=4653"},"modified":"2026-01-14T16:37:16","modified_gmt":"2026-01-14T08:37:16","slug":"diamond-texture-clear-reed-diffuser-bottles-bulk","status":"publish","type":"product","link":"https:\/\/minghanggroup.com\/it\/prodotto\/diamond-texture-clear-reed-diffuser-bottles-bulk\/","title":{"rendered":"Flaconi per diffusore di profumo in bastoncini trasparenti con texture a diamante da 100 ml e 200 ml, sfusi"},"content":{"rendered":"<p>I tuoi diffusori non dovrebbero solo contenere il profumo: dovrebbero far danzare la luce attraverso ogni sfaccettatura. Come produttori di flaconi per fragranze, realizziamo flaconi in vetro che trasformano il tuo diffusore di oli essenziali nella stella silenziosa di una casa.<\/p>\n<h2>Caratteristiche del prodotto<\/h2>\n<ul>\n<li><strong>Diamante, taglio leggero:<\/strong>Sfaccettature nitide che catturano e diffondono la luce: lusso vintage per il tuo diffusore d&#039;ambiente.<\/li>\n<li><strong>Forma stabile della palla:<\/strong>La sfera \u00e8 cos\u00ec perfetta che \u00e8 impossibile che oscilli sugli scaffali. Il diffusore in vetro ha una consistenza solida e lussuosa.<\/li>\n<li><strong>Reed, Ready Design:<\/strong>Inserire le ance rotonde o i bastoncini diffusori direttamente nel manico, senza creare incastri scomodi.<\/li>\n<\/ul>\n<h2>Specifiche chiave<\/h2>\n<table style=\"border-collapse: collapse; width: 80%; margin-left: auto; margin-right: auto;\" border=\"0\" width=\"288\" cellspacing=\"0\" cellpadding=\"0\">\n<tbody>\n<tr style=\"height: 13.50pt;\">\n<td style=\"height: 13.5pt; width: 54pt; text-align: center;\" width=\"72\" height=\"18\">Dimensioni (ml)<\/td>\n<td style=\"width: 54pt; text-align: center;\" width=\"72\">Dimensioni (mm)<\/td>\n<td style=\"width: 54pt; text-align: center;\" width=\"72\">Caratteristica principale<\/td>\n<td style=\"width: 54pt; text-align: center;\" width=\"72\">Opzioni di colore<\/td>\n<\/tr>\n<tr style=\"height: 13.50pt;\">\n<td style=\"height: 13.5pt; text-align: center;\" align=\"right\" height=\"18\">100<\/td>\n<td style=\"text-align: center;\">70 \u00d7 84<\/td>\n<td class=\"et2\" style=\"text-align: center;\" rowspan=\"2\">Sfaccettature tagliate a diamante<\/td>\n<td class=\"et2\" style=\"text-align: center;\" rowspan=\"2\">Trasparente o personalizzato<\/td>\n<\/tr>\n<tr style=\"height: 13.50pt;\">\n<td style=\"height: 13.5pt; text-align: center;\" align=\"right\" height=\"18\">200<\/td>\n<td style=\"text-align: center;\">85 \u00d7 97<\/td>\n<\/tr>\n<\/tbody>\n<\/table>\n<h2>Caso di successo<\/h2>\n<p>Un marchio che vende fragranze per la casa e prodotti lifestyle ha scelto di collaborare con noi per lanciare un flacone da 200 ml per la sua gamma di diffusori a bastoncini di lusso. Il cliente ha optato per un collo metallizzato e bastoncini scuri per aumentare il livello e la durata del prodotto nell&#039;effetto finale. Inoltre, hanno optato per un flacone color rosa chiaro per aggiungere atmosfera. Dopo il lancio, la linea di fragranze ha riscosso un enorme successo nei punti vendita di articoli da regalo e articoli per la casa, e le vendite sono aumentate di circa il 25% nel primo trimestre, il che ha dato al marchio una forte spinta nel mercato delle fragranze per la casa di fascia media e alta.<\/p>\n<h2>Le tue opzioni di personalizzazione<\/h2>\n<ol>\n<li><strong>Selezione del materiale del collo e del tappo della bottiglia:<\/strong> Sono disponibili colli di bottiglia personalizzabili in metallo galvanizzato, metallo opaco, legno o effetto legno per trasmettere stili di lusso moderni, naturali o sobri.<\/li>\n<li><strong>Tipo di ancia e corrispondenza dei colori:<\/strong> Il rattan naturale, il rattan in fibra o il rattan piatto sono disponibili nei colori nero, marrone scuro o naturale per controllare la velocit\u00e0 di diffusione e lo stile visivo.<\/li>\n<li><strong>Colore del vetro e trattamento superficiale:<\/strong> Sono disponibili finiture personalizzabili in grigio fum\u00e9 chiaro, ambra o con spray interno su vetro trasparente, bilanciando l&#039;aspetto decorativo con la protezione del liquido profumato.<\/li>\n<\/ol>","protected":false},"excerpt":{"rendered":"<p>Flaconi diffusori con bastoncini trasparenti, ideali per i marchi di fragranze per la casa. Fornitura diretta dalla fabbrica, con possibilit\u00e0 di personalizzazione all&#039;ingrosso e spedizione rapida.<\/p>","protected":false},"featured_media":4657,"template":"","meta":{"postBodyCss":"","postBodyMargin":[],"postBodyPadding":[],"postBodyBackground":{"backgroundType":"classic","gradient":""}},"product_brand":[],"product_cat":[16,15,63],"product_tag":[],"class_list":{"0":"post-4653","1":"product","2":"type-product","3":"status-publish","4":"has-post-thumbnail","6":"product_cat-glass-bottles","7":"product_cat-glass-containers","8":"product_cat-reed-diffuser-bottles","10":"first","11":"instock","12":"shipping-taxable","13":"product-type-simple"},"jetpack_sharing_enabled":true,"_links":{"self":[{"href":"https:\/\/minghanggroup.com\/it\/wp-json\/wp\/v2\/product\/4653","targetHints":{"allow":["GET"]}}],"collection":[{"href":"https:\/\/minghanggroup.com\/it\/wp-json\/wp\/v2\/product"}],"about":[{"href":"https:\/\/minghanggroup.com\/it\/wp-json\/wp\/v2\/types\/product"}],"wp:featuredmedia":[{"embeddable":true,"href":"https:\/\/minghanggroup.com\/it\/wp-json\/wp\/v2\/media\/4657"}],"wp:attachment":[{"href":"https:\/\/minghanggroup.com\/it\/wp-json\/wp\/v2\/media?parent=4653"}],"wp:term":[{"taxonomy":"product_brand","embeddable":true,"href":"https:\/\/minghanggroup.com\/it\/wp-json\/wp\/v2\/product_brand?post=4653"},{"taxonomy":"product_cat","embeddable":true,"href":"https:\/\/minghanggroup.com\/it\/wp-json\/wp\/v2\/product_cat?post=4653"},{"taxonomy":"product_tag","embeddable":true,"href":"https:\/\/minghanggroup.com\/it\/wp-json\/wp\/v2\/product_tag?post=4653"}],"curies":[{"name":"wp","href":"https:\/\/api.w.org\/{rel}","templated":true}]}}