{"id":4636,"date":"2026-01-14T10:39:15","date_gmt":"2026-01-14T02:39:15","guid":{"rendered":"https:\/\/minghanggroup.com\/?post_type=product&#038;p=4636"},"modified":"2026-01-14T11:24:47","modified_gmt":"2026-01-14T03:24:47","slug":"square-glass-perfume-beautiful-bottles-bulk","status":"publish","type":"product","link":"https:\/\/minghanggroup.com\/it\/prodotto\/square-glass-perfume-beautiful-bottles-bulk\/","title":{"rendered":"Bottiglie di profumo in vetro quadrato da 3,4 once, bellissime, sfuse"},"content":{"rendered":"<p>La splendida bottiglia del profumo \u00e8 realizzata con cura artigianale. Il corpo cristallino, con il suo vetro cristallo squadrato e spigoloso, contrasta con la superficie liscia del tappo cilindrico, decorato con un motivo marmorizzato blu, creando un impatto visivo di grande impatto.<\/p>\n<h2>Caratteristiche del prodotto<\/h2>\n<ul>\n<li><strong>Corpo quadrato angolare:<\/strong> Lo stile moderno e minimalista \u00e8 mantenuto dal corpo squadrato e pulito, dai bordi lucidati e contribuisce al comfort dell&#039;impugnatura.<\/li>\n<li><strong>Materiale in cristallo trasparente:<\/strong> Il materiale in cristallo \u00e8 cos\u00ec trasparente che il colore e la purezza della fragranza sono perfettamente visibili.<\/li>\n<li><strong>Tappo cilindrico testurizzato blu:<\/strong> La bottiglia \u00e8 ricoperta da un tappo cilindrico testurizzato di un blu brillante, la cui forma strutturata contribuisce allo stile minimalista.<\/li>\n<\/ul>\n<h2 style=\"text-align: left;\">Specifiche chiave<\/h2>\n<table class=\"aligncenter\" style=\"border-collapse: collapse; width: 504.77pt;\" border=\"0\" width=\"673\" cellspacing=\"0\" cellpadding=\"0\">\n<tbody>\n<tr style=\"height: 13.50pt;\">\n<td style=\"height: 13.50pt; width: 119.25pt;\" width=\"159\" height=\"18\">Specifica<\/td>\n<td style=\"width: 385.50pt;\" width=\"514\">Dettagli<\/td>\n<\/tr>\n<tr style=\"height: 13.50pt;\">\n<td style=\"height: 13.50pt;\" height=\"18\">Capacit\u00e0<\/td>\n<td>100 ml (3,4 once)<\/td>\n<\/tr>\n<tr style=\"height: 13.50pt;\">\n<td style=\"height: 13.50pt;\" height=\"18\">Dimensioni<\/td>\n<td>57\u00d742\u00d796mm<\/td>\n<\/tr>\n<tr style=\"height: 13.50pt;\">\n<td style=\"height: 13.50pt;\" height=\"18\">Materiale<\/td>\n<td>Vetro cristallino<\/td>\n<\/tr>\n<tr style=\"height: 13.50pt;\">\n<td style=\"height: 13.50pt;\" height=\"18\">Forma della bottiglia<\/td>\n<td>Prisma quadrato<\/td>\n<\/tr>\n<tr style=\"height: 13.50pt;\">\n<td style=\"height: 13.50pt;\" height=\"18\">Ambito di personalizzazione<\/td>\n<td>Dimensioni, forma, colore, incisione<\/td>\n<\/tr>\n<tr style=\"height: 13.50pt;\">\n<td style=\"height: 13.50pt;\" height=\"18\">Artigianato<\/td>\n<td>Taglio e lucidatura di precisione del vetro, produzione di tappi modellati<\/td>\n<\/tr>\n<tr style=\"height: 13.50pt;\">\n<td style=\"height: 13.50pt;\" height=\"18\">Scopo del prodotto<\/td>\n<td>Bottiglie di colonie fresche, profumo in una bella bottiglia<\/td>\n<\/tr>\n<tr style=\"height: 13.50pt;\">\n<td style=\"height: 13.50pt;\" height=\"18\">Industrie adatte<\/td>\n<td>Profumeria contemporanea, marchi di stilisti<\/td>\n<\/tr>\n<\/tbody>\n<\/table>\n<h2>Caso di successo<\/h2>\n<p>Un marchio californiano di lifestyle ha lanciato un&#039;acqua di colonia all&#039;arancia. Hanno selezionato la nostra bottiglia da 3,4 oz e l&#039;hanno colorata con un corpo in vetro blu acqua satinato e un tappo con motivo marmorizzato bianco. La struttura in vetro aperto e i dettagli blu hanno aumentato la conservabilit\u00e0 del 45%; anche la forma quadrata \u00e8 risultata stabile e ha ridotto del 42% il rischio di rottura durante il trasporto. Il marchio \u00e8 stato molto soddisfatto delle sue prestazioni sul mercato e della sua base clienti e, pertanto, ha ordinato altre 400.000 bottiglie della sua gamma di prodotti principali.<\/p>\n<h2>Opzioni di personalizzazione delle bellissime bottiglie di profumo<\/h2>\n<ul>\n<li>Progetta il tuo berretto: progetta il tuo berretto con diversi motivi (marmo, granito, astratto) e qualsiasi colore.<\/li>\n<li>Incisione laser laterale: incidere motivi geometrici e design di marchi o motivi a tema costiero sul pannello di vetro.<\/li>\n<li>Pannello decorativo sabbiato: spruzzare un lato della bottiglia quadrata per ottenere un pannello satinato, utilizzato per creare un&#039;identit\u00e0 di marca sobria.<\/li>\n<li>Serigrafia con inchiostro lucido: il nome in rilievo del marchio pu\u00f2 essere stampato anche con inchiostro lucido per creare un effetto tattile.<\/li>\n<\/ul>","protected":false},"excerpt":{"rendered":"<p>Caratterizzato da un corpo squadrato lucido e da un elegante tappo blu, questo profumo si adatta perfettamente a un ambiente moderno. Una raffinata bottiglia da 3,4 oz di acqua di colonia, venduta direttamente dalla fabbrica.<\/p>","protected":false},"featured_media":4641,"template":"","meta":{"postBodyCss":"","postBodyMargin":[],"postBodyPadding":[],"postBodyBackground":{"backgroundType":"classic","gradient":""}},"product_brand":[],"product_cat":[15,16,62],"product_tag":[],"class_list":{"0":"post-4636","1":"product","2":"type-product","3":"status-publish","4":"has-post-thumbnail","6":"product_cat-glass-containers","7":"product_cat-glass-bottles","8":"product_cat-perfume-bottles","10":"first","11":"instock","12":"shipping-taxable","13":"product-type-simple"},"jetpack_sharing_enabled":true,"_links":{"self":[{"href":"https:\/\/minghanggroup.com\/it\/wp-json\/wp\/v2\/product\/4636","targetHints":{"allow":["GET"]}}],"collection":[{"href":"https:\/\/minghanggroup.com\/it\/wp-json\/wp\/v2\/product"}],"about":[{"href":"https:\/\/minghanggroup.com\/it\/wp-json\/wp\/v2\/types\/product"}],"wp:featuredmedia":[{"embeddable":true,"href":"https:\/\/minghanggroup.com\/it\/wp-json\/wp\/v2\/media\/4641"}],"wp:attachment":[{"href":"https:\/\/minghanggroup.com\/it\/wp-json\/wp\/v2\/media?parent=4636"}],"wp:term":[{"taxonomy":"product_brand","embeddable":true,"href":"https:\/\/minghanggroup.com\/it\/wp-json\/wp\/v2\/product_brand?post=4636"},{"taxonomy":"product_cat","embeddable":true,"href":"https:\/\/minghanggroup.com\/it\/wp-json\/wp\/v2\/product_cat?post=4636"},{"taxonomy":"product_tag","embeddable":true,"href":"https:\/\/minghanggroup.com\/it\/wp-json\/wp\/v2\/product_tag?post=4636"}],"curies":[{"name":"wp","href":"https:\/\/api.w.org\/{rel}","templated":true}]}}