{"id":4625,"date":"2026-01-14T10:17:26","date_gmt":"2026-01-14T02:17:26","guid":{"rendered":"https:\/\/minghanggroup.com\/?post_type=product&#038;p=4625"},"modified":"2026-01-14T16:41:28","modified_gmt":"2026-01-14T08:41:28","slug":"vintage-amber-perfume-bottles-with-wooden-ball-lids-bulk","status":"publish","type":"product","link":"https:\/\/minghanggroup.com\/it\/prodotto\/vintage-amber-perfume-bottles-with-wooden-ball-lids-bulk\/","title":{"rendered":"Flaconi di profumo vintage in ambra da 30 ml e 50 ml con coperchi a sfera in legno, sfusi"},"content":{"rendered":"<p>Il tuo flacone di profumo vintage in ambra non dovrebbe solo contenere il profumo: dovrebbe sussurrare &#034;eredit\u00e0&#034; nel momento in cui lo sollevi. Come produttori leader di flaconi per profumi, realizziamo flaconi in vetro che trasformano il tuo profumo personalizzato in un cimelio senza tempo.<\/p>\n<h2>Caratteristiche del prodotto<\/h2>\n<ul>\n<li><strong>Protezione in vetro ambrato: <\/strong>Il caldo vetro ambrato protegge gli oli essenziali dalla luce, cos\u00ec non dovrai pi\u00f9 preoccuparti che i profumi sbiadiscano.<\/li>\n<li><strong>Contrasto del tappo in legno naturale: <\/strong>Coperchi in legno abbinati a vetro ambrato? Ecco la ricetta per un packaging dal fascino rustico e ricercato.<\/li>\n<li><strong>Semplicit\u00e0 cilindrica: <\/strong>Linee semplici, contemporanee ma retr\u00f2, con un tocco di classe. Il tuo contenitore per profumo in vetro ha un aspetto piacevole, pesante e lussuoso.<\/li>\n<\/ul>\n<h2>Specifiche chiave<\/h2>\n<table style=\"border-collapse: collapse; width: 80%; margin-left: auto; margin-right: auto;\" border=\"0\" width=\"288\" cellspacing=\"0\" cellpadding=\"0\">\n<tbody>\n<tr style=\"height: 13.50pt;\">\n<td style=\"height: 13.5pt; width: 54pt; text-align: center;\" width=\"72\" height=\"18\">Dimensioni (ml)<\/td>\n<td style=\"width: 54pt; text-align: center;\" width=\"72\">Dimensioni (mm)<\/td>\n<td style=\"width: 54pt; text-align: center;\" width=\"72\">Materiale del tappo<\/td>\n<td style=\"width: 54pt; text-align: center;\" width=\"72\">Tipo di tenuta<\/td>\n<\/tr>\n<tr style=\"height: 13.50pt;\">\n<td style=\"height: 13.5pt; text-align: center;\" align=\"right\" height=\"18\">30 \/ 1 oz<\/td>\n<td style=\"text-align: center;\">42 \u00d7 73<\/td>\n<td class=\"et2\" style=\"text-align: center;\" rowspan=\"2\">Di legno<\/td>\n<td class=\"et2\" style=\"text-align: center;\" rowspan=\"2\">Parte superiore dello spray (atomizzatore)<\/td>\n<\/tr>\n<tr style=\"height: 13.50pt;\">\n<td style=\"height: 13.5pt; text-align: center;\" align=\"right\" height=\"18\">50<\/td>\n<td style=\"text-align: center;\">45 \u00d7 88<\/td>\n<\/tr>\n<\/tbody>\n<\/table>\n<h2>Caso di successo<\/h2>\n<p>Un&#039;azienda di profumi specializzata in fragranze naturali e vintage cercava una versione di packaging che fosse facilmente comprensibile in termini di design e prestigio. Per lanciare una nuova linea, il marchio ha scelto i nostri flaconi di profumo in vetro ambrato e ha impresso un logo sulla spalla del flacone, satinato opaco, e un piccolo motivo sul flacone creato con componenti botanici tramite serigrafia. Il vetro ambrato serviva a ridurre l&#039;esposizione alla luce e a sottolineare l&#039;attenzione del marchio alla stabilit\u00e0 della formula, mentre il tappo in legno sottolineava il design naturale.<\/p>\n<p>Dopo il lancio del prodotto, il packaging rinnovato ha migliorato la riconoscibilit\u00e0 del prodotto sullo scaffale e la percezione del consumatore, con un conseguente aumento degli ordini ripetuti del 35%. Questo ha portato il marchio a effettuare riordini per diverse stagioni consecutive.<\/p>\n<h2>Le tue opzioni di personalizzazione<\/h2>\n<ol>\n<li><strong>Profondit\u00e0 regolabile del colore della bottiglia:<\/strong> La tonalit\u00e0 ambrata standard pu\u00f2 essere modificata in altre tonalit\u00e0 (ambra chiara, ambra scura o marrone fum\u00e9) per abbinarsi alle diverse fragranze o linee di prodotto e catturare comunque il tocco vintage.<\/li>\n<li><strong>Le opzioni del cappuccio in materiale naturale:<\/strong> Oltre alla calotta sferica in legno massello, sono disponibili altre opzioni in termini di specie legnose, effetti di colorazione o livello di lucidatura superficiale per creare l&#039;immagine di un marchio naturale, artigianale o di nicchia.<\/li>\n<li><strong>Finiture semi-satinate o sfumate:<\/strong> I design satinati o satinati sfumati possono essere applicati alla met\u00e0 inferiore della bottiglia o a parti specifiche della stessa, aggiungendo cos\u00ec eleganza alla bottiglia, ma mantenendo anche il concetto di leggerezza.<\/li>\n<\/ol>","protected":false},"excerpt":{"rendered":"<p>Flacone di profumo vintage color ambra con tonalit\u00e0 calda del vetro e tappo in legno. Fornitura diretta dalla fabbrica, personalizzazione in grandi quantit\u00e0. Ideale per marchi vintage di flaconi di profumo.<\/p>","protected":false},"featured_media":4633,"template":"","meta":{"postBodyCss":"","postBodyMargin":[],"postBodyPadding":[],"postBodyBackground":{"backgroundType":"classic","gradient":""}},"product_brand":[],"product_cat":[15,16,62],"product_tag":[],"class_list":{"0":"post-4625","1":"product","2":"type-product","3":"status-publish","4":"has-post-thumbnail","6":"product_cat-glass-containers","7":"product_cat-glass-bottles","8":"product_cat-perfume-bottles","10":"first","11":"instock","12":"shipping-taxable","13":"product-type-simple"},"jetpack_sharing_enabled":true,"_links":{"self":[{"href":"https:\/\/minghanggroup.com\/it\/wp-json\/wp\/v2\/product\/4625","targetHints":{"allow":["GET"]}}],"collection":[{"href":"https:\/\/minghanggroup.com\/it\/wp-json\/wp\/v2\/product"}],"about":[{"href":"https:\/\/minghanggroup.com\/it\/wp-json\/wp\/v2\/types\/product"}],"wp:featuredmedia":[{"embeddable":true,"href":"https:\/\/minghanggroup.com\/it\/wp-json\/wp\/v2\/media\/4633"}],"wp:attachment":[{"href":"https:\/\/minghanggroup.com\/it\/wp-json\/wp\/v2\/media?parent=4625"}],"wp:term":[{"taxonomy":"product_brand","embeddable":true,"href":"https:\/\/minghanggroup.com\/it\/wp-json\/wp\/v2\/product_brand?post=4625"},{"taxonomy":"product_cat","embeddable":true,"href":"https:\/\/minghanggroup.com\/it\/wp-json\/wp\/v2\/product_cat?post=4625"},{"taxonomy":"product_tag","embeddable":true,"href":"https:\/\/minghanggroup.com\/it\/wp-json\/wp\/v2\/product_tag?post=4625"}],"curies":[{"name":"wp","href":"https:\/\/api.w.org\/{rel}","templated":true}]}}