{"id":4622,"date":"2026-01-14T08:58:15","date_gmt":"2026-01-14T00:58:15","guid":{"rendered":"https:\/\/minghanggroup.com\/?post_type=product&#038;p=4622"},"modified":"2026-01-14T10:38:56","modified_gmt":"2026-01-14T02:38:56","slug":"crystal-pink-perfume-bottle-for-travel-packing-bulk","status":"publish","type":"product","link":"https:\/\/minghanggroup.com\/it\/prodotto\/crystal-pink-perfume-bottle-for-travel-packing-bulk\/","title":{"rendered":"Flacone di profumo rosa cristallo da 30 ml per imballaggio da viaggio all&#039;ingrosso"},"content":{"rendered":"<p>Si tratta di un piccolo ma lussuoso flacone di profumo in vetro rosa. Il corpo \u00e8 una progressione fluida e naturale tra la parte quadrata, corta e larga, e la base arrotondata. La parte superiore \u00e8 di un rosa tenue e lucido, rendendolo perfetto come flacone da viaggio.<\/p>\n<h2>Caratteristiche del prodotto<\/h2>\n<ul>\n<li><strong>Calotta sferica rosa chiaro:<\/strong> Lo stile femminile \u00e8 reso pi\u00f9 dolce e grazioso dal design sferico rosa chiaro lucido, mentre la forma arrotondata lo rende pi\u00f9 facile da tenere in mano.<\/li>\n<li><strong>Bottiglia rettangolare corta ad alta trasparenza:<\/strong> La bottiglia rettangolare, corta e larga, \u00e8 piuttosto stabile, non tende a ribaltarsi e trasmette una sensazione di solidit\u00e0.<\/li>\n<li><strong>Pompa curva intrinseca:<\/strong> La pompa curva \u00e8 realizzata in cannuccia, che si inserisce nella bottiglia e si spruzza facilmente; il design complessivo \u00e8 bello e pulito.<\/li>\n<\/ul>\n<h2 style=\"text-align: left;\">Specifiche chiave<\/h2>\n<table class=\"aligncenter\" style=\"border-collapse: collapse; width: 432.02pt;\" border=\"0\" width=\"576\" cellspacing=\"0\" cellpadding=\"0\">\n<tbody>\n<tr style=\"height: 13.50pt;\">\n<td style=\"height: 13.50pt; width: 119.25pt;\" width=\"159\" height=\"18\">Specifica<\/td>\n<td style=\"width: 312.75pt;\" width=\"417\">Dettagli<\/td>\n<\/tr>\n<tr style=\"height: 13.50pt;\">\n<td style=\"height: 13.50pt;\" height=\"18\">Capacit\u00e0<\/td>\n<td>30 ml<\/td>\n<\/tr>\n<tr style=\"height: 13.50pt;\">\n<td style=\"height: 13.50pt;\" height=\"18\">Dimensioni<\/td>\n<td>40\u00d740\u00d748 mm<\/td>\n<\/tr>\n<tr style=\"height: 13.50pt;\">\n<td style=\"height: 13.50pt;\" height=\"18\">Materiale<\/td>\n<td>Vetro ad alta trasparenza<\/td>\n<\/tr>\n<tr style=\"height: 13.50pt;\">\n<td style=\"height: 13.50pt;\" height=\"18\">Forma della bottiglia<\/td>\n<td>Colonna quadrata corta con base arrotondata<\/td>\n<\/tr>\n<tr style=\"height: 13.50pt;\">\n<td style=\"height: 13.50pt;\" height=\"18\">Ambito di personalizzazione<\/td>\n<td>Forma, dimensione, colore, tipo di pompa, finitura<\/td>\n<\/tr>\n<tr style=\"height: 13.50pt;\">\n<td style=\"height: 13.50pt;\" height=\"18\">Artigianato<\/td>\n<td>Modanatura in vetro quadrato, rivestimento del tappo ad alta lucentezza<\/td>\n<\/tr>\n<tr style=\"height: 13.50pt;\">\n<td style=\"height: 13.50pt;\" height=\"18\">Scopo del prodotto<\/td>\n<td>Bottiglie di profumo da viaggio, piccole bottiglie di profumo<\/td>\n<\/tr>\n<tr style=\"height: 13.50pt;\">\n<td style=\"height: 13.50pt;\" height=\"18\">Industrie adatte<\/td>\n<td>Profumeria tradizionale e di nicchia, marchi di bellezza<\/td>\n<\/tr>\n<\/tbody>\n<\/table>\n<h2>Caso di successo: il debutto di un profumo virale di un marchio di bellezza coreano<\/h2>\n<p>Uno dei marchi di bellezza coreani pi\u00f9 popolari, con un&#039;estetica accattivante, ha deciso di utilizzare il nostro flacone da viaggio per profumo da 30 ml come confezione esclusiva, modificando il tappo rosa tenue e il flacone in vetro perlato. Il design esclusivo del flacone, un quadrato, \u00e8 diventato immediatamente virale sui social media, con oltre 1 milione di citazioni nel primo mese. Il design compatto e a tenuta stagna, con un tasso di successo nella spedizione del 99,9%, si adatta perfettamente al target di clienti con impegni e stili di vita frenetici. La domanda del mercato e l&#039;entusiasmo dei clienti sono stati due aspetti che hanno piacevolmente sorpreso il marchio, che ha prontamente ordinato altri 500.000 flaconi per la promozione globale.<\/p>\n<h2>Personalizzazione della bottiglia di profumo rosa<\/h2>\n<ul>\n<li>Colore del cappuccio personalizzato: scegli il colore del cappuccio sferico che preferisci, dai tenui colori pastello ai colori neon.<\/li>\n<li>Forma personalizzata del cappuccio: il cappuccio \u00e8 leggermente piegato a forma di cuore o piatto.<\/li>\n<li>Incisione laser su vetro: incidere la superficie del vetro della bottiglia con un cuore, una stella o il logo del marchio.<\/li>\n<li>Pannelli in vetro: smeriglia i pannelli anteriore e posteriore per creare un aspetto sognante e delicato.<\/li>\n<\/ul>","protected":false},"excerpt":{"rendered":"<p>Valorizza il tuo brand con i flaconi in vetro per profumi. Questi flaconi in vetro con nebulizzatore per profumi presentano bordi arrotondati e tappi in marmo dalla texture esclusiva. Spedizione veloce!<\/p>","protected":false},"featured_media":4629,"template":"","meta":{"postBodyCss":"","postBodyMargin":[],"postBodyPadding":[],"postBodyBackground":{"backgroundType":"classic","gradient":""}},"product_brand":[],"product_cat":[15,16,62],"product_tag":[],"class_list":{"0":"post-4622","1":"product","2":"type-product","3":"status-publish","4":"has-post-thumbnail","6":"product_cat-glass-containers","7":"product_cat-glass-bottles","8":"product_cat-perfume-bottles","10":"first","11":"instock","12":"shipping-taxable","13":"product-type-simple"},"jetpack_sharing_enabled":true,"_links":{"self":[{"href":"https:\/\/minghanggroup.com\/it\/wp-json\/wp\/v2\/product\/4622","targetHints":{"allow":["GET"]}}],"collection":[{"href":"https:\/\/minghanggroup.com\/it\/wp-json\/wp\/v2\/product"}],"about":[{"href":"https:\/\/minghanggroup.com\/it\/wp-json\/wp\/v2\/types\/product"}],"wp:featuredmedia":[{"embeddable":true,"href":"https:\/\/minghanggroup.com\/it\/wp-json\/wp\/v2\/media\/4629"}],"wp:attachment":[{"href":"https:\/\/minghanggroup.com\/it\/wp-json\/wp\/v2\/media?parent=4622"}],"wp:term":[{"taxonomy":"product_brand","embeddable":true,"href":"https:\/\/minghanggroup.com\/it\/wp-json\/wp\/v2\/product_brand?post=4622"},{"taxonomy":"product_cat","embeddable":true,"href":"https:\/\/minghanggroup.com\/it\/wp-json\/wp\/v2\/product_cat?post=4622"},{"taxonomy":"product_tag","embeddable":true,"href":"https:\/\/minghanggroup.com\/it\/wp-json\/wp\/v2\/product_tag?post=4622"}],"curies":[{"name":"wp","href":"https:\/\/api.w.org\/{rel}","templated":true}]}}