{"id":4607,"date":"2026-01-13T16:28:57","date_gmt":"2026-01-13T08:28:57","guid":{"rendered":"https:\/\/minghanggroup.com\/?post_type=product&#038;p=4607"},"modified":"2026-01-13T16:54:05","modified_gmt":"2026-01-13T08:54:05","slug":"1-6oz-vintage-small-perfume-bottles-with-wooden-lids-bulk","status":"publish","type":"product","link":"https:\/\/minghanggroup.com\/it\/prodotto\/1-6oz-vintage-small-perfume-bottles-with-wooden-lids-bulk\/","title":{"rendered":"Bottiglie di profumo vintage da 1,6 once con coperchi in legno, sfuse"},"content":{"rendered":"<p>Le tue piccole boccette di profumo vintage non dovrebbero solo contenere il profumo: dovrebbero sussurrare &#034;lusso&#034; nel momento in cui le sollevi. Come produttori di flaconi per profumi, realizziamo flaconi in vetro che trasformano il tuo profumo personalizzato in un tesoro senza tempo.<\/p>\n<h2>Caratteristiche del prodotto<\/h2>\n<ul>\n<li><strong>Silhouette rettangolare senza tempo: <\/strong>Linee pulite e morbide, un&#039;anima vintage per il packaging del tuo profumo.<\/li>\n<li><strong>Legno, Eleganza del cappuccio testurizzato: <\/strong>Tappi in legno naturale con vetro trasparente? La confezione del profumo trasmette immediatamente un contrasto organico.<\/li>\n<li><strong>Base stabilizzata: <\/strong>Fondo extra spesso, niente oscillazioni sugli scaffali. La tua boccetta di profumo in vetro non \u00e8 solo visivamente pesante, ma \u00e8 anche di alta qualit\u00e0.<\/li>\n<\/ul>\n<h2>Specifiche chiave<\/h2>\n<table style=\"border-collapse: collapse; width: 80%; margin-left: auto; margin-right: auto;\" border=\"0\" width=\"288\" cellspacing=\"0\" cellpadding=\"0\">\n<tbody>\n<tr style=\"height: 13.50pt;\">\n<td style=\"height: 13.5pt; width: 54pt; text-align: center;\" width=\"72\" height=\"18\">Misurare<\/td>\n<td style=\"width: 54pt; text-align: center;\" width=\"72\">Dimensioni (mm)<\/td>\n<td style=\"width: 54pt; text-align: center;\" width=\"72\">Finitura del tappo<\/td>\n<td style=\"width: 54pt; text-align: center;\" width=\"72\">Tipo di tenuta<\/td>\n<\/tr>\n<tr style=\"height: 13.50pt;\">\n<td style=\"height: 13.5pt; text-align: center;\" height=\"18\">50 ml \/ 1,6 once<\/td>\n<td style=\"text-align: center;\">39\u00d725\u00d7115<\/td>\n<td style=\"text-align: center;\">Texture legno<\/td>\n<td style=\"text-align: center;\">Parte superiore dello spray (atomizzatore)<\/td>\n<\/tr>\n<\/tbody>\n<\/table>\n<h2>Caso di successo<\/h2>\n<p>Un&#039;azienda di profumi incentrata su fragranze naturali e minimaliste desiderava che il suo packaging trasmettesse un tocco di artigianalit\u00e0, pur essendo molto semplice. Per il lancio della sua ultima collezione, ha scelto i nostri mini flaconi di profumo retr\u00f2 e li ha resi unici applicando una delicata finitura satinata, un logo delicatamente inciso sul fondo del flacone e un tappo in legno naturale per enfatizzare l&#039;approccio green del marchio.<\/p>\n<p>In meno di due stagioni, l&#039;azienda ha ampliato la gamma utilizzando lo stesso design di bottiglia in diversi colori e ha continuato a ordinarne grandi quantit\u00e0, trasformando cos\u00ec questa bottiglia personalizzata in un elemento fisso a lungo termine per la sua linea di prodotti principale.<\/p>\n<h2>Le tue opzioni di personalizzazione<\/h2>\n<ol>\n<li><strong>Piano con texture in legno:<\/strong> Abbina il materiale del coperchio alla fragranza del tuo profumo: legno per le erbe, metallo per gli agrumi.<\/li>\n<li><strong>Serigrafia per il patrimonio:<\/strong> Aggiungi stampe floreali vintage e le tue idee per confezionare i tuoi profumi diventeranno pezzi da collezione.<\/li>\n<li><strong>Vetro smerigliato per una luce soffusa:<\/strong> Lieve brina solo nel terzo superiore, luminosit\u00e0 naturale durante il giorno.<\/li>\n<\/ol>","protected":false},"excerpt":{"rendered":"<p>Soluzione di packaging in vetro: piccole bottiglie di profumo vintage dal profilo sottile. Fornitura diretta dalla fabbrica, campioni gratuiti, personalizzazione in grandi quantit\u00e0 per bottiglie di profumo da 1,6 once.<\/p>","protected":false},"featured_media":4611,"template":"","meta":{"postBodyCss":"","postBodyMargin":[],"postBodyPadding":[],"postBodyBackground":{"backgroundType":"classic","gradient":""}},"product_brand":[],"product_cat":[15,16,62],"product_tag":[],"class_list":{"0":"post-4607","1":"product","2":"type-product","3":"status-publish","4":"has-post-thumbnail","6":"product_cat-glass-containers","7":"product_cat-glass-bottles","8":"product_cat-perfume-bottles","10":"first","11":"instock","12":"shipping-taxable","13":"product-type-simple"},"jetpack_sharing_enabled":true,"_links":{"self":[{"href":"https:\/\/minghanggroup.com\/it\/wp-json\/wp\/v2\/product\/4607","targetHints":{"allow":["GET"]}}],"collection":[{"href":"https:\/\/minghanggroup.com\/it\/wp-json\/wp\/v2\/product"}],"about":[{"href":"https:\/\/minghanggroup.com\/it\/wp-json\/wp\/v2\/types\/product"}],"wp:featuredmedia":[{"embeddable":true,"href":"https:\/\/minghanggroup.com\/it\/wp-json\/wp\/v2\/media\/4611"}],"wp:attachment":[{"href":"https:\/\/minghanggroup.com\/it\/wp-json\/wp\/v2\/media?parent=4607"}],"wp:term":[{"taxonomy":"product_brand","embeddable":true,"href":"https:\/\/minghanggroup.com\/it\/wp-json\/wp\/v2\/product_brand?post=4607"},{"taxonomy":"product_cat","embeddable":true,"href":"https:\/\/minghanggroup.com\/it\/wp-json\/wp\/v2\/product_cat?post=4607"},{"taxonomy":"product_tag","embeddable":true,"href":"https:\/\/minghanggroup.com\/it\/wp-json\/wp\/v2\/product_tag?post=4607"}],"curies":[{"name":"wp","href":"https:\/\/api.w.org\/{rel}","templated":true}]}}