{"id":4598,"date":"2026-01-13T14:38:53","date_gmt":"2026-01-13T06:38:53","guid":{"rendered":"https:\/\/minghanggroup.com\/?post_type=product&#038;p=4598"},"modified":"2026-01-13T16:51:05","modified_gmt":"2026-01-13T08:51:05","slug":"square-glass-perfume-atomiser-bottles-wholesale","status":"publish","type":"product","link":"https:\/\/minghanggroup.com\/it\/prodotto\/square-glass-perfume-atomiser-bottles-wholesale\/","title":{"rendered":"Flaconi per profumo in vetro quadrato da 30 ml, 50 ml e 100 ml all&#039;ingrosso"},"content":{"rendered":"<p>Questi flaconi spray per profumo sono realizzati in vetro cristallino e hanno una forma quadrata delicatamente intagliata. I tappi sono disponibili in tre diverse texture: nero, grigio e trasparente satinato, che presentano piccole differenze visive.<\/p>\n<h2>Caratteristiche del prodotto<\/h2>\n<ul>\n<li><strong>Bottiglia quadrata arrotondata:<\/strong> La forma quadrata arrotondata ha il vantaggio di mantenere le linee rette di una forma quadrata, ma gli angoli arrotondati rendono i bordi netti puliti e comodi da impugnare.<\/li>\n<li><strong>Materiale del cristallo grande e trasparente:<\/strong> Il vetro lucido e cristallino offrir\u00e0 una visione chiara e nitida del tuo profumo.<\/li>\n<li><strong>Diverse varianti di cappuccio testurizzato:<\/strong> I tappi neri, grigi e trasparenti satinati creano un effetto visivo interessante e si abbinano a vari stili di confezionamento dei profumi.<\/li>\n<\/ul>\n<h2 style=\"text-align: left;\">Specifiche chiave<\/h2>\n<table class=\"aligncenter\" style=\"border-collapse: collapse; width: 378.77pt;\" border=\"0\" width=\"505\" cellspacing=\"0\" cellpadding=\"0\">\n<tbody>\n<tr style=\"height: 13.50pt;\">\n<td style=\"height: 13.50pt; width: 119.25pt;\" width=\"159\" height=\"18\">Specifica<\/td>\n<td style=\"width: 259.50pt;\" width=\"346\">Dettagli<\/td>\n<\/tr>\n<tr style=\"height: 13.50pt;\">\n<td style=\"height: 13.50pt;\" height=\"18\">Capacit\u00e0<\/td>\n<td>30 ml \/ 50 ml \/ 100 ml<\/td>\n<\/tr>\n<tr style=\"height: 13.50pt;\">\n<td style=\"height: 13.50pt;\" height=\"18\">Dimensioni<\/td>\n<td>52\u00d728\u00d763mm \/ 61\u00d729\u00d772mm \/ 81\u00d735\u00d789mm<\/td>\n<\/tr>\n<tr style=\"height: 13.50pt;\">\n<td style=\"height: 13.50pt;\" height=\"18\">Materiale<\/td>\n<td>Vetro cristallino<\/td>\n<\/tr>\n<tr style=\"height: 13.50pt;\">\n<td style=\"height: 13.50pt;\" height=\"18\">Forma della bottiglia<\/td>\n<td>Prisma quadrato arrotondato<\/td>\n<\/tr>\n<tr style=\"height: 13.50pt;\">\n<td style=\"height: 13.50pt;\" height=\"18\">Ambito di personalizzazione<\/td>\n<td>Forma, dimensione, colore, finitura, capacit\u00e0<\/td>\n<\/tr>\n<tr style=\"height: 13.50pt;\">\n<td style=\"height: 13.50pt;\" height=\"18\">Artigianato<\/td>\n<td>Stampaggio di precisione del vetro<\/td>\n<\/tr>\n<tr style=\"height: 13.50pt;\">\n<td style=\"height: 13.50pt;\" height=\"18\">Scopo del prodotto<\/td>\n<td>Bottiglie di vetro per profumi, contenitori per fragranze<\/td>\n<\/tr>\n<tr style=\"height: 13.50pt;\">\n<td style=\"height: 13.50pt;\" height=\"18\">Industrie adatte<\/td>\n<td>Marchi di profumi, marchi di lifestyle<\/td>\n<\/tr>\n<\/tbody>\n<\/table>\n<h2>Storia di successo<\/h2>\n<p>I flaconi in vetro da 100 ml con nebulizzatore per profumo sono stati ordinati da un marchio con sede a Toronto che offre servizi di profumazione personalizzata, e il motivo della foglia \u00e8 stato inciso al laser sul flacone in base alle richieste del cliente. La morbida forma quadrata ha fatto s\u00ec che il 90% dei clienti ne abbia apprezzato la piacevole sensazione al tatto. La soddisfazione dei clienti \u00e8 aumentata del 42% anche grazie alla maggiore facilit\u00e0 di decorazione con il vetro. Il mercato \u00e8 stato estremamente positivo e il marchio ha appena ordinato 380.000 flaconi in vetro per profumo per aiutarlo ad espandere i suoi negozi in franchising.<\/p>\n<h2>Personalizzazione di flaconi di profumo in vetro<\/h2>\n<ul>\n<li>Materiali e texture speciali del cappuccio: i cappucci possono essere realizzati con materiali speciali, ad esempio legno, pietra, ceramica o gomma.<\/li>\n<li>Incisione laser sui lati: sul pannello di vetro piano \u00e8 possibile incidere loghi semplici, disegni geometrici o elenchi di ingredienti.<\/li>\n<li>Inserto decorativo in metallo: la giunzione tra la bottiglia e il tappo \u00e8 realizzata con una sottile striscia di metallo (rame, ottone).<\/li>\n<li>Serigrafia: i bordi sottili o i motivi delle etichette vengono stampati sulla superficie del vetro.<\/li>\n<\/ul>","protected":false},"excerpt":{"rendered":"<p>Valorizza il tuo brand con i flaconi in vetro per profumi. Questi flaconi in vetro con nebulizzatore per profumi presentano bordi arrotondati e tappi in marmo dalla texture esclusiva. Spedizione veloce!<\/p>","protected":false},"featured_media":4604,"template":"","meta":{"postBodyCss":"","postBodyMargin":[],"postBodyPadding":[],"postBodyBackground":{"backgroundType":"classic","gradient":""}},"product_brand":[],"product_cat":[15,16,62],"product_tag":[],"class_list":{"0":"post-4598","1":"product","2":"type-product","3":"status-publish","4":"has-post-thumbnail","6":"product_cat-glass-containers","7":"product_cat-glass-bottles","8":"product_cat-perfume-bottles","10":"first","11":"instock","12":"shipping-taxable","13":"product-type-simple"},"jetpack_sharing_enabled":true,"_links":{"self":[{"href":"https:\/\/minghanggroup.com\/it\/wp-json\/wp\/v2\/product\/4598","targetHints":{"allow":["GET"]}}],"collection":[{"href":"https:\/\/minghanggroup.com\/it\/wp-json\/wp\/v2\/product"}],"about":[{"href":"https:\/\/minghanggroup.com\/it\/wp-json\/wp\/v2\/types\/product"}],"wp:featuredmedia":[{"embeddable":true,"href":"https:\/\/minghanggroup.com\/it\/wp-json\/wp\/v2\/media\/4604"}],"wp:attachment":[{"href":"https:\/\/minghanggroup.com\/it\/wp-json\/wp\/v2\/media?parent=4598"}],"wp:term":[{"taxonomy":"product_brand","embeddable":true,"href":"https:\/\/minghanggroup.com\/it\/wp-json\/wp\/v2\/product_brand?post=4598"},{"taxonomy":"product_cat","embeddable":true,"href":"https:\/\/minghanggroup.com\/it\/wp-json\/wp\/v2\/product_cat?post=4598"},{"taxonomy":"product_tag","embeddable":true,"href":"https:\/\/minghanggroup.com\/it\/wp-json\/wp\/v2\/product_tag?post=4598"}],"curies":[{"name":"wp","href":"https:\/\/api.w.org\/{rel}","templated":true}]}}