{"id":4582,"date":"2026-01-13T11:42:11","date_gmt":"2026-01-13T03:42:11","guid":{"rendered":"https:\/\/minghanggroup.com\/?post_type=product&#038;p=4582"},"modified":"2026-01-13T16:50:08","modified_gmt":"2026-01-13T08:50:08","slug":"small-ribbed-travel-containers-for-perfume-wholesale","status":"publish","type":"product","link":"https:\/\/minghanggroup.com\/it\/prodotto\/small-ribbed-travel-containers-for-perfume-wholesale\/","title":{"rendered":"Contenitori da viaggio a coste piccoli da 15 ml per profumi all&#039;ingrosso"},"content":{"rendered":"<p>Questi contenitori da viaggio per profumi sono realizzati in cristallo striato, con il corpo trasparente che crea un contrasto con la parte superiore sferica nera lucida. Sono piccoli, con una capacit\u00e0 di 15 ml, quindi possono essere trasportati facilmente in borsa.<\/p>\n<h2>Caratteristiche del prodotto<\/h2>\n<ul>\n<li><strong>Formato portatile da 15 ml:<\/strong> Il formato da 15 ml \u00e8 adatto a sopportare l&#039;applicazione quotidiana di tocchi e si adatta ai criteri del packaging dei profumi di nicchia.<\/li>\n<li><strong>Bottiglia di cristallo testurizzata:<\/strong> La bottiglia in cristallo a strisce, cos\u00ec trasparente, ha una buona presa e riflette la luce, conferendole uno stile vintage.<\/li>\n<li><strong>Progettazione combinata:<\/strong> Ci\u00f2 \u00e8 possibile grazie all&#039;ingegnoso utilizzo di una base cilindrica e di un corpo quadrato, che garantiscono una buona presa e conferiscono un aspetto pulito.<\/li>\n<\/ul>\n<h2 style=\"text-align: left;\">Specifiche chiave<\/h2>\n<table class=\"aligncenter\" style=\"border-collapse: collapse; width: 366.77pt;\" border=\"0\" width=\"489\" cellspacing=\"0\" cellpadding=\"0\">\n<tbody>\n<tr style=\"height: 13.50pt;\">\n<td style=\"height: 13.50pt; width: 119.25pt;\" width=\"159\" height=\"18\">Attributo<\/td>\n<td style=\"width: 247.50pt;\" width=\"330\">Dettagli<\/td>\n<\/tr>\n<tr style=\"height: 13.50pt;\">\n<td style=\"height: 13.50pt;\" height=\"18\">Capacit\u00e0<\/td>\n<td>15 ml<\/td>\n<\/tr>\n<tr style=\"height: 13.50pt;\">\n<td style=\"height: 13.50pt;\" height=\"18\">Dimensioni<\/td>\n<td>32 \u00d7 50 millimetri<\/td>\n<\/tr>\n<tr style=\"height: 13.50pt;\">\n<td style=\"height: 13.50pt;\" height=\"18\">Materiale<\/td>\n<td>Vetro testurizzato cristallino<\/td>\n<\/tr>\n<tr style=\"height: 13.50pt;\">\n<td style=\"height: 13.50pt;\" height=\"18\">Forma della bottiglia<\/td>\n<td>Cilindro<\/td>\n<\/tr>\n<tr style=\"height: 13.50pt;\">\n<td style=\"height: 13.50pt;\" height=\"18\">Ambito di personalizzazione<\/td>\n<td>Colore, spruzzatura, glassatura, dimensione<\/td>\n<\/tr>\n<tr style=\"height: 13.50pt;\">\n<td style=\"height: 13.50pt;\" height=\"18\">Utilizzo del prodotto<\/td>\n<td>Contenitore per profumo, flaconi per profumo da viaggio<\/td>\n<\/tr>\n<tr style=\"height: 13.50pt;\">\n<td style=\"height: 13.50pt;\" height=\"18\">Settori target<\/td>\n<td>Profumi di nicchia, marchi di profumi personalizzati<\/td>\n<\/tr>\n<\/tbody>\n<\/table>\n<h2>Storia di successo<\/h2>\n<p>I nostri contenitori da viaggio da 15 ml per profumi sono stati personalizzati con un corpo in vetro color ambra intenso e un design a righe, in omaggio all&#039;azienda di profumi europea con sede a 100 anni di storia. Il contorno a coste \u00e8 diventato un elemento distintivo e il riconoscimento del marchio ha raggiunto il 90% del mercato di nicchia. Il formato da 15 ml era ideale per la loro idea di viaggio di 5 giorni ed \u00e8 il pi\u00f9 venduto della serie. Il design retr\u00f2 ha anche aumentato del 450% l&#039;interesse dei blogger di lifestyle sui social media. Il marchio \u00e8 stato soddisfatto e ha ordinato un altro stock di 600.000 flaconi per le sue altre tre collezioni da viaggio ispirate alla tradizione.<\/p>\n<h2>Personalizzazione di flaconi di profumo da viaggio<\/h2>\n<ul>\n<li>Colori e tonalit\u00e0 del vetro: le opzioni di colore del vetro sono trasparente, ambra, blu cobalto o altri colori in stile retr\u00f2.<\/li>\n<li>Variazioni del motivo delle nervature: personalizza la larghezza, la profondit\u00e0 o la distanza tra le nervature verticali sulla bottiglia.<\/li>\n<li>Incisione laser: incidi loghi retr\u00f2, motivi di viaggio o coordinate sul pannello frontale liscio.<\/li>\n<li>Serigrafia: stampa etichette o bordi in stile retr\u00f2 sul pannello piatto di vetro.<\/li>\n<\/ul>","protected":false},"excerpt":{"rendered":"<p>Contenitori da viaggio per profumi in vetro cristallo da 15 ml con texture verticale e tappo nero lucido. Flaconi da viaggio di alta qualit\u00e0 per profumi, forniti direttamente dalla fabbrica.<\/p>","protected":false},"featured_media":4583,"template":"","meta":{"postBodyCss":"","postBodyMargin":[],"postBodyPadding":[],"postBodyBackground":{"backgroundType":"classic","gradient":""}},"product_brand":[],"product_cat":[15,16,62],"product_tag":[],"class_list":{"0":"post-4582","1":"product","2":"type-product","3":"status-publish","4":"has-post-thumbnail","6":"product_cat-glass-containers","7":"product_cat-glass-bottles","8":"product_cat-perfume-bottles","10":"first","11":"instock","12":"shipping-taxable","13":"product-type-simple"},"jetpack_sharing_enabled":true,"_links":{"self":[{"href":"https:\/\/minghanggroup.com\/it\/wp-json\/wp\/v2\/product\/4582","targetHints":{"allow":["GET"]}}],"collection":[{"href":"https:\/\/minghanggroup.com\/it\/wp-json\/wp\/v2\/product"}],"about":[{"href":"https:\/\/minghanggroup.com\/it\/wp-json\/wp\/v2\/types\/product"}],"wp:featuredmedia":[{"embeddable":true,"href":"https:\/\/minghanggroup.com\/it\/wp-json\/wp\/v2\/media\/4583"}],"wp:attachment":[{"href":"https:\/\/minghanggroup.com\/it\/wp-json\/wp\/v2\/media?parent=4582"}],"wp:term":[{"taxonomy":"product_brand","embeddable":true,"href":"https:\/\/minghanggroup.com\/it\/wp-json\/wp\/v2\/product_brand?post=4582"},{"taxonomy":"product_cat","embeddable":true,"href":"https:\/\/minghanggroup.com\/it\/wp-json\/wp\/v2\/product_cat?post=4582"},{"taxonomy":"product_tag","embeddable":true,"href":"https:\/\/minghanggroup.com\/it\/wp-json\/wp\/v2\/product_tag?post=4582"}],"curies":[{"name":"wp","href":"https:\/\/api.w.org\/{rel}","templated":true}]}}