{"id":4581,"date":"2026-01-13T16:29:49","date_gmt":"2026-01-13T08:29:49","guid":{"rendered":"https:\/\/minghanggroup.com\/?post_type=product&#038;p=4581"},"modified":"2026-01-13T16:51:56","modified_gmt":"2026-01-13T08:51:56","slug":"glass-perfume-bottle-fancy-design-for-packaging-bulk","status":"publish","type":"product","link":"https:\/\/minghanggroup.com\/it\/prodotto\/glass-perfume-bottle-fancy-design-for-packaging-bulk\/","title":{"rendered":"Flacone di profumo in vetro da 100 ml, design elegante per imballaggio sfuso"},"content":{"rendered":"<p>La tua boccetta di profumo quadrata rosa non dovrebbe solo contenere il profumo: dovrebbe anche far fermare gli utenti a met\u00e0 pagina. Come designer di flaconi di profumo di alta qualit\u00e0, realizziamo flaconi di profumo in vetro che trasformano il tuo profumo personalizzato in un momento di lusso immediato.<\/p>\n<h2>Caratteristiche del prodotto<\/h2>\n<ul>\n<li><strong>Contrasto del berretto rosa: <\/strong>Tappi rosa tenue con uno strato di vetro trasparente? Il packaging del tuo profumo avr\u00e0 un impatto visivo immediato.<\/li>\n<li><strong>Rettangolo stabilizzato: <\/strong>Fondo spesso, nessuna oscillazione che ricopre lo scaffale. Il tuo flacone di profumo in vetro ha un peso notevole e una sensazione di qualit\u00e0.<\/li>\n<li><strong>Accenti dorati: <\/strong>Tappo rosa + anello dorato? Il packaging del tuo profumo acquisir\u00e0 un&#039;eleganza immediata.<\/li>\n<\/ul>\n<h2>Specifiche chiave<\/h2>\n<table style=\"border-collapse: collapse; width: 80%; margin-left: auto; margin-right: auto;\" border=\"0\" width=\"288\" cellspacing=\"0\" cellpadding=\"0\">\n<tbody>\n<tr style=\"height: 13.50pt;\">\n<td style=\"height: 13.5pt; width: 54pt; text-align: center;\" width=\"72\" height=\"18\">Misurare<\/td>\n<td style=\"width: 54pt; text-align: center;\" width=\"72\">Dimensioni (mm)<\/td>\n<td style=\"width: 54pt; text-align: center;\" width=\"72\">Colore del cappuccio<\/td>\n<td style=\"width: 54pt; text-align: center;\" width=\"72\">Tipo di tenuta<\/td>\n<\/tr>\n<tr style=\"height: 13.50pt;\">\n<td style=\"height: 13.5pt; text-align: center;\" height=\"18\">100 ml<\/td>\n<td style=\"text-align: center;\">70 \u00d7 37 \u00d7 97<\/td>\n<td style=\"text-align: center;\">Rosa<\/td>\n<td style=\"text-align: center;\">Parte superiore dello spray (atomizzatore)<\/td>\n<\/tr>\n<\/tbody>\n<\/table>\n<h2>Caso di successo<\/h2>\n<p>Un marchio di profumi stava per lanciare una nuova fragranza femminile e, pertanto, cercava un packaging che riflettesse immediatamente l&#039;eleganza e l&#039;identit\u00e0 del marchio. Per la prima produzione, hanno optato per i nostri flaconi di profumo quadrati in vetro e li hanno personalizzati con una delicata tonalit\u00e0 rosa, una finitura superficiale satinata e un logo leggermente in rilievo sul pannello frontale. Inoltre, sono stati utilizzati delicati motivi serigrafici in seta per aggiungere un tocco di profondit\u00e0 visiva senza prevalere sullo stile minimalista.<\/p>\n<p>Il risultato \u00e8 stato un restyling del packaging che ha notevolmente migliorato l&#039;attrattiva sugli scaffali e la riconoscibilit\u00e0 del marchio, favorendo cos\u00ec un aumento del 35% delle vendite nei primi due mesi dal lancio. Da allora, il marchio ha effettuato numerosi ordini all&#039;ingrosso per le sue collezioni stagionali.<\/p>\n<h2>Le tue opzioni di personalizzazione<\/h2>\n<ol>\n<li><strong>Tappo rosa: <\/strong>Rosa per i fiori, argento per gli agrumi: il tuo tappo racconta gi\u00e0 la storia prima ancora del primo spruzzo.<\/li>\n<li><strong>Stampa UV per la decorazione: <\/strong>Perch\u00e9 non trasformare le tue soluzioni di confezionamento per fragranze in opere d&#039;arte aggiungendo un motivo floreale al vetro?<\/li>\n<li><strong>Decorazione rosa satinato: <\/strong>Un tocco di classe sarebbe quello di glassare solo 1\/3 superiore del vetro: il colore rosa verr\u00e0 delicatamente illuminato dalla luce del giorno. Le tue soluzioni di packaging per fragranze diventeranno instagrammabili.<\/li>\n<\/ol>","protected":false},"excerpt":{"rendered":"<p>Flacone di profumo dal design elegante, con una delicata tonalit\u00e0 rosa e forma quadrata. Flacone di profumo quadrato rosa disponibile direttamente dalla fabbrica, con campioni gratuiti e opzioni personalizzate.<\/p>","protected":false},"featured_media":4590,"template":"","meta":{"postBodyCss":"","postBodyMargin":[],"postBodyPadding":[],"postBodyBackground":{"backgroundType":"classic","gradient":""}},"product_brand":[],"product_cat":[15,16,62],"product_tag":[],"class_list":{"0":"post-4581","1":"product","2":"type-product","3":"status-publish","4":"has-post-thumbnail","6":"product_cat-glass-containers","7":"product_cat-glass-bottles","8":"product_cat-perfume-bottles","10":"first","11":"instock","12":"shipping-taxable","13":"product-type-simple"},"jetpack_sharing_enabled":true,"_links":{"self":[{"href":"https:\/\/minghanggroup.com\/it\/wp-json\/wp\/v2\/product\/4581","targetHints":{"allow":["GET"]}}],"collection":[{"href":"https:\/\/minghanggroup.com\/it\/wp-json\/wp\/v2\/product"}],"about":[{"href":"https:\/\/minghanggroup.com\/it\/wp-json\/wp\/v2\/types\/product"}],"wp:featuredmedia":[{"embeddable":true,"href":"https:\/\/minghanggroup.com\/it\/wp-json\/wp\/v2\/media\/4590"}],"wp:attachment":[{"href":"https:\/\/minghanggroup.com\/it\/wp-json\/wp\/v2\/media?parent=4581"}],"wp:term":[{"taxonomy":"product_brand","embeddable":true,"href":"https:\/\/minghanggroup.com\/it\/wp-json\/wp\/v2\/product_brand?post=4581"},{"taxonomy":"product_cat","embeddable":true,"href":"https:\/\/minghanggroup.com\/it\/wp-json\/wp\/v2\/product_cat?post=4581"},{"taxonomy":"product_tag","embeddable":true,"href":"https:\/\/minghanggroup.com\/it\/wp-json\/wp\/v2\/product_tag?post=4581"}],"curies":[{"name":"wp","href":"https:\/\/api.w.org\/{rel}","templated":true}]}}