{"id":4576,"date":"2026-01-13T10:51:34","date_gmt":"2026-01-13T02:51:34","guid":{"rendered":"https:\/\/minghanggroup.com\/?post_type=product&#038;p=4576"},"modified":"2026-01-13T16:51:38","modified_gmt":"2026-01-13T08:51:38","slug":"mini-fragrance-bottles-for-travel-design-wholesale","status":"publish","type":"product","link":"https:\/\/minghanggroup.com\/it\/prodotto\/mini-fragrance-bottles-for-travel-design-wholesale\/","title":{"rendered":"Mini flaconi di profumo da 10 ml per design da viaggio all&#039;ingrosso"},"content":{"rendered":"<p>Si tratta di una linea di mini flaconi per profumo, composta da due accattivanti design: il sottile prisma quadrato e il classico flacone cilindrico: ogni modello contiene 10 ml. I flaconi in miniatura sono realizzati in vetro trasparente e possono quindi essere riposti in qualsiasi tasca o borsa.<\/p>\n<h2>Caratteristiche del prodotto<\/h2>\n<ul>\n<li><strong>Piccolo e squisito:<\/strong> Questo flacone di profumo \u00e8 progettato in modo compatto, pratico e gradevole alla vista, in quanto pu\u00f2 essere riposto in qualsiasi borsa o tasca.<\/li>\n<li><strong>Quadrato o cilindrico:<\/strong> Puoi optare per una bottiglia quadrata ed elegante oppure per una bottiglia cilindrica pi\u00f9 vecchia, paragonabile al tuo marchio.<\/li>\n<li><strong>Bottiglia di vetro trasparente:<\/strong> Il flacone \u00e8 realizzato in vetro trasparente, che consente agli ospiti di vedere la quantit\u00e0 di profumo rimasta al suo interno, conferendogli un carattere puro e impeccabile.<\/li>\n<\/ul>\n<h2 style=\"text-align: left;\">Specifiche chiave<\/h2>\n<table class=\"aligncenter\" style=\"border-collapse: collapse; width: 473.27pt;\" border=\"0\" width=\"631\" cellspacing=\"0\" cellpadding=\"0\">\n<tbody>\n<tr style=\"height: 13.50pt;\">\n<td style=\"height: 13.50pt; width: 119.25pt;\" width=\"159\" height=\"18\">Specifica<\/td>\n<td style=\"width: 354.00pt;\" width=\"472\">Dettagli<\/td>\n<\/tr>\n<tr style=\"height: 13.50pt;\">\n<td style=\"height: 13.50pt;\" height=\"18\">Capacit\u00e0<\/td>\n<td>10 ml (tutti gli stili)<\/td>\n<\/tr>\n<tr style=\"height: 13.50pt;\">\n<td style=\"height: 13.50pt;\" height=\"18\">Dimensioni<\/td>\n<td>17\u00d717\u00d799mm \/ 21\u00d721\u00d7103mm (Quadrato) \/ 23\u00d7105mm (Cilindro)<\/td>\n<\/tr>\n<tr style=\"height: 13.50pt;\">\n<td style=\"height: 13.50pt;\" height=\"18\">Materiale<\/td>\n<td>Vetro trasparente, tappi in metallo<\/td>\n<\/tr>\n<tr style=\"height: 13.50pt;\">\n<td style=\"height: 13.50pt;\" height=\"18\">Forma della bottiglia<\/td>\n<td>Prisma quadrato e cilindro<\/td>\n<\/tr>\n<tr style=\"height: 13.50pt;\">\n<td style=\"height: 13.50pt;\" height=\"18\">Ambito di personalizzazione<\/td>\n<td>Forma, dimensione, colore\/tinta della bottiglia<\/td>\n<\/tr>\n<tr style=\"height: 13.50pt;\">\n<td style=\"height: 13.50pt;\" height=\"18\">Artigianato<\/td>\n<td>Soffiatura di precisione del vetro in miniatura, assemblaggio di tappi in metallo<\/td>\n<\/tr>\n<tr style=\"height: 13.50pt;\">\n<td style=\"height: 13.50pt;\" height=\"18\">Scopo del prodotto<\/td>\n<td>Contenitori per profumi da viaggio, flaconi per campioni di profumo<\/td>\n<\/tr>\n<tr style=\"height: 13.50pt;\">\n<td style=\"height: 13.50pt;\" height=\"18\">Industrie adatte<\/td>\n<td>Ospitalit\u00e0, Travel Retail, Marche di profumi<\/td>\n<\/tr>\n<\/tbody>\n<\/table>\n<h2>Storia di successo: servizi speciali per una catena alberghiera di lusso<\/h2>\n<p>Una catena alberghiera a cinque stelle ha ordinato i nostri mini flaconi di profumo, personalizzandoli in base alle proprie esigenze e caratterizzati da un tappo dorato e da un&#039;elegante finitura satinata con il logo dell&#039;hotel. Il formato da 10 ml \u00e8 ideale per gli ospiti e il 92% di loro ha portato con s\u00e9 il flacone come souvenir. Gli ospiti hanno apprezzato i servizi offerti nelle camere per l&#039;80%, grazie all&#039;aspetto raffinato di questo flacone di profumo a lunga durata. La catena alberghiera \u00e8 rimasta soddisfatta dell&#039;accoglienza e della promozione positive del marchio, tanto da ordinarne altri 800.000 flaconi, che saranno distribuiti tra i suoi hotel in tutto il mondo.<\/p>\n<h2>Contenitori per profumi da viaggio con personalizzazione premium<\/h2>\n<ul>\n<li>Opzioni di colore del vetro: i clienti possono utilizzare il vetro trasparente, grigio fum\u00e9 o ambra per migliorare la protezione dai raggi UV o per il branding.<\/li>\n<li>Effetto vetro satinato: le facciate completamente o parzialmente satinate dell&#039;opera finita conferiscono un aspetto morbido e lussuoso.<\/li>\n<li>Serigrafia: \u00e8 possibile stampare un piccolo logo o un&#039;immagine sul lato della bottiglia per garantire un&#039;immagine del marchio definita.<\/li>\n<li>Spruzzatore da viaggio: \u00e8 di alta qualit\u00e0 e la sua pompa spruzzatrice da viaggio \u00e8 a prova di perdite e pu\u00f2 essere utilizzata facilmente.<\/li>\n<\/ul>","protected":false},"excerpt":{"rendered":"<p>Il nostro set di contenitori da viaggio per profumi \u00e8 caratterizzato da vetro quadrato e cilindrico. Queste mini boccette di profumo sono dotate di coperchi di alta qualit\u00e0 in oro e argento. Campioni gratuiti.<\/p>","protected":false},"featured_media":4580,"template":"","meta":{"postBodyCss":"","postBodyMargin":[],"postBodyPadding":[],"postBodyBackground":{"backgroundType":"classic","gradient":""}},"product_brand":[],"product_cat":[15,16,62],"product_tag":[],"class_list":{"0":"post-4576","1":"product","2":"type-product","3":"status-publish","4":"has-post-thumbnail","6":"product_cat-glass-containers","7":"product_cat-glass-bottles","8":"product_cat-perfume-bottles","10":"first","11":"instock","12":"shipping-taxable","13":"product-type-simple"},"jetpack_sharing_enabled":true,"_links":{"self":[{"href":"https:\/\/minghanggroup.com\/it\/wp-json\/wp\/v2\/product\/4576","targetHints":{"allow":["GET"]}}],"collection":[{"href":"https:\/\/minghanggroup.com\/it\/wp-json\/wp\/v2\/product"}],"about":[{"href":"https:\/\/minghanggroup.com\/it\/wp-json\/wp\/v2\/types\/product"}],"wp:featuredmedia":[{"embeddable":true,"href":"https:\/\/minghanggroup.com\/it\/wp-json\/wp\/v2\/media\/4580"}],"wp:attachment":[{"href":"https:\/\/minghanggroup.com\/it\/wp-json\/wp\/v2\/media?parent=4576"}],"wp:term":[{"taxonomy":"product_brand","embeddable":true,"href":"https:\/\/minghanggroup.com\/it\/wp-json\/wp\/v2\/product_brand?post=4576"},{"taxonomy":"product_cat","embeddable":true,"href":"https:\/\/minghanggroup.com\/it\/wp-json\/wp\/v2\/product_cat?post=4576"},{"taxonomy":"product_tag","embeddable":true,"href":"https:\/\/minghanggroup.com\/it\/wp-json\/wp\/v2\/product_tag?post=4576"}],"curies":[{"name":"wp","href":"https:\/\/api.w.org\/{rel}","templated":true}]}}