{"id":4571,"date":"2026-01-13T08:50:56","date_gmt":"2026-01-13T00:50:56","guid":{"rendered":"https:\/\/minghanggroup.com\/?post_type=product&#038;p=4571"},"modified":"2026-01-13T16:52:23","modified_gmt":"2026-01-13T08:52:23","slug":"clear-rectangle-3-4-oz-perfume-bottles-wholesale","status":"publish","type":"product","link":"https:\/\/minghanggroup.com\/it\/prodotto\/clear-rectangle-3-4-oz-perfume-bottles-wholesale\/","title":{"rendered":"Flaconi di profumo rettangolari trasparenti da 3,4 once all&#039;ingrosso"},"content":{"rendered":"<p>Si tratta di un flacone di profumo da 3,4 once (circa 100 ml) dall&#039;elegante forma rettangolare, realizzato in vetro cristallino. Il corpo a forma di boomerang (con i bordi smussati) fa s\u00ec che la luce fluisca attraverso la luce, mentre il tappo nero trapezio lucido \u00e8 davvero sorprendente.<\/p>\n<h2>Caratteristiche del prodotto<\/h2>\n<ul>\n<li><strong>Bottiglia di cristallo ad alta trasparenza:<\/strong> Il flacone in cristallo estremamente trasparente \u00e8 la perfetta vetrina per l&#039;aroma della fragranza, grazie alla lucentezza e alla limpidezza del prodotto.<\/li>\n<li><strong>Bottiglia quadrata arrotondata:<\/strong> La bottiglia quadrata e arrotondata garantir\u00e0 un aspetto pulito in un luogo pulito e offrir\u00e0 anche maggiore comfort quando viene tenuta in mano.<\/li>\n<li><strong>Tappo trapezoidale nero lucido:<\/strong> La bottiglia trasparente contrasta con il tappo trapezoidale nero lucido e le linee pulite sono utilizzate per sostenere lo stile minimalista e sofisticato.<\/li>\n<\/ul>\n<h2 style=\"text-align: left;\">Specifiche chiave<\/h2>\n<table class=\"aligncenter\" style=\"border-collapse: collapse; width: 414.02pt;\" border=\"0\" width=\"552\" cellspacing=\"0\" cellpadding=\"0\">\n<tbody>\n<tr style=\"height: 13.50pt;\">\n<td style=\"height: 13.50pt; width: 119.25pt;\" width=\"159\" height=\"18\">Specifica<\/td>\n<td style=\"width: 294.75pt;\" width=\"393\">Dettagli<\/td>\n<\/tr>\n<tr style=\"height: 13.50pt;\">\n<td style=\"height: 13.50pt;\" height=\"18\">Capacit\u00e0<\/td>\n<td>100 ml (3,4 once)<\/td>\n<\/tr>\n<tr style=\"height: 13.50pt;\">\n<td style=\"height: 13.50pt;\" height=\"18\">Dimensioni<\/td>\n<td>73\u00d731\u00d7106mm<\/td>\n<\/tr>\n<tr style=\"height: 13.50pt;\">\n<td style=\"height: 13.50pt;\" height=\"18\">Materiale<\/td>\n<td>Vetro cristallino<\/td>\n<\/tr>\n<tr style=\"height: 13.50pt;\">\n<td style=\"height: 13.50pt;\" height=\"18\">Forma della bottiglia<\/td>\n<td>Rettangolo con angoli arrotondati<\/td>\n<\/tr>\n<tr style=\"height: 13.50pt;\">\n<td style=\"height: 13.50pt;\" height=\"18\">Ambito di personalizzazione<\/td>\n<td>Forma, dimensione, colore\/finitura del vetro<\/td>\n<\/tr>\n<tr style=\"height: 13.50pt;\">\n<td style=\"height: 13.50pt;\" height=\"18\">Artigianato<\/td>\n<td>Stampaggio di precisione del vetro, finitura lucida dei tappi<\/td>\n<\/tr>\n<tr style=\"height: 13.50pt;\">\n<td style=\"height: 13.50pt;\" height=\"18\">Scopo del prodotto<\/td>\n<td>Flacone di profumo rettangolare, flaconi di profumo vuoti<\/td>\n<\/tr>\n<tr style=\"height: 13.50pt;\">\n<td style=\"height: 13.50pt;\" height=\"18\">Industrie adatte<\/td>\n<td>Grandi magazzini, regali di lusso<\/td>\n<\/tr>\n<\/tbody>\n<\/table>\n<h2>Storia di successo<\/h2>\n<p>Uno dei marchi newyorkesi specializzati in accessori per la casa moderni ha scelto il nostro flacone di profumo da 3,4 once come contenitore e lo ha personalizzato con un corpo in vetro grigio fum\u00e9 chiaro e il caratteristico tappo trapezoidale nero opaco. La forma del flacone \u00e8 rettangolare, il che garantisce la massima attrattiva sugli scaffali e i rivenditori hanno indicato un tasso di conversione delle vendite del 25%, superiore rispetto ad altre forme di flacone. Il vetro cristallino (anche colorato) \u00e8 sinonimo di prodotto di alta qualit\u00e0 e genuinit\u00e0, che rende il processo di acquisto un acquisto ripetuto, con un incremento del 50%. Il marchio \u00e8 rimasto entusiasta delle prestazioni del prodotto al punto da ordinarne altri 400.000 per consentire alla fragranza di entrare a far parte della sua linea di prodotti permanente.<\/p>\n<h2>Personalizzazione del flacone di profumo rettangolare<\/h2>\n<ul>\n<li>Colori e finiture del vetro: le bottiglie di vetro hanno una forma rettangolare e sono disponibili nelle finiture trasparente, fum\u00e9, ambrata e satinata.<\/li>\n<li>Incisione laser su vetro: sulla bottiglia possono essere incisi disegni semplici, nomi di marchi o linee decorative.<\/li>\n<li>Pannello con logo del marchio sabbiato: \u00e8 possibile stampare il logo del marchio su un pannello rettangolare satinato sabbiato sul retro o sulla parte anteriore della bottiglia.<\/li>\n<li>Dettagli decorativi metallici: \u00e8 possibile posizionare un sottile foglio di metallo (argento o oro) sulla base del tappo o sul collo della bottiglia.<\/li>\n<\/ul>","protected":false},"excerpt":{"rendered":"<p>Questo flacone di profumo da 3,4 once \u00e8 realizzato in vetro cristallino con bordi arrotondati e tappo nero lucido. Questo flacone di profumo rettangolare pu\u00f2 essere personalizzato.<\/p>","protected":false},"featured_media":4573,"template":"","meta":{"postBodyCss":"","postBodyMargin":[],"postBodyPadding":[],"postBodyBackground":{"backgroundType":"classic","gradient":""}},"product_brand":[],"product_cat":[15,16,62],"product_tag":[],"class_list":{"0":"post-4571","1":"product","2":"type-product","3":"status-publish","4":"has-post-thumbnail","6":"product_cat-glass-containers","7":"product_cat-glass-bottles","8":"product_cat-perfume-bottles","10":"first","11":"instock","12":"shipping-taxable","13":"product-type-simple"},"jetpack_sharing_enabled":true,"_links":{"self":[{"href":"https:\/\/minghanggroup.com\/it\/wp-json\/wp\/v2\/product\/4571","targetHints":{"allow":["GET"]}}],"collection":[{"href":"https:\/\/minghanggroup.com\/it\/wp-json\/wp\/v2\/product"}],"about":[{"href":"https:\/\/minghanggroup.com\/it\/wp-json\/wp\/v2\/types\/product"}],"wp:featuredmedia":[{"embeddable":true,"href":"https:\/\/minghanggroup.com\/it\/wp-json\/wp\/v2\/media\/4573"}],"wp:attachment":[{"href":"https:\/\/minghanggroup.com\/it\/wp-json\/wp\/v2\/media?parent=4571"}],"wp:term":[{"taxonomy":"product_brand","embeddable":true,"href":"https:\/\/minghanggroup.com\/it\/wp-json\/wp\/v2\/product_brand?post=4571"},{"taxonomy":"product_cat","embeddable":true,"href":"https:\/\/minghanggroup.com\/it\/wp-json\/wp\/v2\/product_cat?post=4571"},{"taxonomy":"product_tag","embeddable":true,"href":"https:\/\/minghanggroup.com\/it\/wp-json\/wp\/v2\/product_tag?post=4571"}],"curies":[{"name":"wp","href":"https:\/\/api.w.org\/{rel}","templated":true}]}}