{"id":4554,"date":"2026-01-12T13:39:25","date_gmt":"2026-01-12T05:39:25","guid":{"rendered":"https:\/\/minghanggroup.com\/?post_type=product&#038;p=4554"},"modified":"2026-01-12T16:44:53","modified_gmt":"2026-01-12T08:44:53","slug":"cylindrical-matte-cologne-black-bottles-bulk","status":"publish","type":"product","link":"https:\/\/minghanggroup.com\/it\/prodotto\/cylindrical-matte-cologne-black-bottles-bulk\/","title":{"rendered":"Flaconi cilindrici di profumo di colonia nero opaco da 30 ml, 50 ml e 100 ml, sfusi"},"content":{"rendered":"<p>Si tratta di una bottiglia di acqua di colonia nera opaca con un corpo liscio e cilindrico (con una parte superiore quadrata abbinata), che crea una forma iconica ma al tempo stesso moderna ed elegante.<\/p>\n<h2>Caratteristiche del prodotto<\/h2>\n<ul>\n<li><strong>Finitura completamente nera opaca:<\/strong> Sia la bottiglia che il tappo sono trattati con la stessa finitura nera opaca, che conferisce un aspetto uniforme, elegante e contemporaneo.<\/li>\n<li><strong>Cilindrico liscio:<\/strong> Il classico design cilindrico \u00e8 liscio, robusto e durevole e rappresenta al meglio l&#039;immagine minimalista del marchio.<\/li>\n<li><strong>Diverse dimensioni:<\/strong> \u00c8 disponibile nei formati da 30 ml, 50 ml e 100 ml, che offrono a qualsiasi marchio una linea di prodotti scalabile e armonizzabile.<\/li>\n<\/ul>\n<h2 style=\"text-align: left;\">Specifiche chiave<\/h2>\n<table class=\"aligncenter\" style=\"border-collapse: collapse; width: 475.52pt;\" border=\"0\" width=\"634\" cellspacing=\"0\" cellpadding=\"0\">\n<tbody>\n<tr style=\"height: 13.50pt;\">\n<td style=\"height: 13.50pt; width: 119.25pt;\" width=\"159\" height=\"18\">Specifica<\/td>\n<td style=\"width: 356.25pt;\" width=\"475\">Dettagli<\/td>\n<\/tr>\n<tr style=\"height: 13.50pt;\">\n<td style=\"height: 13.50pt;\" height=\"18\">Capacit\u00e0<\/td>\n<td>30 ml \/ 50 ml \/ 100 ml<\/td>\n<\/tr>\n<tr style=\"height: 13.50pt;\">\n<td style=\"height: 13.50pt;\" height=\"18\">Dimensioni<\/td>\n<td>45\u00d756 mm \/ 50\u00d772 mm \/ 58\u00d784 mm<\/td>\n<\/tr>\n<tr style=\"height: 13.50pt;\">\n<td style=\"height: 13.50pt;\" height=\"18\">Materiale<\/td>\n<td>Vetro con rivestimento nero opaco<\/td>\n<\/tr>\n<tr style=\"height: 13.50pt;\">\n<td style=\"height: 13.50pt;\" height=\"18\">Forma della bottiglia<\/td>\n<td>Cilindro<\/td>\n<\/tr>\n<tr style=\"height: 13.50pt;\">\n<td style=\"height: 13.50pt;\" height=\"18\">Ambito di personalizzazione<\/td>\n<td>Forma della bottiglia, dimensioni, finitura, texture, incisione laser<\/td>\n<\/tr>\n<tr style=\"height: 13.50pt;\">\n<td style=\"height: 13.50pt;\" height=\"18\">Artigianato<\/td>\n<td>Formatura di precisione del vetro cilindrico, applicazione di rivestimento opaco<\/td>\n<\/tr>\n<tr style=\"height: 13.50pt;\">\n<td style=\"height: 13.50pt;\" height=\"18\">Scopo del prodotto<\/td>\n<td>Bottiglie di colonia nere, bottiglie di profumo di lusso<\/td>\n<\/tr>\n<tr style=\"height: 13.50pt;\">\n<td style=\"height: 13.50pt;\" height=\"18\">Industrie adatte<\/td>\n<td>Profumeria contemporanea, cura della persona di alta gamma<\/td>\n<\/tr>\n<\/tbody>\n<\/table>\n<h2>La storia di successo: una startup tecnologica scandinava lancia un prodotto profumato<\/h2>\n<p>Una startup tecnologica scandinava ha scelto il nostro flacone nero da 100 ml di profumo maschile come prodotto di punta, e ha realizzato una finitura ultra opaca. Il design unico \u00e8 il pi\u00f9 adatto a soddisfare la filosofia del marchio, che si basa sulla tecnologia invisibile e che ha portato a una crescita del 400% dei preordini. La sua qualit\u00e0 e il costo elevato (60% superiore al costo di produzione) sono ampiamente giustificati dalla sua straordinaria consistenza. La startup \u00e8 rimasta entusiasta dell&#039;adattamento del prodotto al mercato e del suo successo operativo, ordinando quindi altri 500.000 flaconi per lanciare il suo servizio di abbonamento internazionale.<\/p>\n<h2>Opzione di personalizzazione delle bottiglie nere di Colonia<\/h2>\n<ul>\n<li>Variazione della texture della superficie: offre diverse texture (morbida al tatto, sabbiata, vellutata) sulla superficie per conferire un tocco unico.<\/li>\n<li>Incisione di dettagli microscopici: incidere modelli, numeri di serie o elenchi di ingredienti e cos\u00ec via, in modo che siano visibili solo da angolazioni particolari.<\/li>\n<li>Dettagli personalizzati del tappo: personalizza il tappo cilindrico con sottili scanalature, bordi zigrinati o diverse texture.<\/li>\n<li>Base ponderata: un disco metallico nella base conferisce maggiore stabilit\u00e0 e una sensazione di maggiore solidit\u00e0 e qualit\u00e0.<\/li>\n<\/ul>","protected":false},"excerpt":{"rendered":"<p>Scopri la moderna bottiglia nera di colonia con tappo abbinato. Ideale per fragranze di nicchia, questa bottiglia nera di profumo maschile \u00e8 sofisticata. Richiedi un campione gratuito.<\/p>","protected":false},"featured_media":4561,"template":"","meta":{"postBodyCss":"","postBodyMargin":[],"postBodyPadding":[],"postBodyBackground":{"backgroundType":"classic","gradient":""}},"product_brand":[],"product_cat":[15,16,62],"product_tag":[],"class_list":{"0":"post-4554","1":"product","2":"type-product","3":"status-publish","4":"has-post-thumbnail","6":"product_cat-glass-containers","7":"product_cat-glass-bottles","8":"product_cat-perfume-bottles","10":"first","11":"instock","12":"shipping-taxable","13":"product-type-simple"},"jetpack_sharing_enabled":true,"_links":{"self":[{"href":"https:\/\/minghanggroup.com\/it\/wp-json\/wp\/v2\/product\/4554","targetHints":{"allow":["GET"]}}],"collection":[{"href":"https:\/\/minghanggroup.com\/it\/wp-json\/wp\/v2\/product"}],"about":[{"href":"https:\/\/minghanggroup.com\/it\/wp-json\/wp\/v2\/types\/product"}],"wp:featuredmedia":[{"embeddable":true,"href":"https:\/\/minghanggroup.com\/it\/wp-json\/wp\/v2\/media\/4561"}],"wp:attachment":[{"href":"https:\/\/minghanggroup.com\/it\/wp-json\/wp\/v2\/media?parent=4554"}],"wp:term":[{"taxonomy":"product_brand","embeddable":true,"href":"https:\/\/minghanggroup.com\/it\/wp-json\/wp\/v2\/product_brand?post=4554"},{"taxonomy":"product_cat","embeddable":true,"href":"https:\/\/minghanggroup.com\/it\/wp-json\/wp\/v2\/product_cat?post=4554"},{"taxonomy":"product_tag","embeddable":true,"href":"https:\/\/minghanggroup.com\/it\/wp-json\/wp\/v2\/product_tag?post=4554"}],"curies":[{"name":"wp","href":"https:\/\/api.w.org\/{rel}","templated":true}]}}