{"id":4545,"date":"2026-01-12T11:49:44","date_gmt":"2026-01-12T03:49:44","guid":{"rendered":"https:\/\/minghanggroup.com\/?post_type=product&#038;p=4545"},"modified":"2026-01-12T13:34:30","modified_gmt":"2026-01-12T05:34:30","slug":"square-perfume-black-bottles-for-men-wholesale","status":"publish","type":"product","link":"https:\/\/minghanggroup.com\/it\/prodotto\/square-perfume-black-bottles-for-men-wholesale\/","title":{"rendered":"Flaconi di profumo quadrati da 50 ml neri per uomo all&#039;ingrosso"},"content":{"rendered":"<p>Si tratta di un classico flacone di profumo nero da uomo. Il flacone quadrato nero \u00e8 dotato di un tappo sferico nero lucido ed \u00e8 decorato con un elegante anello decorativo dorato che lo rende un oggetto di lusso.<\/p>\n<h2>Caratteristiche del prodotto<\/h2>\n<ul>\n<li><strong>Bottiglia quadrata nera:<\/strong> Il flacone quadrato nero opaco \u00e8 ricco di sobriet\u00e0 e raffinatezza. La forma quadrata trasmette un senso di calma e lo rende facile da riporre.<\/li>\n<li><strong>Calotta sferica nera lucida:<\/strong> Il tappo sferico nero lucido contrasta nettamente con il flacone opaco e la sua texture arrotondata rende l&#039;impugnatura pi\u00f9 comoda e piacevole alla vista.<\/li>\n<li><strong>Anello decorativo in oro:<\/strong> L&#039;anello decorativo dorato posto sotto il cappuccio conferisce un tocco di lusso che sottolinea l&#039;aspetto sofisticato e di alta gamma.<\/li>\n<\/ul>\n<h2 style=\"text-align: left;\">Specifiche chiave<\/h2>\n<table class=\"aligncenter\" style=\"border-collapse: collapse; width: 433.52pt;\" border=\"0\" width=\"578\" cellspacing=\"0\" cellpadding=\"0\">\n<tbody>\n<tr style=\"height: 13.50pt;\">\n<td style=\"height: 13.50pt; width: 119.25pt;\" width=\"159\" height=\"18\">Specifica<\/td>\n<td style=\"width: 314.25pt;\" width=\"419\">Dettagli<\/td>\n<\/tr>\n<tr style=\"height: 13.50pt;\">\n<td style=\"height: 13.50pt;\" height=\"18\">Capacit\u00e0<\/td>\n<td>50 ml<\/td>\n<\/tr>\n<tr style=\"height: 13.50pt;\">\n<td style=\"height: 13.50pt;\" height=\"18\">Dimensioni<\/td>\n<td>75\u00d733\u00d757mm<\/td>\n<\/tr>\n<tr style=\"height: 13.50pt;\">\n<td style=\"height: 13.50pt;\" height=\"18\">Materiale<\/td>\n<td>Vetro con rivestimento opaco, cappuccio lucido, accenti metallici<\/td>\n<\/tr>\n<tr style=\"height: 13.50pt;\">\n<td style=\"height: 13.50pt;\" height=\"18\">Forma della bottiglia<\/td>\n<td>Piazza<\/td>\n<\/tr>\n<tr style=\"height: 13.50pt;\">\n<td style=\"height: 13.50pt;\" height=\"18\">Ambito di personalizzazione<\/td>\n<td>Forma della bottiglia, dimensione, finitura, colore<\/td>\n<\/tr>\n<tr style=\"height: 13.50pt;\">\n<td style=\"height: 13.50pt;\" height=\"18\">Artigianato<\/td>\n<td>Applicazione multi-finitura, integrazione di accenti metallici<\/td>\n<\/tr>\n<tr style=\"height: 13.50pt;\">\n<td style=\"height: 13.50pt;\" height=\"18\">Scopo del prodotto<\/td>\n<td>Flaconi di profumo neri per uomo, flaconi di profumo neri<\/td>\n<\/tr>\n<tr style=\"height: 13.50pt;\">\n<td style=\"height: 13.50pt;\" height=\"18\">Industrie adatte<\/td>\n<td>Profumeria di design e di nicchia, beni di lusso<\/td>\n<\/tr>\n<\/tbody>\n<\/table>\n<h2>Caso di successo: il lancio di una fragranza iconica di una casa di moda milanese<\/h2>\n<p>Una delle pi\u00f9 iconiche case di moda milanesi ha scelto il nostro flacone di profumo nero da 50 ml con incisione laser del logo del marchio sulla superficie in vetro nero opaco e uno speciale anello decorativo placcato oro. Questo lussuoso design retr\u00f2 ha registrato un aumento del 48% nella preferenza dei consumatori maschili, migliorandone anche l&#039;esposizione sugli scaffali dei negozi rispetto ai tradizionali flaconi di profumo maschile, con un incremento delle vendite del 62%. Il miglioramento e la reazione del mercato sono stati molto soddisfacenti per il marchio, che ha quindi ordinato altri 500.000 flaconi da distribuire a livello globale.<\/p>\n<h2>Personalizzazione di flaconi di profumo neri<\/h2>\n<ul>\n<li>Tonalit\u00e0 personalizzate con finitura opaca: il flacone quadrato \u00e8 disponibile in altri colori opachi, tra cui nero carbone, blu navy o verde scuro.<\/li>\n<li>Abbinamento dei colori del cappuccio e degli accessori: i cappucci e gli anelli metallici abbinati possono essere disponibili in colori come bronzo, argento e oro rosa.<\/li>\n<li>Incisione laser della superficie opaca: i pannelli con superficie opaca sono incisi con disegni geometrici, nomi di marchi o nomi di profumi.<\/li>\n<li>Calotta sferica personalizzata: la forma della calotta sferica \u00e8 stata leggermente modificata (pi\u00f9 ovale, pi\u00f9 piatta) per renderla pi\u00f9 unica.<\/li>\n<\/ul>","protected":false},"excerpt":{"rendered":"<p>Flacone di profumo nero di lusso per uomo, con vetro quadrato opaco e tappo sferico lucido. Il flacone di profumo nero supporta la produzione OEM per branding e design.<\/p>","protected":false},"featured_media":4550,"template":"","meta":{"postBodyCss":"","postBodyMargin":[],"postBodyPadding":[],"postBodyBackground":{"backgroundType":"classic","gradient":""}},"product_brand":[],"product_cat":[15,16,62],"product_tag":[],"class_list":{"0":"post-4545","1":"product","2":"type-product","3":"status-publish","4":"has-post-thumbnail","6":"product_cat-glass-containers","7":"product_cat-glass-bottles","8":"product_cat-perfume-bottles","10":"first","11":"instock","12":"shipping-taxable","13":"product-type-simple"},"jetpack_sharing_enabled":true,"_links":{"self":[{"href":"https:\/\/minghanggroup.com\/it\/wp-json\/wp\/v2\/product\/4545","targetHints":{"allow":["GET"]}}],"collection":[{"href":"https:\/\/minghanggroup.com\/it\/wp-json\/wp\/v2\/product"}],"about":[{"href":"https:\/\/minghanggroup.com\/it\/wp-json\/wp\/v2\/types\/product"}],"wp:featuredmedia":[{"embeddable":true,"href":"https:\/\/minghanggroup.com\/it\/wp-json\/wp\/v2\/media\/4550"}],"wp:attachment":[{"href":"https:\/\/minghanggroup.com\/it\/wp-json\/wp\/v2\/media?parent=4545"}],"wp:term":[{"taxonomy":"product_brand","embeddable":true,"href":"https:\/\/minghanggroup.com\/it\/wp-json\/wp\/v2\/product_brand?post=4545"},{"taxonomy":"product_cat","embeddable":true,"href":"https:\/\/minghanggroup.com\/it\/wp-json\/wp\/v2\/product_cat?post=4545"},{"taxonomy":"product_tag","embeddable":true,"href":"https:\/\/minghanggroup.com\/it\/wp-json\/wp\/v2\/product_tag?post=4545"}],"curies":[{"name":"wp","href":"https:\/\/api.w.org\/{rel}","templated":true}]}}