{"id":4517,"date":"2026-01-09T16:57:52","date_gmt":"2026-01-09T08:57:52","guid":{"rendered":"https:\/\/minghanggroup.com\/?post_type=product&#038;p=4517"},"modified":"2026-01-09T16:57:53","modified_gmt":"2026-01-09T08:57:53","slug":"crystal-vintage-perfume-bottles-with-lids-wholesale","status":"publish","type":"product","link":"https:\/\/minghanggroup.com\/it\/prodotto\/crystal-vintage-perfume-bottles-with-lids-wholesale\/","title":{"rendered":"Bottiglie di profumo vintage in cristallo da 30 ml, 50 ml e 100 ml con tappo all&#039;ingrosso"},"content":{"rendered":"<p>Le tue bottiglie di profumo vintage in cristallo non dovrebbero solo contenere il profumo: dovrebbero anche catturare l&#039;attenzione di chi le curiosa. Realizziamo flaconi spray per profumo che fondono l&#039;eleganza antica con la funzionalit\u00e0 moderna, trasformando il tuo profumo personalizzato in un&#039;istantanea star da scaffale.<\/p>\n<h2>Caratteristiche del prodotto<\/h2>\n<ul>\n<li><strong>Chiarezza cristallina: <\/strong>Il vetro trasparente rivela il vero colore della tua fragranza, senza la preoccupazione di filtri scuri e colorati: solo la bellezza del vetro puro.<\/li>\n<li><strong>Pompe codificate a colori:<\/strong> Pompette dorate con vaporizzatore rosa, blu o nero? La confezione del profumo ne detta completamente la storia.<\/li>\n<li><strong>Semplicit\u00e0 quadrata: <\/strong>Il design minimalista pulisce lo scaffale: la tua bottiglia di profumo in vetro fonde lo stile moderno e vintage senza caos.<\/li>\n<\/ul>\n<h2>Specifiche chiave<\/h2>\n<table style=\"border-collapse: collapse; width: 80%; margin-left: auto; margin-right: auto;\" border=\"0\" width=\"288\" cellspacing=\"0\" cellpadding=\"0\">\n<tbody>\n<tr style=\"height: 13.50pt;\">\n<td style=\"height: 13.5pt; width: 54pt; text-align: center;\" width=\"72\" height=\"18\">Dimensioni (ml)<\/td>\n<td style=\"width: 54pt; text-align: center;\" width=\"72\">Materiale<\/td>\n<td style=\"width: 54pt; text-align: center;\" width=\"72\">Tipo di tappo<\/td>\n<td style=\"width: 54pt; text-align: center;\" width=\"72\">Colore e dettagli della pompa<\/td>\n<\/tr>\n<tr style=\"height: 13.50pt;\">\n<td style=\"height: 13.5pt; text-align: center;\" height=\"18\">60<\/td>\n<td class=\"et2\" style=\"text-align: center;\" rowspan=\"3\">Cristallo<\/td>\n<td class=\"et2\" style=\"text-align: center;\" rowspan=\"3\">Nero opaco<\/td>\n<td class=\"et2\" style=\"text-align: center;\" rowspan=\"3\">Anello rosa \/ blu \/ nero + oro<\/td>\n<\/tr>\n<tr style=\"height: 13.50pt;\">\n<td style=\"height: 13.5pt; text-align: center;\" height=\"18\">80<\/td>\n<\/tr>\n<tr style=\"height: 13.50pt;\">\n<td style=\"height: 13.5pt; text-align: center;\" height=\"18\">100<\/td>\n<\/tr>\n<\/tbody>\n<\/table>\n<h2>Caso di successo<\/h2>\n<p>Un esclusivo marchio europeo di profumi di nicchia indipendente ha selezionato questi flaconi di profumo vintage in cristallo come packaging principale della linea di lusso re, styled. Il marchio ha voluto mantenere l&#039;atmosfera artistica vintage del vetro, ma allo stesso tempo ha deciso di ispessire la spalla del flacone per renderlo pi\u00f9 piacevole al tatto e conferirgli una sensazione di peso. L&#039;ugello spray \u00e8 personalizzato in tre colori: oro rosa galvanizzato, nero lucido e blu ghiaccio, abbinato a un collare metallico della stessa finitura per creare un&#039;identit\u00e0 visivamente unitaria. Il tappo \u00e8 in acrilico alto e trasparente con un&#039;anima metallica incorporata, quindi \u00e8 resistente ai graffi e il suo aspetto lussuoso \u00e8 ulteriormente esaltato.<\/p>\n<p>Il risultato finale ha aumentato drasticamente la notoriet\u00e0 del marchio nei grandi magazzini e nei canali online, ottenendo cos\u00ec un aumento delle vendite del 35% tre mesi dopo il lancio della nuova linea.<\/p>\n<h2>Le tue opzioni di personalizzazione<\/h2>\n<ol>\n<li><strong>Selezione del materiale e del processo del tappo della bottiglia:<\/strong> Le possibilit\u00e0 di scelta sono molteplici: dall&#039;acrilico trasparente, al cristallo imitazione solido, al rivestimento metallico, oltre alle possibilit\u00e0 di aumentare la resistenza ai graffi e alle crepe.<\/li>\n<li><strong>Personalizzazione della decorazione superficiale:<\/strong> Adatto per stampa a caldo (oro\/argento), verniciatura opaca, verniciatura a spruzzo con colori sfumati, galvanica, stampa UV e combinazione di lucentezza parziale e finitura opaca complessiva per stili retr\u00f2 o lussuosi.<\/li>\n<li><strong>Presentazione del logo del marchio:<\/strong> Il logo di un marchio pu\u00f2 essere espresso in diversi modi, ad esempio tramite la serigrafia sul corpo di una bottiglia, l&#039;incisione sul fondo, l&#039;intarsio su una targhetta metallica e la stampa in lamina d&#039;oro su una collana, che possono soddisfare la personalit\u00e0 di diversi marchi.<\/li>\n<\/ol>","protected":false},"excerpt":{"rendered":"<p>Flaconi di profumo vintage in cristallo provenienti direttamente dalla fabbrica; questi flaconi di profumo spray offrono personalizzazione all&#039;ingrosso, campioni gratuiti e consegna per i marchi.<\/p>","protected":false},"featured_media":4525,"template":"","meta":{"postBodyCss":"","postBodyMargin":[],"postBodyPadding":[],"postBodyBackground":{"backgroundType":"classic","gradient":""}},"product_brand":[],"product_cat":[15,16,62],"product_tag":[],"class_list":{"0":"post-4517","1":"product","2":"type-product","3":"status-publish","4":"has-post-thumbnail","6":"product_cat-glass-containers","7":"product_cat-glass-bottles","8":"product_cat-perfume-bottles","10":"first","11":"instock","12":"shipping-taxable","13":"product-type-simple"},"jetpack_sharing_enabled":true,"_links":{"self":[{"href":"https:\/\/minghanggroup.com\/it\/wp-json\/wp\/v2\/product\/4517","targetHints":{"allow":["GET"]}}],"collection":[{"href":"https:\/\/minghanggroup.com\/it\/wp-json\/wp\/v2\/product"}],"about":[{"href":"https:\/\/minghanggroup.com\/it\/wp-json\/wp\/v2\/types\/product"}],"wp:featuredmedia":[{"embeddable":true,"href":"https:\/\/minghanggroup.com\/it\/wp-json\/wp\/v2\/media\/4525"}],"wp:attachment":[{"href":"https:\/\/minghanggroup.com\/it\/wp-json\/wp\/v2\/media?parent=4517"}],"wp:term":[{"taxonomy":"product_brand","embeddable":true,"href":"https:\/\/minghanggroup.com\/it\/wp-json\/wp\/v2\/product_brand?post=4517"},{"taxonomy":"product_cat","embeddable":true,"href":"https:\/\/minghanggroup.com\/it\/wp-json\/wp\/v2\/product_cat?post=4517"},{"taxonomy":"product_tag","embeddable":true,"href":"https:\/\/minghanggroup.com\/it\/wp-json\/wp\/v2\/product_tag?post=4517"}],"curies":[{"name":"wp","href":"https:\/\/api.w.org\/{rel}","templated":true}]}}