{"id":4505,"date":"2026-01-09T14:41:47","date_gmt":"2026-01-09T06:41:47","guid":{"rendered":"https:\/\/minghanggroup.com\/?post_type=product&#038;p=4505"},"modified":"2026-01-09T16:57:24","modified_gmt":"2026-01-09T08:57:24","slug":"glass-fragrance-bottles-with-black-square-lids-bulk","status":"publish","type":"product","link":"https:\/\/minghanggroup.com\/it\/prodotto\/glass-fragrance-bottles-with-black-square-lids-bulk\/","title":{"rendered":"Flaconi di profumo in vetro da 60 ml, 80 ml e 100 ml con coperchi quadrati neri sfusi"},"content":{"rendered":"<p>I tuoi flaconi di profumo non dovrebbero solo contenere il profumo: dovrebbero anche catturare l&#039;attenzione di chi li curi. Ecco perch\u00e9 la nostra linea all&#039;ingrosso di flaconi di profumo unisce la trasparenza cristallina a contrasti audaci, rendendo il tuo profumo personalizzato ancora pi\u00f9 esclusivo.<\/p>\n<h2>Caratteristiche del prodotto<\/h2>\n<ul>\n<li><strong>Chiarezza cristallina: <\/strong>\u00c8 un dato di fatto che il vetro trasparente rivela il vero colore della tua fragranza, senza riflessi ingannevoli, ma solo il puro fascino del vetro.<\/li>\n<li><strong>Contrasto del berretto nero: <\/strong>Vetro trasparente con tappo nero opaco? Un tocco di fascino visivo per il packaging del tuo profumo, senza rinunciare alla praticit\u00e0.<\/li>\n<li><strong>Silhouette moderna: <\/strong>Le linee strette e alte si adattano perfettamente a qualsiasi scaffale. Le tue bottiglie di profumo in vetro all&#039;ingrosso sono un lusso contemporaneo.<\/li>\n<\/ul>\n<h2>Specifiche chiave<\/h2>\n<table style=\"border-collapse: collapse; width: 80%; margin-left: auto; margin-right: auto;\" border=\"0\" width=\"288\" cellspacing=\"0\" cellpadding=\"0\">\n<tbody>\n<tr style=\"height: 13.50pt;\">\n<td style=\"height: 13.5pt; width: 54pt; text-align: center;\" width=\"72\" height=\"18\">Dimensioni (ml)<\/td>\n<td style=\"width: 54pt; text-align: center;\" width=\"72\">Dimensioni<\/td>\n<td style=\"width: 54pt; text-align: center;\" width=\"72\">Materiale<\/td>\n<td style=\"width: 54pt; text-align: center;\" width=\"72\">Tipo di tappo<\/td>\n<td style=\"width: 54pt; text-align: center;\" width=\"72\">Tipo di tenuta<\/td>\n<\/tr>\n<tr style=\"height: 13.50pt;\">\n<td style=\"height: 13.5pt; text-align: center;\" align=\"right\" height=\"18\">60<\/td>\n<td class=\"et2\" style=\"text-align: center;\" rowspan=\"3\">53 x 35 x 116 mm<\/td>\n<td class=\"et2\" style=\"text-align: center;\" rowspan=\"3\">Cristallo<\/td>\n<td class=\"et2\" style=\"text-align: center;\" rowspan=\"3\">Nero opaco<\/td>\n<td class=\"et2\" style=\"text-align: center;\" rowspan=\"3\">Spruzzare la parte superiore<\/td>\n<\/tr>\n<tr style=\"height: 13.50pt;\">\n<td style=\"height: 13.5pt; text-align: center;\" align=\"right\" height=\"18\">80<\/td>\n<\/tr>\n<tr style=\"height: 13.50pt;\">\n<td style=\"height: 13.5pt; text-align: center;\" align=\"right\" height=\"18\">100<\/td>\n<\/tr>\n<\/tbody>\n<\/table>\n<h2>Caso di successo<\/h2>\n<p>Un&#039;azienda specializzata in fragranze desiderava una soluzione di packaging in grado di esprimere gli aspetti naturali e contemporanei della sua fragranza distintiva. Pertanto, per trasmettere il messaggio della sua fragranza, il marchio ha deciso non solo di scegliere i nostri flaconi rettangolari minimalisti in vetro all&#039;ingrosso, ma anche di personalizzarli con un logo in rilievo molto discreto sulla spalla, una finitura leggermente satinata sul corpo del flacone e delicati motivi serigrafati che permettevano all&#039;occhio di essere ulteriormente ingannato dalla profondit\u00e0.<\/p>\n<p>Di conseguenza, il nuovo packaging ha migliorato notevolmente la capacit\u00e0 del prodotto di attrarre clienti sullo scaffale, nonch\u00e9 la fedelt\u00e0 al marchio, che \u00e8 stato il fattore principale che ha portato a un aumento del 35% degli ordini ripetuti da parte dei distributori.<\/p>\n<h2>Le tue opzioni di personalizzazione<\/h2>\n<ol>\n<li><strong>Racconto del colore del berretto:<\/strong> Tappi neri per profumi legnosi, argentati per note fresche: il tappo crea l&#039;atmosfera.<\/li>\n<li><strong>Magia della finitura opaca:<\/strong> Utilizza tappi neri opachi per linee moderne e lucidi per linee classiche: rispecchiano lo stile del tuo marchio.<\/li>\n<li><strong>Incisione minimalista, massimo impatto: <\/strong>Incidi il tuo logo al laser sul lato della bottiglia (non solo sul tappo).<\/li>\n<\/ol>","protected":false},"excerpt":{"rendered":"<p>Eleganti flaconi di profumo trasparenti con profilo rettangolare e finitura spray. Fornitura diretta dalla fabbrica, flaconi di profumo all&#039;ingrosso per la personalizzazione.<\/p>","protected":false},"featured_media":4515,"template":"","meta":{"postBodyCss":"","postBodyMargin":[],"postBodyPadding":[],"postBodyBackground":{"backgroundType":"classic","gradient":""}},"product_brand":[],"product_cat":[15,16,62],"product_tag":[],"class_list":{"0":"post-4505","1":"product","2":"type-product","3":"status-publish","4":"has-post-thumbnail","6":"product_cat-glass-containers","7":"product_cat-glass-bottles","8":"product_cat-perfume-bottles","10":"first","11":"instock","12":"shipping-taxable","13":"product-type-simple"},"jetpack_sharing_enabled":true,"_links":{"self":[{"href":"https:\/\/minghanggroup.com\/it\/wp-json\/wp\/v2\/product\/4505","targetHints":{"allow":["GET"]}}],"collection":[{"href":"https:\/\/minghanggroup.com\/it\/wp-json\/wp\/v2\/product"}],"about":[{"href":"https:\/\/minghanggroup.com\/it\/wp-json\/wp\/v2\/types\/product"}],"wp:featuredmedia":[{"embeddable":true,"href":"https:\/\/minghanggroup.com\/it\/wp-json\/wp\/v2\/media\/4515"}],"wp:attachment":[{"href":"https:\/\/minghanggroup.com\/it\/wp-json\/wp\/v2\/media?parent=4505"}],"wp:term":[{"taxonomy":"product_brand","embeddable":true,"href":"https:\/\/minghanggroup.com\/it\/wp-json\/wp\/v2\/product_brand?post=4505"},{"taxonomy":"product_cat","embeddable":true,"href":"https:\/\/minghanggroup.com\/it\/wp-json\/wp\/v2\/product_cat?post=4505"},{"taxonomy":"product_tag","embeddable":true,"href":"https:\/\/minghanggroup.com\/it\/wp-json\/wp\/v2\/product_tag?post=4505"}],"curies":[{"name":"wp","href":"https:\/\/api.w.org\/{rel}","templated":true}]}}