{"id":4485,"date":"2026-01-09T10:20:42","date_gmt":"2026-01-09T02:20:42","guid":{"rendered":"https:\/\/minghanggroup.com\/?post_type=product&#038;p=4485"},"modified":"2026-01-09T11:51:54","modified_gmt":"2026-01-09T03:51:54","slug":"blank-perfume-bottles-with-metal-lids-wholesale","status":"publish","type":"product","link":"https:\/\/minghanggroup.com\/it\/prodotto\/blank-perfume-bottles-with-metal-lids-wholesale\/","title":{"rendered":"Bottiglie di profumo vuote da 25 ml, 50 ml e 100 ml con coperchi in metallo all&#039;ingrosso"},"content":{"rendered":"<p>I flaconi di profumo vuoti sono realizzati in vetro di alta qualit\u00e0 con bordi lisci e forme squadrate. Saranno venduti in tre misure, con tappi in metallo argentato o dorato per esaltare il lusso dell&#039;acquisto.<\/p>\n<h2>Caratteristiche del prodotto<\/h2>\n<ul>\n<li><strong>Corpo quadrato con bordo tagliato:<\/strong> La bottiglia quadrata presenta bordi smussati che riflettono la luce con brillantezza, conferiscono consistenza e creano un elegante design geometrico.<\/li>\n<li><strong>Opzioni del tappo bimetallico:<\/strong> Anche i tappi cilindrici in argento o oro possono essere personalizzati con il nome di un marchio, il che conferir\u00e0 un tocco di lusso classico.<\/li>\n<li><strong>Due taglie Due taglie:<\/strong> Cinque e 100 ml, entrambi per l&#039;uso quotidiano regolare e per un&#039;esperienza sofisticata e personalizzata.<\/li>\n<\/ul>\n<h2 style=\"text-align: left;\">Specifiche chiave<\/h2>\n<table class=\"aligncenter\" style=\"border-collapse: collapse; width: 493.52pt;\" border=\"0\" width=\"658\" cellspacing=\"0\" cellpadding=\"0\">\n<tbody>\n<tr style=\"height: 13.50pt;\">\n<td style=\"height: 13.50pt; width: 119.25pt;\" width=\"159\" height=\"18\">Specifica<\/td>\n<td style=\"width: 374.25pt;\" width=\"499\">Dettagli<\/td>\n<\/tr>\n<tr style=\"height: 13.50pt;\">\n<td style=\"height: 13.50pt;\" height=\"18\">Dimensioni<\/td>\n<td>41\u00d725\u00d777mm (25ml)\/ 43\u00d730\u00d788mm (50ml)\/ 53\u00d731\u00d773mm (50ml)\/ 57\u00d738\u00d7107mm (100ml)<\/td>\n<\/tr>\n<tr style=\"height: 13.50pt;\">\n<td style=\"height: 13.50pt;\" height=\"18\">Materiale<\/td>\n<td>Vetro ad alta trasparenza, tappi in metallo<\/td>\n<\/tr>\n<tr style=\"height: 13.50pt;\">\n<td style=\"height: 13.50pt;\" height=\"18\">Ambito di personalizzazione<\/td>\n<td>Forma della bottiglia, dimensione, colore, finitura, glassatura<\/td>\n<\/tr>\n<tr style=\"height: 13.50pt;\">\n<td style=\"height: 13.50pt;\" height=\"18\">Artigianato<\/td>\n<td>Taglio di precisione del vetro, placcatura dei metalli<\/td>\n<\/tr>\n<tr style=\"height: 13.50pt;\">\n<td style=\"height: 13.50pt;\" height=\"18\">Scopo del prodotto<\/td>\n<td>Bottiglie di profumo in vetro di lusso, bottiglie di profumo vuote<\/td>\n<\/tr>\n<tr style=\"height: 13.50pt;\">\n<td style=\"height: 13.50pt;\" height=\"18\">Industrie adatte<\/td>\n<td>Alta Profumeria, Private Label, Vendita al dettaglio di lusso<\/td>\n<\/tr>\n<\/tbody>\n<\/table>\n<h2>Storia di successo: servizi di personalizzazione di uno studio di profumi di Londra<\/h2>\n<p>Un laboratorio di profumi specializzato nella creazione di flaconi di profumo personalizzati a Londra aveva bisogno di flaconi eleganti e ricaricabili. Hanno scelto il nostro flacone di profumo in vetro da 100 ml con uno speciale tappo dorato. Il costo del servizio premium, abbinato a un design di alta qualit\u00e0, ha portato a un aumento del valore medio delle transazioni del 30%, mentre i bordi tagliati in 3D hanno aumentato l&#039;attrattiva sugli scaffali dei negozi del 42%. La soddisfazione dello studio nei confronti del prodotto ha spinto l&#039;azienda a ordinare un altro lotto di 150.000 flaconi per supportare il progetto di personalizzazione dei successivi cinque anni.<\/p>\n<h2>Personalizzazione di bottiglie di profumo vuote<\/h2>\n<ul>\n<li>Colori ed effetti del vetro: \u00e8 disponibile nei colori trasparente, fum\u00e9 o tenue, con la possibilit\u00e0 di scegliere tra superfici trasparenti, completamente o parzialmente satinate.<\/li>\n<li>Personalizzazione dei materiali del tappo: i tappi possono essere realizzati in ceramica, legno, plastica e altri materiali.<\/li>\n<li>Incisione laser profonda: incidi motivi, loghi o scritte dettagliate su un lato estremo della bottiglia, in modo che diventi un marchio permanente e maneggevole.<\/li>\n<li>Pannello con logo sabbiato: questo pannello \u00e8 satinato e appare su un lato della bottiglia quadrata con un aspetto leggermente opaco del logo.<\/li>\n<\/ul>","protected":false},"excerpt":{"rendered":"<p>Eleganti flaconi di profumo vuoti con bordi in cristallo. Ogni flacone di profumo in vetro \u00e8 dotato di uno spruzzatore metallico. Prezzi all&#039;ingrosso per ordini all&#039;ingrosso. Spedizione veloce!<\/p>","protected":false},"featured_media":4498,"template":"","meta":{"postBodyCss":"","postBodyMargin":[],"postBodyPadding":[],"postBodyBackground":{"backgroundType":"classic","gradient":""}},"product_brand":[],"product_cat":[15,16,62],"product_tag":[],"class_list":{"0":"post-4485","1":"product","2":"type-product","3":"status-publish","4":"has-post-thumbnail","6":"product_cat-glass-containers","7":"product_cat-glass-bottles","8":"product_cat-perfume-bottles","10":"first","11":"instock","12":"shipping-taxable","13":"product-type-simple"},"jetpack_sharing_enabled":true,"_links":{"self":[{"href":"https:\/\/minghanggroup.com\/it\/wp-json\/wp\/v2\/product\/4485","targetHints":{"allow":["GET"]}}],"collection":[{"href":"https:\/\/minghanggroup.com\/it\/wp-json\/wp\/v2\/product"}],"about":[{"href":"https:\/\/minghanggroup.com\/it\/wp-json\/wp\/v2\/types\/product"}],"wp:featuredmedia":[{"embeddable":true,"href":"https:\/\/minghanggroup.com\/it\/wp-json\/wp\/v2\/media\/4498"}],"wp:attachment":[{"href":"https:\/\/minghanggroup.com\/it\/wp-json\/wp\/v2\/media?parent=4485"}],"wp:term":[{"taxonomy":"product_brand","embeddable":true,"href":"https:\/\/minghanggroup.com\/it\/wp-json\/wp\/v2\/product_brand?post=4485"},{"taxonomy":"product_cat","embeddable":true,"href":"https:\/\/minghanggroup.com\/it\/wp-json\/wp\/v2\/product_cat?post=4485"},{"taxonomy":"product_tag","embeddable":true,"href":"https:\/\/minghanggroup.com\/it\/wp-json\/wp\/v2\/product_tag?post=4485"}],"curies":[{"name":"wp","href":"https:\/\/api.w.org\/{rel}","templated":true}]}}