{"id":4484,"date":"2026-01-09T10:26:55","date_gmt":"2026-01-09T02:26:55","guid":{"rendered":"https:\/\/minghanggroup.com\/?post_type=product&#038;p=4484"},"modified":"2026-04-14T09:58:47","modified_gmt":"2026-04-14T01:58:47","slug":"vintage-crystal-perfume-bottles-with-wooden-lids-bulk","status":"publish","type":"product","link":"https:\/\/minghanggroup.com\/it\/prodotto\/vintage-crystal-perfume-bottles-with-wooden-lids-bulk\/","title":{"rendered":"Bottiglie di profumo vintage in cristallo da 30 ml e 50 ml con coperchi in legno, sfuse"},"content":{"rendered":"<p>Le tue boccette di profumo vintage in cristallo non dovrebbero solo contenere il profumo: dovrebbero venderlo. Realizziamo boccette di profumo vintage in vetro che fondono il fascino antico con la funzionalit\u00e0 moderna, trasformando il tuo profumo personalizzato in un oggetto di conversazione immediato.<\/p>\n<h2>Caratteristiche del prodotto<\/h2>\n<ul>\n<li><strong>Silhouette rettangolare ispirata al vintage:<\/strong> La forma familiare di una bottiglia con angoli retti, unita alle linee geometriche, rivela le proporzioni stabili e la bellezza tipiche delle bottiglie di profumo vintage.<\/li>\n<li><strong>Contrasto del cappuccio in legno naturale:<\/strong> Il piano in legno grezzo si staglia contro il vetro trasparente, trasmettendo la personalit\u00e0 del marchio, che \u00e8 una combinazione di natura, stile antico ed estetica artigianale.<\/li>\n<li><strong>Design del pannello per etichette incassato:<\/strong> La parte anteriore delle bottiglie di profumo in vetro vintage presenta un pannello per etichette incassato, perfetto per adesivi, serigrafie o stampe a caldo, che mantiene l&#039;aspetto generale pulito e ordinato.<\/li>\n<\/ul>\n<h2>Specifiche chiave<\/h2>\n<table style=\"border-collapse: collapse; width: 80%; margin-left: auto; margin-right: auto;\" border=\"0\" width=\"360\" cellspacing=\"0\" cellpadding=\"0\">\n<tbody>\n<tr style=\"height: 13.50pt;\">\n<td style=\"height: 13.5pt; width: 54pt; text-align: center;\" width=\"72\" height=\"18\">Capacit\u00e0 (ml)<\/td>\n<td style=\"width: 54pt; text-align: center;\" width=\"72\">Dimensioni (mm)<\/td>\n<td style=\"width: 54pt; text-align: center;\" width=\"72\">Materiale<\/td>\n<td style=\"width: 54pt; text-align: center;\" width=\"72\">berretto<\/td>\n<td style=\"width: 54pt; text-align: center;\" width=\"72\">Opzioni di personalizzazione<\/td>\n<\/tr>\n<tr style=\"height: 13.50pt;\">\n<td style=\"height: 13.5pt; text-align: center;\" align=\"right\" height=\"18\">30<\/td>\n<td style=\"text-align: center;\">36 \u00d7 36 \u00d7 66<\/td>\n<td class=\"et2\" style=\"text-align: center;\" rowspan=\"2\">Cristallo<\/td>\n<td class=\"et2\" style=\"text-align: center;\" rowspan=\"2\">Coperchi di legno<\/td>\n<td class=\"et2\" style=\"text-align: center;\" rowspan=\"2\">Logo, incisione, verniciatura UV, stampa a caldo<\/td>\n<\/tr>\n<tr style=\"height: 13.50pt;\">\n<td style=\"height: 13.5pt; text-align: center;\" align=\"right\" height=\"18\">50<\/td>\n<td style=\"text-align: center;\">42 \u00d7 42 \u00d7 77<\/td>\n<\/tr>\n<\/tbody>\n<\/table>\n<h2>Caso di successo<\/h2>\n<p>Uno studio di profumi vintage e di tendenza, dopo aver ricevuto feedback molto positivi sulle sue fragranze, non riusciva a capire in che modo i suoi prodotti si sarebbero distinti dagli altri presenti sugli scaffali sovraffollati dei negozi. Dopo aver deciso di cambiare il packaging, il marchio ha scelto i nostri flaconi di profumo in cristallo vintage e ha effettuato un primo ordine di 5.000 unit\u00e0. I \u200b\u200bflaconi sono stati personalizzati con un vetro ambrato tenue, un logo in rilievo molto leggero sul pannello frontale e splendidi motivi serigrafati ispirati allo stile classico delle farmacie.<\/p>\n<p>L&#039;effetto \u00e8 stato immediato: l&#039;elegante aura vintage ha attirato maggiore attenzione nei negozi, cos\u00ec il marchio \u00e8 riuscito a vendere i suoi prodotti in alcune profumerie boutique, mentre le vendite complessive sono aumentate del 32% nei primi tre mesi.<\/p>\n<h2>Le tue opzioni di personalizzazione<\/h2>\n<ol>\n<li><strong>Abbinamento del tappo di legno:<\/strong> Si possono abbinare i tappi di quercia a profumi terrosi e quelli di noce a profumi floreali: il tappo sveler\u00e0 la storia ancora prima del primo spruzzo.<\/li>\n<li><strong>Magia del rivestimento UV:<\/strong> \u00c8 possibile abbinare una finitura opaca sul legno e una finitura lucida sul vetro, in modo che entrambi i materiali aggiungano una profondit\u00e0 tattile che si abbina all&#039;illuminazione del negozio.<\/li>\n<li><strong>Stampa a caldo di lusso:<\/strong> Pensate che dei raffinati tappi in legno possano essere dorati? Inoltre, lasciare che la lamina d&#039;oro parli fa miracoli a una frazione del costo.<\/li>\n<\/ol>","protected":false},"excerpt":{"rendered":"<p>Flaconi per profumo vintage in cristallo dalla raffinata forma rettangolare con tappi in legno. Fornitura diretta dalla fabbrica di flaconi per profumo vintage in vetro, campioni gratuiti.<\/p>","protected":false},"featured_media":4489,"template":"","meta":{"postBodyCss":"","postBodyMargin":[],"postBodyPadding":[],"postBodyBackground":{"backgroundType":"classic","gradient":""}},"product_brand":[],"product_cat":[15,16,62],"product_tag":[111],"class_list":{"0":"post-4484","1":"product","2":"type-product","3":"status-publish","4":"has-post-thumbnail","6":"product_cat-glass-containers","7":"product_cat-glass-bottles","8":"product_cat-perfume-bottles","9":"product_tag-glass-mist-bottles","11":"first","12":"instock","13":"shipping-taxable","14":"product-type-simple"},"jetpack_sharing_enabled":true,"_links":{"self":[{"href":"https:\/\/minghanggroup.com\/it\/wp-json\/wp\/v2\/product\/4484","targetHints":{"allow":["GET"]}}],"collection":[{"href":"https:\/\/minghanggroup.com\/it\/wp-json\/wp\/v2\/product"}],"about":[{"href":"https:\/\/minghanggroup.com\/it\/wp-json\/wp\/v2\/types\/product"}],"wp:featuredmedia":[{"embeddable":true,"href":"https:\/\/minghanggroup.com\/it\/wp-json\/wp\/v2\/media\/4489"}],"wp:attachment":[{"href":"https:\/\/minghanggroup.com\/it\/wp-json\/wp\/v2\/media?parent=4484"}],"wp:term":[{"taxonomy":"product_brand","embeddable":true,"href":"https:\/\/minghanggroup.com\/it\/wp-json\/wp\/v2\/product_brand?post=4484"},{"taxonomy":"product_cat","embeddable":true,"href":"https:\/\/minghanggroup.com\/it\/wp-json\/wp\/v2\/product_cat?post=4484"},{"taxonomy":"product_tag","embeddable":true,"href":"https:\/\/minghanggroup.com\/it\/wp-json\/wp\/v2\/product_tag?post=4484"}],"curies":[{"name":"wp","href":"https:\/\/api.w.org\/{rel}","templated":true}]}}