{"id":4471,"date":"2026-01-08T16:57:56","date_gmt":"2026-01-08T08:57:56","guid":{"rendered":"https:\/\/minghanggroup.com\/?post_type=product&#038;p=4471"},"modified":"2026-01-08T17:04:30","modified_gmt":"2026-01-08T09:04:30","slug":"vintage-clear-spray-perfume-bottles-wholesale","status":"publish","type":"product","link":"https:\/\/minghanggroup.com\/it\/prodotto\/vintage-clear-spray-perfume-bottles-wholesale\/","title":{"rendered":"Flaconi di profumo spray trasparenti vintage da 15 ml e 30 ml all&#039;ingrosso"},"content":{"rendered":"<p>Il tuo flacone spray di profumo non dovrebbe solo contenere il profumo: dovrebbe anche venderlo. Ecco perch\u00e9 i nostri flaconi vintage in vetro trasparente uniscono la trasparenza senza tempo alla funzionalit\u00e0 moderna, donando al tuo profumo personalizzato un fascino immediato e un tocco di qualit\u00e0, fin dal primo utilizzo.<\/p>\n<h2>Caratteristiche del prodotto<\/h2>\n<ul>\n<li><strong>Vera chiarezza vintage: <\/strong>Il vetro altamente trasparente mette in risalto il vero colore della tua fragranza, senza dover soffiare sul filtro e senza creare illusioni.<\/li>\n<li><strong>Base quadrata stabile: <\/strong>Fondo extra spesso, assolutamente privo di oscillazioni una volta posizionato sugli scaffali. Le tue boccette di profumo vintage in vetro trasparente saranno percepite come un oggetto robusto, non fragile.<\/li>\n<li><strong>Flessibilit\u00e0 del branding integrata: <\/strong>Puoi personalizzare la confezione del tuo profumo con loghi, incisioni, verniciatura UV o stampa a caldo, trasformandola in un riflesso unico di te.<\/li>\n<\/ul>\n<h2>Specifiche chiave<\/h2>\n<table style=\"border-collapse: collapse; width: 80%; margin-left: AUTO; margin-right: AUTO;\" border=\"0\" width=\"360\" cellspacing=\"0\" cellpadding=\"0\">\n<tbody>\n<tr style=\"height: 13.50pt;\">\n<td style=\"height: 13.5pt; width: 54pt; text-align: center;\" width=\"72\" height=\"18\">Capacit\u00e0 (ml)<\/td>\n<td style=\"width: 54pt; text-align: center;\" width=\"72\">Dimensioni (mm)<\/td>\n<td style=\"width: 54pt; text-align: center;\" width=\"72\">Calibro<\/td>\n<td style=\"width: 54pt; text-align: center;\" width=\"72\">Tipo di tappo<\/td>\n<td style=\"width: 54pt; text-align: center;\" width=\"72\">Opzioni di personalizzazione<\/td>\n<\/tr>\n<tr style=\"height: 13.50pt;\">\n<td style=\"height: 13.5pt; text-align: center;\" height=\"18\">15<\/td>\n<td style=\"text-align: center;\">28\u00d728\u00d766<\/td>\n<td class=\"et2\" style=\"text-align: center;\" rowspan=\"2\">18 millimetri<\/td>\n<td class=\"et2\" style=\"text-align: center;\" rowspan=\"2\">Atomizzatore con tappo a vite dorato o nero<\/td>\n<td class=\"et2\" style=\"text-align: center;\" rowspan=\"2\">Logo, incisione, verniciatura UV, stampa a caldo<\/td>\n<\/tr>\n<tr style=\"height: 13.50pt;\">\n<td style=\"height: 13.5pt; text-align: center;\" height=\"18\">30<\/td>\n<td style=\"text-align: center;\">36\u00d736\u00d781<\/td>\n<\/tr>\n<\/tbody>\n<\/table>\n<h2>Caso di successo<\/h2>\n<p>Il packaging principale del prodotto di punta annuale di un marchio di profumi di nicchia dall&#039;estetica retr\u00f2 era questo set di flaconi di profumo vintage in vetro trasparente. A seconda della fragranza, gli ugelli spray sono galvanizzati con due diverse finiture: oro brillante e nero opaco. Il logo del marchio \u00e8 sobrio e serigrafato in modo da non oscurare il colore del profumo n\u00e9 ridurne la riconoscibilit\u00e0.<\/p>\n<p>Il lancio della serie ha suscitato una reazione massiccia da parte dei canali di acquisto e dei negozi pop-up, dove l&#039;attenzione dei consumatori \u00e8 stata principalmente attirata dalla consistenza delle bottiglie e dalla qualit\u00e0 degli ugelli spray. 3.000 set del lotto iniziale sono andati esauriti molto rapidamente e il cliente ha effettuato altri due ordini in tre mesi.<\/p>\n<h2>I tuoi suggerimenti per la personalizzazione<\/h2>\n<ol>\n<li><strong>Abbina il tappo alla personalit\u00e0 del profumo: <\/strong>Il nero \u00e8 perfetto per note legnose e decise. L&#039;oro per note floreali o agrumate: il tappo racconta la storia ancora prima del primo spruzzo.<\/li>\n<li><strong>Rivestimento UV per un effetto tattile gradevole: <\/strong>Finitura opaca o lucida? Entrambe daranno alla tua decorazione un tocco di texture che la far\u00e0 risaltare sotto l&#039;illuminazione del negozio.<\/li>\n<li><strong>Scegli il vero stile vintage con l&#039;incisione: <\/strong>\u00c8 possibile incidere numeri di lotto o frasi poetiche per trasformare ogni flacone di profumo in un ricordo.<\/li>\n<\/ol>","protected":false},"excerpt":{"rendered":"<p>Fornitore diretto di flaconi spray per profumo in vetro trasparente vintage. Supporta la personalizzazione in grandi quantit\u00e0, campioni gratuiti e consegne rapide in tutto il mondo.<\/p>","protected":false},"featured_media":4480,"template":"","meta":{"postBodyCss":"","postBodyMargin":[],"postBodyPadding":[],"postBodyBackground":{"backgroundType":"classic","gradient":""}},"product_brand":[],"product_cat":[15,16,62],"product_tag":[],"class_list":{"0":"post-4471","1":"product","2":"type-product","3":"status-publish","4":"has-post-thumbnail","6":"product_cat-glass-containers","7":"product_cat-glass-bottles","8":"product_cat-perfume-bottles","10":"first","11":"instock","12":"shipping-taxable","13":"product-type-simple"},"jetpack_sharing_enabled":true,"_links":{"self":[{"href":"https:\/\/minghanggroup.com\/it\/wp-json\/wp\/v2\/product\/4471","targetHints":{"allow":["GET"]}}],"collection":[{"href":"https:\/\/minghanggroup.com\/it\/wp-json\/wp\/v2\/product"}],"about":[{"href":"https:\/\/minghanggroup.com\/it\/wp-json\/wp\/v2\/types\/product"}],"wp:featuredmedia":[{"embeddable":true,"href":"https:\/\/minghanggroup.com\/it\/wp-json\/wp\/v2\/media\/4480"}],"wp:attachment":[{"href":"https:\/\/minghanggroup.com\/it\/wp-json\/wp\/v2\/media?parent=4471"}],"wp:term":[{"taxonomy":"product_brand","embeddable":true,"href":"https:\/\/minghanggroup.com\/it\/wp-json\/wp\/v2\/product_brand?post=4471"},{"taxonomy":"product_cat","embeddable":true,"href":"https:\/\/minghanggroup.com\/it\/wp-json\/wp\/v2\/product_cat?post=4471"},{"taxonomy":"product_tag","embeddable":true,"href":"https:\/\/minghanggroup.com\/it\/wp-json\/wp\/v2\/product_tag?post=4471"}],"curies":[{"name":"wp","href":"https:\/\/api.w.org\/{rel}","templated":true}]}}