{"id":4462,"date":"2026-01-08T15:47:37","date_gmt":"2026-01-08T07:47:37","guid":{"rendered":"https:\/\/minghanggroup.com\/?post_type=product&#038;p=4462"},"modified":"2026-01-08T17:02:41","modified_gmt":"2026-01-08T09:02:41","slug":"glossy-mens-black-fragrance-bottles-wholesale","status":"publish","type":"product","link":"https:\/\/minghanggroup.com\/it\/prodotto\/glossy-mens-black-fragrance-bottles-wholesale\/","title":{"rendered":"Flaconi di profumo nero lucido da uomo da 30 ml, 50 ml e 100 ml all&#039;ingrosso"},"content":{"rendered":"<p>I flaconi neri delle fragranze sono progettati con una finitura completamente nera lucida. La forma del flacone \u00e8 rettangolare con bordi leggermente arrotondati e presenta un tappo cilindrico nero dello stesso colore, la cui superficie lucida riflette la luce.<\/p>\n<h2>Caratteristiche del prodotto<\/h2>\n<ul>\n<li><strong>Finitura nera lucida:<\/strong> La finitura nera lucida \u00e8 visibile sulla bottiglia e sul tappo, il che conferisce all&#039;insieme una consistenza e un aspetto piuttosto lussuoso.<\/li>\n<li><strong>Angoli arrotondati:<\/strong> Gli angoli arrotondati conferiscono un certo tocco di eleganza e trasmettono una sensazione di comfort e sicurezza.<\/li>\n<li><strong>Bottiglia rettangolare:<\/strong> Il flacone rettangolare, nero e lucido, racchiude una forma potente, sicura di s\u00e9 e riconoscibile.<\/li>\n<\/ul>\n<h2 style=\"text-align: left;\">Specifiche chiave<\/h2>\n<table class=\"aligncenter\" style=\"border-collapse: collapse; width: 469.52pt;\" border=\"0\" width=\"626\" cellspacing=\"0\" cellpadding=\"0\">\n<tbody>\n<tr style=\"height: 13.50pt;\">\n<td style=\"height: 13.50pt; width: 119.25pt;\" width=\"159\" height=\"18\">Specifica<\/td>\n<td style=\"width: 350.25pt;\" width=\"467\">Dettagli<\/td>\n<\/tr>\n<tr style=\"height: 13.50pt;\">\n<td style=\"height: 13.50pt;\" height=\"18\">Capacit\u00e0<\/td>\n<td>30 ml \/ 50 ml \/ 100 ml<\/td>\n<\/tr>\n<tr style=\"height: 13.50pt;\">\n<td style=\"height: 13.50pt;\" height=\"18\">Dimensioni<\/td>\n<td>42\u00d729\u00d777mm \/ 51\u00d728\u00d792mm \/ 53\u00d735\u00d7116mm<\/td>\n<\/tr>\n<tr style=\"height: 13.50pt;\">\n<td style=\"height: 13.50pt;\" height=\"18\">Materiale<\/td>\n<td>Vetro con rivestimento nero lucido<\/td>\n<\/tr>\n<tr style=\"height: 13.50pt;\">\n<td style=\"height: 13.50pt;\" height=\"18\">Forma della bottiglia<\/td>\n<td>Rettangolo<\/td>\n<\/tr>\n<tr style=\"height: 13.50pt;\">\n<td style=\"height: 13.50pt;\" height=\"18\">Ambito di personalizzazione<\/td>\n<td>Forma della bottiglia, dimensione, colore, finitura (lucida, opaca, testurizzata)<\/td>\n<\/tr>\n<tr style=\"height: 13.50pt;\">\n<td style=\"height: 13.50pt;\" height=\"18\">Artigianato<\/td>\n<td>Formatura di precisione del vetro, applicazione di lacca lucida<\/td>\n<\/tr>\n<tr style=\"height: 13.50pt;\">\n<td style=\"height: 13.50pt;\" height=\"18\">Scopo del prodotto<\/td>\n<td>Flaconi di profumi da uomo, flaconi di profumi neri<\/td>\n<\/tr>\n<tr style=\"height: 13.50pt;\">\n<td style=\"height: 13.50pt;\" height=\"18\">Industrie adatte<\/td>\n<td>Cura della persona maschile, Profumeria contemporanea, Beni di lusso<\/td>\n<\/tr>\n<\/tbody>\n<\/table>\n<h2>Storia di successo: la colonia pi\u00f9 venduta di un marchio europeo di prodotti per la cura della persona maschile<\/h2>\n<p>Uno dei marchi europei di lusso per la cura della persona ha selezionato il nostro flacone nero di colonia maschile da 100 ml e lo ha personalizzato con una finitura lucida grigio canna di fucile e un logo del marchio fortemente in rilievo sul davanti. L&#039;elevata sensazione al tatto e la piacevolezza al tatto del flacone hanno portato a un prezzo del 35% pi\u00f9 alto della nuova generazione rispetto alla precedente. Il formato da 50 ml si \u00e8 venduto eccezionalmente nei duty-free degli aeroporti e il fatturato \u00e8 stato 150 volte superiore. Le menzioni organiche sui social media sono cresciute del 400% grazie al suo design pulito e audace. Il marchio \u00e8 stato entusiasta del volume di vendita e della crescita del marchio al punto da effettuare un altro ordine di 400.000 flaconi per soddisfare il suo fabbisogno di prodotti principali nei due anni successivi.<\/p>\n<h2>Opzioni di personalizzazione della bottiglia di profumo nera<\/h2>\n<ul>\n<li>Scelte di finitura superficiale: offrono lo stesso aspetto in una finitura metallica opaca, morbida, al tatto o spazzolata. Decorativo metallico<\/li>\n<li>Dettagli: Una striscia di metallo (rame, bronzo) deve essere stesa in uno strato sottile lungo il bordo della bottiglia e il metallo deve essere incassato.<\/li>\n<li>Incisione laser profonda: incidi loghi, elenchi di ingredienti o numeri di serie per ottenere un&#039;identit\u00e0 sofisticata e duratura.<\/li>\n<li>Dettagli del cappuccio personalizzato: cambia il cappuccio con zigrinatura, impugnatura in gomma o profilo alternativo del cappuccio (ad esempio leggermente rastremato).<\/li>\n<\/ul>","protected":false},"excerpt":{"rendered":"<p>Flaconi neri di profumo da uomo in vetro rettangolare lucido con bordi arrotondati. Disponibili anche come OEM, i flaconi neri di profumo sono forniti direttamente dalla fabbrica per i marchi maschili.<\/p>","protected":false},"featured_media":4466,"template":"","meta":{"postBodyCss":"","postBodyMargin":[],"postBodyPadding":[],"postBodyBackground":{"backgroundType":"classic","gradient":""}},"product_brand":[],"product_cat":[15,16,62],"product_tag":[],"class_list":{"0":"post-4462","1":"product","2":"type-product","3":"status-publish","4":"has-post-thumbnail","6":"product_cat-glass-containers","7":"product_cat-glass-bottles","8":"product_cat-perfume-bottles","10":"first","11":"instock","12":"shipping-taxable","13":"product-type-simple"},"jetpack_sharing_enabled":true,"_links":{"self":[{"href":"https:\/\/minghanggroup.com\/it\/wp-json\/wp\/v2\/product\/4462","targetHints":{"allow":["GET"]}}],"collection":[{"href":"https:\/\/minghanggroup.com\/it\/wp-json\/wp\/v2\/product"}],"about":[{"href":"https:\/\/minghanggroup.com\/it\/wp-json\/wp\/v2\/types\/product"}],"wp:featuredmedia":[{"embeddable":true,"href":"https:\/\/minghanggroup.com\/it\/wp-json\/wp\/v2\/media\/4466"}],"wp:attachment":[{"href":"https:\/\/minghanggroup.com\/it\/wp-json\/wp\/v2\/media?parent=4462"}],"wp:term":[{"taxonomy":"product_brand","embeddable":true,"href":"https:\/\/minghanggroup.com\/it\/wp-json\/wp\/v2\/product_brand?post=4462"},{"taxonomy":"product_cat","embeddable":true,"href":"https:\/\/minghanggroup.com\/it\/wp-json\/wp\/v2\/product_cat?post=4462"},{"taxonomy":"product_tag","embeddable":true,"href":"https:\/\/minghanggroup.com\/it\/wp-json\/wp\/v2\/product_tag?post=4462"}],"curies":[{"name":"wp","href":"https:\/\/api.w.org\/{rel}","templated":true}]}}