{"id":4460,"date":"2026-01-08T16:18:45","date_gmt":"2026-01-08T08:18:45","guid":{"rendered":"https:\/\/minghanggroup.com\/?post_type=product&#038;p=4460"},"modified":"2026-01-08T17:03:40","modified_gmt":"2026-01-08T09:03:40","slug":"custom-vintage-cologne-bottles-for-brands-bulk","status":"publish","type":"product","link":"https:\/\/minghanggroup.com\/it\/prodotto\/custom-vintage-cologne-bottles-for-brands-bulk\/","title":{"rendered":"Bottiglie di profumo vintage personalizzate da 30 ml, 50 ml e 100 ml per marchi all&#039;ingrosso"},"content":{"rendered":"<p>Le tue bottiglie di acqua di colonia vintage dovrebbero essere considerate cimeli di famiglia, non semplici contenitori. Forniamo flaconi di profumo vuoti che uniscono il fascino antico alle prestazioni moderne, cos\u00ec il tuo profumo personalizzato si distinguer\u00e0 fin dal primo giorno.<\/p>\n<h2>Caratteristiche del prodotto<\/h2>\n<ul>\n<li><strong>Contorni fluidi e curvi:<\/strong> Un design che unisce lo stile retr\u00f2 e moderno con linee pulite e decise, perfetto per fragranze maschili e linee di profumi di alta qualit\u00e0.<\/li>\n<li><strong>Ampie possibilit\u00e0 di personalizzazione:<\/strong> Aggiungi loghi incisi, vetro sfumato o vernice spray colorata, trasformando ogni bottiglia in un pezzo unico.<\/li>\n<li><strong>Abbinamenti diversi:<\/strong> Possono essere abbinati e combinati con vari colori e materiali per ugelli e tappi di spruzzatura, soddisfacendo cos\u00ec i requisiti di diversi stili di marca e posizionamento sul mercato.<\/li>\n<\/ul>\n<h2>Specifiche chiave<\/h2>\n<table style=\"border-collapse: collapse; width: 80%; margin-left: auto; margin-right: auto;\" border=\"0\" width=\"360\" cellspacing=\"0\" cellpadding=\"0\">\n<tbody>\n<tr style=\"height: 13.50pt;\">\n<td style=\"height: 13.5pt; width: 54pt; text-align: center;\" width=\"72\" height=\"18\">Capacit\u00e0 (ml)<\/td>\n<td style=\"width: 54pt; text-align: center;\" width=\"72\">Dimensioni (mm)<\/td>\n<td style=\"width: 54pt; text-align: center;\" width=\"72\">Calibro<\/td>\n<td style=\"width: 54pt; text-align: center;\" width=\"72\">Tipo di tappo<\/td>\n<td style=\"width: 54pt; text-align: center;\" width=\"72\">Opzioni di personalizzazione<\/td>\n<\/tr>\n<tr style=\"height: 13.50pt;\">\n<td style=\"height: 13.5pt; text-align: center;\" height=\"18\">30<\/td>\n<td style=\"text-align: center;\">45 \u00d7 26 \u00d7 84<\/td>\n<td class=\"et2\" style=\"text-align: center;\" rowspan=\"3\">18 millimetri<\/td>\n<td class=\"et2\" style=\"text-align: center;\" rowspan=\"3\">Spray atomizzatore rotondo con tappo a vite<\/td>\n<td class=\"et2\" style=\"text-align: center;\" rowspan=\"3\">Loghi incisi, vetro sfumato, spray colorati<\/td>\n<\/tr>\n<tr style=\"height: 13.50pt;\">\n<td style=\"height: 13.5pt; text-align: center;\" height=\"18\">50<\/td>\n<td style=\"text-align: center;\">51 \u00d7 30 \u00d7 94<\/td>\n<\/tr>\n<tr style=\"height: 13.50pt;\">\n<td style=\"height: 13.5pt; text-align: center;\" height=\"18\">100<\/td>\n<td style=\"text-align: center;\">62 \u00d7 62 \u00d7 124<\/td>\n<\/tr>\n<\/tbody>\n<\/table>\n<h2>Caso di successo<\/h2>\n<p>Un marchio di fragranze indipendente che si rivolge principalmente al mercato maschile di fascia media, alta e alta, ha scelto questi flaconi quadrati vuoti come design principale del packaging ancor prima del lancio del nuovo prodotto. Per riflettere l&#039;immagine del marchio, il cliente ha personalizzato il flacone da 50 ml, dotato di un ugello spray color canna di fucile opaco e di un tappo elettrolitico scuro, oltre al logo e al volume serigrafati sul davanti.<\/p>\n<p>Dopo soli 2 mesi dal lancio, le vendite del nuovo prodotto hanno superato del 28% le previsioni dell&#039;azienda. Inoltre, il marchio \u00e8 riuscito a effettuare un secondo riordino nel giro di tre mesi, grazie al bassissimo tasso di rottura della prima spedizione e all&#039;eccellente feedback dei canali di distribuzione.<\/p>\n<h2>Le tue opzioni di personalizzazione<\/h2>\n<ol>\n<li><strong>Vetro sfumato:<\/strong> Rispecchia visivamente il tuo percorso olfattivo utilizzando una base profonda in vetro sfumato per le note di fondo e una nota di testa leggera per le note agrumate.<\/li>\n<li><strong>Loghi incisi che durano: <\/strong>Evita le etichette. Un&#039;incisione laser direttamente sulla bottiglia di vetro non si staccher\u00e0 n\u00e9 sbiadir\u00e0.<\/li>\n<li><strong>Vai completamente vintage: <\/strong>Aggiungi un tocco retr\u00f2 con elementi di stile antico, come bordi incisi o caratteri serif, perfetti per marchi storici o profumi artigianali personalizzati.<\/li>\n<\/ol>","protected":false},"excerpt":{"rendered":"<p>Flaconi di acqua di colonia vintage forniti direttamente dalla fabbrica. Questi flaconi vuoti di profumo offrono la possibilit\u00e0 di personalizzazione in grandi quantit\u00e0 e una rapida consegna in tutto il mondo per i marchi.<\/p>","protected":false},"featured_media":4470,"template":"","meta":{"postBodyCss":"","postBodyMargin":[],"postBodyPadding":[],"postBodyBackground":{"backgroundType":"classic","gradient":""}},"product_brand":[],"product_cat":[15,16,62],"product_tag":[],"class_list":{"0":"post-4460","1":"product","2":"type-product","3":"status-publish","4":"has-post-thumbnail","6":"product_cat-glass-containers","7":"product_cat-glass-bottles","8":"product_cat-perfume-bottles","10":"first","11":"instock","12":"shipping-taxable","13":"product-type-simple"},"jetpack_sharing_enabled":true,"_links":{"self":[{"href":"https:\/\/minghanggroup.com\/it\/wp-json\/wp\/v2\/product\/4460","targetHints":{"allow":["GET"]}}],"collection":[{"href":"https:\/\/minghanggroup.com\/it\/wp-json\/wp\/v2\/product"}],"about":[{"href":"https:\/\/minghanggroup.com\/it\/wp-json\/wp\/v2\/types\/product"}],"wp:featuredmedia":[{"embeddable":true,"href":"https:\/\/minghanggroup.com\/it\/wp-json\/wp\/v2\/media\/4470"}],"wp:attachment":[{"href":"https:\/\/minghanggroup.com\/it\/wp-json\/wp\/v2\/media?parent=4460"}],"wp:term":[{"taxonomy":"product_brand","embeddable":true,"href":"https:\/\/minghanggroup.com\/it\/wp-json\/wp\/v2\/product_brand?post=4460"},{"taxonomy":"product_cat","embeddable":true,"href":"https:\/\/minghanggroup.com\/it\/wp-json\/wp\/v2\/product_cat?post=4460"},{"taxonomy":"product_tag","embeddable":true,"href":"https:\/\/minghanggroup.com\/it\/wp-json\/wp\/v2\/product_tag?post=4460"}],"curies":[{"name":"wp","href":"https:\/\/api.w.org\/{rel}","templated":true}]}}