{"id":4455,"date":"2026-01-08T15:04:49","date_gmt":"2026-01-08T07:04:49","guid":{"rendered":"https:\/\/minghanggroup.com\/?post_type=product&#038;p=4455"},"modified":"2026-01-08T15:17:05","modified_gmt":"2026-01-08T07:17:05","slug":"rectangular-black-cologne-bottles-wholesale","status":"publish","type":"product","link":"https:\/\/minghanggroup.com\/it\/prodotto\/rectangular-black-cologne-bottles-wholesale\/","title":{"rendered":"Flaconi di profumo rettangolari neri da 30 ml, 50 ml e 100 ml all&#039;ingrosso"},"content":{"rendered":"<p>Questi flaconi di profumo neri presentano una finitura completamente nera opaca, il corpo \u00e8 rettangolare (i bordi della pellicola sono leggermente arrotondati) e il tappo \u00e8 cilindrico nero, il che conferisce un aspetto armonioso, sobrio e sofisticato.<\/p>\n<h2>Caratteristiche del prodotto<\/h2>\n<ul>\n<li><strong>Texture completamente nera opaca:<\/strong> Il nero opaco della bottiglia e del tappo conferisce un tocco discreto ma di alta qualit\u00e0, che si adatta alla moda di nicchia con colori freddi.<\/li>\n<li><strong>Corpo rettangolare arrotondato:<\/strong> I bordi arrotondati della bottiglia rettangolare garantiscono una facile maneggevolezza e un risparmio di spazio.<\/li>\n<li><strong>Varie dimensioni:<\/strong> Sono disponibili 3 misure di flaconi di profumo rettangolari, a seconda delle esigenze di diverse situazioni, come l&#039;uso quotidiano e i flaconi ricaricabili.<\/li>\n<\/ul>\n<h2 style=\"text-align: left;\">Specifiche chiave<\/h2>\n<table class=\"aligncenter\" style=\"border-collapse: collapse; width: 469.52pt;\" border=\"0\" width=\"626\" cellspacing=\"0\" cellpadding=\"0\">\n<tbody>\n<tr style=\"height: 13.50pt;\">\n<td style=\"height: 13.50pt; width: 119.25pt;\" width=\"159\" height=\"18\">Specifica<\/td>\n<td style=\"width: 350.25pt;\" width=\"467\">Dettagli<\/td>\n<\/tr>\n<tr style=\"height: 13.50pt;\">\n<td style=\"height: 13.50pt;\" height=\"18\">Capacit\u00e0<\/td>\n<td>30 ml \/ 50 ml \/ 100 ml<\/td>\n<\/tr>\n<tr style=\"height: 13.50pt;\">\n<td style=\"height: 13.50pt;\" height=\"18\">Dimensioni<\/td>\n<td>42\u00d729\u00d776mm \/ 51\u00d728\u00d791mm \/ 53\u00d736\u00d7116mm<\/td>\n<\/tr>\n<tr style=\"height: 13.50pt;\">\n<td style=\"height: 13.50pt;\" height=\"18\">Materiale<\/td>\n<td>Vetro con rivestimento nero opaco<\/td>\n<\/tr>\n<tr style=\"height: 13.50pt;\">\n<td style=\"height: 13.50pt;\" height=\"18\">Forma della bottiglia<\/td>\n<td>Rettangolo<\/td>\n<\/tr>\n<tr style=\"height: 13.50pt;\">\n<td style=\"height: 13.50pt;\" height=\"18\">Ambito di personalizzazione<\/td>\n<td>Finitura Texture, Dettaglio del cappuccio, Goffratura, Marchio sottile<\/td>\n<\/tr>\n<tr style=\"height: 13.50pt;\">\n<td style=\"height: 13.50pt;\" height=\"18\">Artigianato<\/td>\n<td>Formatura del vetro di precisione, applicazione uniforme del rivestimento opaco<\/td>\n<\/tr>\n<tr style=\"height: 13.50pt;\">\n<td style=\"height: 13.50pt;\" height=\"18\">Scopo del prodotto<\/td>\n<td>Bottiglie di colonia nere all&#039;ingrosso, bottiglie di profumo vintage<\/td>\n<\/tr>\n<tr style=\"height: 13.50pt;\">\n<td style=\"height: 13.50pt;\" height=\"18\">Industrie adatte<\/td>\n<td>Profumeria contemporanea, prodotti per la cura della pelle di lusso<\/td>\n<\/tr>\n<\/tbody>\n<\/table>\n<h2>Storia di successo: un marchio privato di un profumiere d&#039;avanguardia di Tokyo<\/h2>\n<p>Uno dei marchi di profumi di nicchia con sede a Tokyo ha deciso di utilizzare i nostri flaconi di colonia neri da 100 ml come esclusiva, personalizzandoli con una superficie opaca micro-textured per una migliore presa. Grazie all&#039;esclusivo design nero opaco, la notoriet\u00e0 del marchio \u00e8 cresciuta del 48%; inoltre, la visibilit\u00e0 a scaffale \u00e8 aumentata del 42%, con un conseguente aumento delle vendite del 60% rispetto ai tradizionali flaconi trasparenti. Il marchio \u00e8 rimasto estremamente soddisfatto di come il flacone di profumo riflettesse il brand e ha effettuato un altro ordine di 500.000 flaconi, firmando un contratto di distribuzione esclusiva a livello mondiale.<\/p>\n<h2>Le bottiglie di profumo nere possono essere personalizzate<\/h2>\n<ul>\n<li>Texture e lucentezza del rivestimento: offre una gamma di scelte tra ultra-opaco e satinato, oppure introduce alcune micro-texture.<\/li>\n<li>Colori di base del vetro: aggiungono un effetto speciale di maturit\u00e0 al vetro trasparente, fum\u00e9 o colorato applicando il rivestimento opaco.<\/li>\n<li>Decorazioni del tappo: aggiungi al tappo un semplice anello di metallo, gomma o altre texture.<\/li>\n<li>Serigrafia a contrasto: stampa colori a contrasto (bianco, metallizzato) su un tappetino.<\/li>\n<\/ul>","protected":false},"excerpt":{"rendered":"<p>Eleganti flaconi di profumo neri con texture liscia e opaca e tappi coordinati. Sconto disponibile per ordini all&#039;ingrosso sui flaconi di colonia neri per l&#039;approvvigionamento su larga scala.<\/p>","protected":false},"featured_media":4458,"template":"","meta":{"postBodyCss":"","postBodyMargin":[],"postBodyPadding":[],"postBodyBackground":{"backgroundType":"classic","gradient":""}},"product_brand":[],"product_cat":[15,16,62],"product_tag":[],"class_list":{"0":"post-4455","1":"product","2":"type-product","3":"status-publish","4":"has-post-thumbnail","6":"product_cat-glass-containers","7":"product_cat-glass-bottles","8":"product_cat-perfume-bottles","10":"first","11":"instock","12":"shipping-taxable","13":"product-type-simple"},"jetpack_sharing_enabled":true,"_links":{"self":[{"href":"https:\/\/minghanggroup.com\/it\/wp-json\/wp\/v2\/product\/4455","targetHints":{"allow":["GET"]}}],"collection":[{"href":"https:\/\/minghanggroup.com\/it\/wp-json\/wp\/v2\/product"}],"about":[{"href":"https:\/\/minghanggroup.com\/it\/wp-json\/wp\/v2\/types\/product"}],"wp:featuredmedia":[{"embeddable":true,"href":"https:\/\/minghanggroup.com\/it\/wp-json\/wp\/v2\/media\/4458"}],"wp:attachment":[{"href":"https:\/\/minghanggroup.com\/it\/wp-json\/wp\/v2\/media?parent=4455"}],"wp:term":[{"taxonomy":"product_brand","embeddable":true,"href":"https:\/\/minghanggroup.com\/it\/wp-json\/wp\/v2\/product_brand?post=4455"},{"taxonomy":"product_cat","embeddable":true,"href":"https:\/\/minghanggroup.com\/it\/wp-json\/wp\/v2\/product_cat?post=4455"},{"taxonomy":"product_tag","embeddable":true,"href":"https:\/\/minghanggroup.com\/it\/wp-json\/wp\/v2\/product_tag?post=4455"}],"curies":[{"name":"wp","href":"https:\/\/api.w.org\/{rel}","templated":true}]}}