{"id":4421,"date":"2026-01-07T14:49:56","date_gmt":"2026-01-07T06:49:56","guid":{"rendered":"https:\/\/minghanggroup.com\/?post_type=product&#038;p=4421"},"modified":"2026-01-07T16:57:10","modified_gmt":"2026-01-07T08:57:10","slug":"empty-perfume-square-bottles-with-lids-bulk","status":"publish","type":"product","link":"https:\/\/minghanggroup.com\/it\/prodotto\/empty-perfume-square-bottles-with-lids-bulk\/","title":{"rendered":"Flaconi di profumo quadrati vuoti da 100 ml con coperchi sfusi"},"content":{"rendered":"<p>Questo flacone quadrato per profumo \u00e8 realizzato in vetro molto trasparente. Il tappo ha un design multifacciale e si fissa elegantemente al corpo del flacone tramite un sottile anello in metallo argentato.<\/p>\n<h2>Caratteristiche del prodotto<\/h2>\n<ul>\n<li><strong>Disegno del cappuccio a forma di diamante:<\/strong> Il tappo trasparente \u00e8 tagliato a forma di diamante e i dettagli in metallo argentato lo rendono un punto focale da osservare come elemento visivo sul tappo.<\/li>\n<li><strong>Sostanza di vetro trasparente:<\/strong> Il vetro di cristallo \u00e8 completamente trasparente, consentendo cos\u00ec di vedere chiaramente l&#039;interno del liquido e di mettere in risalto la lussuosa consistenza del prodotto.<\/li>\n<li><strong>Design di lusso della bottiglia quadrata:<\/strong> Il design essenziale della bottiglia quadrata coniuga bellezza e comodit\u00e0 ed \u00e8 quindi perfetto per un mobiletto da toeletta sofisticato.<\/li>\n<\/ul>\n<h2 style=\"text-align: left;\">Specifiche chiave<\/h2>\n<table class=\"aligncenter\" style=\"border-collapse: collapse; width: 444.77pt;\" border=\"0\" width=\"593\" cellspacing=\"0\" cellpadding=\"0\">\n<tbody>\n<tr style=\"height: 13.50pt;\">\n<td style=\"height: 13.50pt; width: 119.25pt;\" width=\"159\" height=\"18\">Specifica<\/td>\n<td style=\"width: 325.50pt;\" width=\"434\">Dettagli<\/td>\n<\/tr>\n<tr style=\"height: 13.50pt;\">\n<td style=\"height: 13.50pt;\" height=\"18\">Capacit\u00e0<\/td>\n<td>100 ml<\/td>\n<\/tr>\n<tr style=\"height: 13.50pt;\">\n<td style=\"height: 13.50pt;\" height=\"18\">Dimensioni<\/td>\n<td>57\u00d757\u00d769 mm<\/td>\n<\/tr>\n<tr style=\"height: 13.50pt;\">\n<td style=\"height: 13.50pt;\" height=\"18\">Materiale<\/td>\n<td>Vetro cristallino, componenti metallici<\/td>\n<\/tr>\n<tr style=\"height: 13.50pt;\">\n<td style=\"height: 13.50pt;\" height=\"18\">Forma della bottiglia<\/td>\n<td>Cubo<\/td>\n<\/tr>\n<tr style=\"height: 13.50pt;\">\n<td style=\"height: 13.50pt;\" height=\"18\">Ambito di personalizzazione<\/td>\n<td>Colore, forma, dimensione, sfaccettatura del cappuccio, finitura<\/td>\n<\/tr>\n<tr style=\"height: 13.50pt;\">\n<td style=\"height: 13.50pt;\" height=\"18\">Artigianato<\/td>\n<td>Formatura di precisione del vetro, taglio delle sfaccettature, assemblaggio dei metalli<\/td>\n<\/tr>\n<tr style=\"height: 13.50pt;\">\n<td style=\"height: 13.50pt;\" height=\"18\">Scopo del prodotto<\/td>\n<td>Flaconi quadrati di profumo, flaconi di colonia<\/td>\n<\/tr>\n<tr style=\"height: 13.50pt;\">\n<td style=\"height: 13.50pt;\" height=\"18\">Industrie adatte<\/td>\n<td>Alta Profumeria, Beni di Lusso, Ospitalit\u00e0 Esclusiva<\/td>\n<\/tr>\n<\/tbody>\n<\/table>\n<h2>Storia di successo<\/h2>\n<p>Le nostre bottiglie di profumo vuote da 100 ml sono state selezionate da una famosa casa di moda milanese, riprogettate con coperchi in vetro nero fum\u00e9 e parti metalliche placcate in palladio. Questa forma cubica sarebbe presto diventata un prototipo, poich\u00e9 \u00e8 riuscita a raggiungere il 100% di riconoscimento del marchio tra il mercato di riferimento nei test alla cieca. Ha ricevuto molto interesse online grazie al suo splendido design, che ha ricevuto oltre 10 milioni di impressioni. Il successo del lancio e lo status di cult della bottiglia hanno entusiasmato il marchio, che ha ricevuto un altro ordine di 600.000 bottiglie da distribuire in tutto il mondo.<\/p>\n<h2>Bottiglie di profumo quadrate personalizzate<\/h2>\n<ul>\n<li>Personalizzazione del manico in metallo: pu\u00f2 essere ordinato in oro, oro rosa, cromo nero e finiture.<\/li>\n<li>Disegni personalizzati per i tappi: esegui tagli o incisioni esclusivi sul tappo.<\/li>\n<li>Incisione laser: utilizzare un laser per incidere il logo del marchio, il monogramma o i disegni geometrici direttamente sulla superficie della bottiglia.<\/li>\n<li>Logo del marchio in rilievo: il logo del marchio \u00e8 impresso in modo discreto sul fondo del cubo.<\/li>\n<\/ul>","protected":false},"excerpt":{"rendered":"<p>Elegante flacone quadrato da 100 ml per profumo, con corpo squadrato, anello decorativo argentato e tappo in vetro intagliato, progettato per impreziosire le confezioni di profumi di alta gamma. Campioni gratuiti.<\/p>","protected":false},"featured_media":4426,"template":"","meta":{"postBodyCss":"","postBodyMargin":[],"postBodyPadding":[],"postBodyBackground":{"backgroundType":"classic","gradient":""}},"product_brand":[],"product_cat":[15,16,62],"product_tag":[],"class_list":{"0":"post-4421","1":"product","2":"type-product","3":"status-publish","4":"has-post-thumbnail","6":"product_cat-glass-containers","7":"product_cat-glass-bottles","8":"product_cat-perfume-bottles","10":"first","11":"instock","12":"shipping-taxable","13":"product-type-simple"},"jetpack_sharing_enabled":true,"_links":{"self":[{"href":"https:\/\/minghanggroup.com\/it\/wp-json\/wp\/v2\/product\/4421","targetHints":{"allow":["GET"]}}],"collection":[{"href":"https:\/\/minghanggroup.com\/it\/wp-json\/wp\/v2\/product"}],"about":[{"href":"https:\/\/minghanggroup.com\/it\/wp-json\/wp\/v2\/types\/product"}],"wp:featuredmedia":[{"embeddable":true,"href":"https:\/\/minghanggroup.com\/it\/wp-json\/wp\/v2\/media\/4426"}],"wp:attachment":[{"href":"https:\/\/minghanggroup.com\/it\/wp-json\/wp\/v2\/media?parent=4421"}],"wp:term":[{"taxonomy":"product_brand","embeddable":true,"href":"https:\/\/minghanggroup.com\/it\/wp-json\/wp\/v2\/product_brand?post=4421"},{"taxonomy":"product_cat","embeddable":true,"href":"https:\/\/minghanggroup.com\/it\/wp-json\/wp\/v2\/product_cat?post=4421"},{"taxonomy":"product_tag","embeddable":true,"href":"https:\/\/minghanggroup.com\/it\/wp-json\/wp\/v2\/product_tag?post=4421"}],"curies":[{"name":"wp","href":"https:\/\/api.w.org\/{rel}","templated":true}]}}