{"id":4420,"date":"2026-01-07T15:09:11","date_gmt":"2026-01-07T07:09:11","guid":{"rendered":"https:\/\/minghanggroup.com\/?post_type=product&#038;p=4420"},"modified":"2026-01-07T16:56:08","modified_gmt":"2026-01-07T08:56:08","slug":"glass-square-vintage-perfume-bottles-with-pump-wholesale","status":"publish","type":"product","link":"https:\/\/minghanggroup.com\/it\/prodotto\/glass-square-vintage-perfume-bottles-with-pump-wholesale\/","title":{"rendered":"Bottiglie di profumo vintage quadrate in vetro da 30 ml a 100 ml con pompa all&#039;ingrosso"},"content":{"rendered":"<p>Le tue bottiglie di profumo vintage con pompa dovrebbero invogliare i clienti a fermarsi a met\u00e0 scaffale. Realizziamo piccole bottiglie di profumo spray pensate per confezioni di fragranze che vendono davvero, dove ogni bottiglia di profumo in vetro urla lusso senza tempo.<\/p>\n<h2>Caratteristiche del prodotto<\/h2>\n<ul>\n<li><strong>Stabilit\u00e0 della base quadrata:<\/strong> Hai ispessito la base quadrata? Non c&#039;\u00e8 assolutamente alcun movimento sugli scaffali dei negozi: i tuoi piccoli flaconi spray di profumo emanano un&#039;atmosfera corposa e pregiata.<\/li>\n<li><strong>Personalizzazione del berretto vintage:<\/strong> Sono color noce, rovere chiaro o nero opaco? Abbinali all&#039;anima del profumo.<\/li>\n<li><strong>Chiarezza del vetro cristallino:<\/strong> Rivela il vero colore della tua fragranza attraverso questa bottiglia di vetro, senza illusioni torbide.<\/li>\n<\/ul>\n<h2>Specifiche chiave<\/h2>\n<table style=\"border-collapse: collapse; width: 80%; margin-left: auto; margin-right: auto;\" border=\"0\" width=\"360\" cellspacing=\"0\" cellpadding=\"0\">\n<tbody>\n<tr style=\"height: 13.50pt;\">\n<td style=\"height: 13.5pt; width: 54pt; text-align: center;\" width=\"72\" height=\"18\">Capacit\u00e0 (ml)<\/td>\n<td style=\"width: 54pt; text-align: center;\" width=\"72\">Dimensioni (mm)<\/td>\n<td style=\"width: 54pt; text-align: center;\" width=\"72\">Calibro<\/td>\n<td style=\"width: 54pt; text-align: center;\" width=\"72\">Tipo di sigillo<\/td>\n<td style=\"width: 54pt; text-align: center;\" width=\"72\">Colore<\/td>\n<\/tr>\n<tr style=\"height: 13.50pt;\">\n<td style=\"height: 13.5pt; text-align: center;\" height=\"18\">30<\/td>\n<td style=\"text-align: center;\">35\u00d735\u00d766<\/td>\n<td class=\"et2\" style=\"text-align: center;\" rowspan=\"5\">15 millimetri<\/td>\n<td class=\"et2\" style=\"text-align: center;\" rowspan=\"5\">Spay top<\/td>\n<td class=\"et2\" style=\"text-align: center;\" rowspan=\"5\">Vetro trasparente, marrone noce, rovere chiaro, tappo nero opaco (personalizzabile)<\/td>\n<\/tr>\n<tr style=\"height: 13.50pt;\">\n<td style=\"height: 13.5pt; text-align: center;\" height=\"18\">30<\/td>\n<td style=\"text-align: center;\">37\u00d737\u00d765<\/td>\n<\/tr>\n<tr style=\"height: 13.50pt;\">\n<td style=\"height: 13.5pt; text-align: center;\" height=\"18\">50<\/td>\n<td style=\"text-align: center;\">32\u00d732\u00d785<\/td>\n<\/tr>\n<tr style=\"height: 13.50pt;\">\n<td style=\"height: 13.5pt; text-align: center;\" height=\"18\">45<\/td>\n<td style=\"text-align: center;\">37\u00d737\u00d786<\/td>\n<\/tr>\n<tr style=\"height: 13.50pt;\">\n<td style=\"height: 13.5pt; text-align: center;\" height=\"18\">100<\/td>\n<td style=\"text-align: center;\">47\u00d747\u00d7103<\/td>\n<\/tr>\n<\/tbody>\n<\/table>\n<h2>Caso di successo<\/h2>\n<p>Un marchio indipendente, specializzato in fragranze vintage, ha deciso di utilizzare queste bottiglie di profumo vintage con pompetta come packaging per la sua nuova collezione, durante lo sviluppo di quest&#039;ultima. Ha optato per una versione personalizzata da 50 ml, di piccole dimensioni, con flaconi spray quadrati in vetro spesso e una pompa spray nera opaca. Per aumentare la riconoscibilit\u00e0 del marchio, la parte anteriore della bottiglia \u00e8 decorata con un logo dorato a bassa saturazione, realizzato con una serigrafia, e il fondo \u00e8 extra spesso non solo per migliorare la sensazione tattile e la stabilit\u00e0 generale, ma anche per ridurre la possibilit\u00e0 che il prodotto si danneggi durante il trasporto.<\/p>\n<p>L&#039;ordine iniziale riguardava 3.000 piccoli flaconi spray per profumo. Dopo tre mesi, la serie ha ricevuto un secondo ordine e le successive collaborazioni, con l&#039;aggiunta di nuovi colori per i tappi e opzioni di capacit\u00e0, sono gradualmente diventate il sistema di packaging distintivo del marchio.<\/p>\n<h2>Le tue opzioni di personalizzazione<\/h2>\n<ol>\n<li><strong>Racconto del colore del berretto: <\/strong>Scegliete i tappi di noce per profumi terrosi e legnosi, quelli neri per aggiungere un elemento di mistero e quelli di quercia per note fresche.<\/li>\n<li><strong>Integrazione del logo in blocco: <\/strong>Realizza il tuo logo inciso al laser su piccole bottiglie di profumo spray all&#039;ingrosso con base quadrata, con un marchio non immediatamente visibile.<\/li>\n<li><strong>Opzioni di branding: <\/strong>Alcune delle opzioni personalizzabili sono la stampa del marchio sul prodotto tramite serigrafia, la stampa a caldo (oro o argento) o la sabbiatura del logo per promuovere il riconoscimento del marchio.<\/li>\n<\/ol>","protected":false},"excerpt":{"rendered":"<p>Flaconi di profumo vintage con pompa per marchi e grossisti. Piccoli flaconi spray per profumo, fornitura diretta dalla fabbrica, personalizzazione all&#039;ingrosso, consegna rapida in tutto il mondo.<\/p>","protected":false},"featured_media":4423,"template":"","meta":{"postBodyCss":"","postBodyMargin":[],"postBodyPadding":[],"postBodyBackground":{"backgroundType":"classic","gradient":""}},"product_brand":[],"product_cat":[15,16,62],"product_tag":[],"class_list":{"0":"post-4420","1":"product","2":"type-product","3":"status-publish","4":"has-post-thumbnail","6":"product_cat-glass-containers","7":"product_cat-glass-bottles","8":"product_cat-perfume-bottles","10":"first","11":"instock","12":"shipping-taxable","13":"product-type-simple"},"jetpack_sharing_enabled":true,"_links":{"self":[{"href":"https:\/\/minghanggroup.com\/it\/wp-json\/wp\/v2\/product\/4420","targetHints":{"allow":["GET"]}}],"collection":[{"href":"https:\/\/minghanggroup.com\/it\/wp-json\/wp\/v2\/product"}],"about":[{"href":"https:\/\/minghanggroup.com\/it\/wp-json\/wp\/v2\/types\/product"}],"wp:featuredmedia":[{"embeddable":true,"href":"https:\/\/minghanggroup.com\/it\/wp-json\/wp\/v2\/media\/4423"}],"wp:attachment":[{"href":"https:\/\/minghanggroup.com\/it\/wp-json\/wp\/v2\/media?parent=4420"}],"wp:term":[{"taxonomy":"product_brand","embeddable":true,"href":"https:\/\/minghanggroup.com\/it\/wp-json\/wp\/v2\/product_brand?post=4420"},{"taxonomy":"product_cat","embeddable":true,"href":"https:\/\/minghanggroup.com\/it\/wp-json\/wp\/v2\/product_cat?post=4420"},{"taxonomy":"product_tag","embeddable":true,"href":"https:\/\/minghanggroup.com\/it\/wp-json\/wp\/v2\/product_tag?post=4420"}],"curies":[{"name":"wp","href":"https:\/\/api.w.org\/{rel}","templated":true}]}}