{"id":4411,"date":"2026-01-07T13:28:03","date_gmt":"2026-01-07T05:28:03","guid":{"rendered":"https:\/\/minghanggroup.com\/?post_type=product&#038;p=4411"},"modified":"2026-01-07T14:19:52","modified_gmt":"2026-01-07T06:19:52","slug":"perfume-bottles-glass-with-sphere-lids-wholesale","status":"publish","type":"product","link":"https:\/\/minghanggroup.com\/it\/prodotto\/perfume-bottles-glass-with-sphere-lids-wholesale\/","title":{"rendered":"Bottiglie di profumo in vetro con coperchi a sfera da 30 ml, 50 ml e 100 ml, vendita all&#039;ingrosso"},"content":{"rendered":"<p>Questi flaconi di profumo da donna sono realizzati in vetro estremamente trasparente e il fondo \u00e8 spesso per garantire la massima stabilit\u00e0. Il design minimalista e funzionale presenta una fragile sfera di vetro superiore, che conferisce un tocco di eleganza.<\/p>\n<h2>Caratteristiche del prodotto<\/h2>\n<ul>\n<li><strong>Delicato tappo sferico in vetro:<\/strong> Il tappo in vetro \u00e8 sferico e si adatta perfettamente alla bottiglia, conferendole un tocco classico e femminile.<\/li>\n<li><strong>Materiale in vetro molto trasparente:<\/strong> La bottiglia \u00e8 realizzata in vetro molto trasparente, che le conferisce un aspetto accattivante e un&#039;espressione di pura e aggraziata bellezza.<\/li>\n<li><strong>Tre stili tra cui scegliere:<\/strong> 30 ml, 50 ml, 100 ml per soddisfare le tue esigenze di trasporto di campioni di profumo, prodotti essenziali quotidiani e flaconi di profumo pi\u00f9 grandi.<\/li>\n<\/ul>\n<h2 style=\"text-align: left;\">Specifiche chiave<\/h2>\n<table class=\"aligncenter\" style=\"border-collapse: collapse; width: 469.52pt;\" border=\"0\" width=\"626\" cellspacing=\"0\" cellpadding=\"0\">\n<tbody>\n<tr style=\"height: 13.50pt;\">\n<td style=\"height: 13.50pt; width: 119.25pt;\" width=\"159\" height=\"18\">Specifica<\/td>\n<td style=\"width: 350.25pt;\" width=\"467\">Dettagli<\/td>\n<\/tr>\n<tr style=\"height: 13.50pt;\">\n<td style=\"height: 13.50pt;\" height=\"18\">Capacit\u00e0<\/td>\n<td>30 ml \/ 50 ml \/ 100 ml<\/td>\n<\/tr>\n<tr style=\"height: 13.50pt;\">\n<td style=\"height: 13.50pt;\" height=\"18\">Dimensioni<\/td>\n<td>40\u00d776 mm \/ 46\u00d784 mm \/ 58\u00d7103 mm<\/td>\n<\/tr>\n<tr style=\"height: 13.50pt;\">\n<td style=\"height: 13.50pt;\" height=\"18\">Materiale<\/td>\n<td>Vetro ad alta trasparenza<\/td>\n<\/tr>\n<tr style=\"height: 13.50pt;\">\n<td style=\"height: 13.50pt;\" height=\"18\">Ambito di personalizzazione<\/td>\n<td>Colore\/tinta del vetro, colore del tappo, satinatura, incisione, stampa<\/td>\n<\/tr>\n<tr style=\"height: 13.50pt;\">\n<td style=\"height: 13.50pt;\" height=\"18\">Artigianato<\/td>\n<td>Soffiatura e formatura del vetro di precisione, finitura lucida<\/td>\n<\/tr>\n<tr style=\"height: 13.50pt;\">\n<td style=\"height: 13.50pt;\" height=\"18\">Scopo del prodotto<\/td>\n<td>Flaconi di profumo di lusso per donna, Flaconi di profumo da donna<\/td>\n<\/tr>\n<tr style=\"height: 13.50pt;\">\n<td style=\"height: 13.50pt;\" height=\"18\">Industrie adatte<\/td>\n<td>Profumeria tradizionale e di nicchia, regali di alta gamma<\/td>\n<\/tr>\n<\/tbody>\n<\/table>\n<h2>Storia di successo: ricostruzione di un prodotto chiave di un vecchio marchio europeo<\/h2>\n<p>Uno dei marchi europei di profumi con un&#039;alta percentuale di consumatrici ha acquistato i nostri flaconi in vetro da 100 ml, un flacone in vetro specificamente pensato per le donne, con una delicata tonalit\u00e0 rosa e un tappo sferico satinato. I clienti fedeli apprezzano la forma tradizionale del flacone e il livello di soddisfazione registrato nei sondaggi post-lancio \u00e8 del 95%. La struttura in vetro trasmette una sensazione di solidit\u00e0 e qualit\u00e0, che si traduce in una crescita delle vendite del 25%. Il marchio \u00e8 estremamente soddisfatto del successo del rilancio e ha effettuato un altro ordine di 400.000 flaconi per garantire la fornitura della sua linea di prodotti di punta nei prossimi due anni.<\/p>\n<h2>Personalizzazione di bottiglie di profumo in vetro<\/h2>\n<ul>\n<li>Vetro sfumato: effetto sfumato sulla parte superiore del fondo della bottiglia di vetro.<\/li>\n<li>Colori coordinati di tappo e bottiglia: offrite tappi sferici e bottiglie negli stessi colori o in colori complementari.<\/li>\n<li>Finitura satinata: seleziona una finitura completamente satinata oppure solo un cappuccio o una base satinati per creare contrasto.<\/li>\n<li>Incisione laser: incide sulla superficie del vetro motivi floreali, nomi di marchi o nomi di profumi.<\/li>\n<li>Serigrafia: stampa del logo del marchio, di motivi di un nastro o di strisce di una decorazione al centro della bottiglia.<\/li>\n<\/ul>","protected":false},"excerpt":{"rendered":"<p>Realizzati in vetro trasparente, questi flaconi di profumo da donna combinano un design a collo corto con una base solida, offrendo un aspetto lussuoso. Spedizione veloce.<\/p>","protected":false},"featured_media":4414,"template":"","meta":{"postBodyCss":"","postBodyMargin":[],"postBodyPadding":[],"postBodyBackground":{"backgroundType":"classic","gradient":""}},"product_brand":[],"product_cat":[15,16,62],"product_tag":[],"class_list":{"0":"post-4411","1":"product","2":"type-product","3":"status-publish","4":"has-post-thumbnail","6":"product_cat-glass-containers","7":"product_cat-glass-bottles","8":"product_cat-perfume-bottles","10":"first","11":"instock","12":"shipping-taxable","13":"product-type-simple"},"jetpack_sharing_enabled":true,"_links":{"self":[{"href":"https:\/\/minghanggroup.com\/it\/wp-json\/wp\/v2\/product\/4411","targetHints":{"allow":["GET"]}}],"collection":[{"href":"https:\/\/minghanggroup.com\/it\/wp-json\/wp\/v2\/product"}],"about":[{"href":"https:\/\/minghanggroup.com\/it\/wp-json\/wp\/v2\/types\/product"}],"wp:featuredmedia":[{"embeddable":true,"href":"https:\/\/minghanggroup.com\/it\/wp-json\/wp\/v2\/media\/4414"}],"wp:attachment":[{"href":"https:\/\/minghanggroup.com\/it\/wp-json\/wp\/v2\/media?parent=4411"}],"wp:term":[{"taxonomy":"product_brand","embeddable":true,"href":"https:\/\/minghanggroup.com\/it\/wp-json\/wp\/v2\/product_brand?post=4411"},{"taxonomy":"product_cat","embeddable":true,"href":"https:\/\/minghanggroup.com\/it\/wp-json\/wp\/v2\/product_cat?post=4411"},{"taxonomy":"product_tag","embeddable":true,"href":"https:\/\/minghanggroup.com\/it\/wp-json\/wp\/v2\/product_tag?post=4411"}],"curies":[{"name":"wp","href":"https:\/\/api.w.org\/{rel}","templated":true}]}}