{"id":4399,"date":"2026-01-07T08:56:01","date_gmt":"2026-01-07T00:56:01","guid":{"rendered":"https:\/\/minghanggroup.com\/?post_type=product&#038;p=4399"},"modified":"2026-01-07T14:16:42","modified_gmt":"2026-01-07T06:16:42","slug":"scent-bottles-of-cologne-with-sphere-lids-wholesale","status":"publish","type":"product","link":"https:\/\/minghanggroup.com\/it\/prodotto\/scent-bottles-of-cologne-with-sphere-lids-wholesale\/","title":{"rendered":"Flaconi di profumo di Colonia da 30 ml, 50 ml e 100 ml con tappo a sfera all&#039;ingrosso"},"content":{"rendered":"<p>Questo flacone di profumo \u00e8 realizzato in vetro trasparente, abbinato a un tappo sferico liscio e a contrasto. Questo aspetto imponente \u00e8 stato conferito al flacone ispessendo la base, in modo che la colonia si distingua dall&#039;esposizione in modo visivamente solido e stabile.<\/p>\n<h2>Caratteristiche del prodotto<\/h2>\n<ul>\n<li><strong>Bottiglia di vetro ad alta trasparenza:<\/strong> \u00c8 composto da vetro altamente trasparente, che consente di vedere il colore della fragranza in modo semplice e chiaro, il che favorisce la purezza e la qualit\u00e0 percepita del prodotto.<\/li>\n<li><strong>Tappo decorativo sferico:<\/strong> Il tappo arrotondato \u00e8 un design esclusivo della confezione della fragranza e presenta una forma rotonda e sferica, che gli conferisce un aspetto decorativo e alla moda.<\/li>\n<li><strong>Base stabile e ispessita:<\/strong> La base ispessita \u00e8 efficace nel migliorare la stabilit\u00e0 complessiva e nel migliorare la consistenza della bottiglia.<\/li>\n<\/ul>\n<h2 style=\"text-align: left;\">Specifiche chiave<\/h2>\n<table class=\"aligncenter\" style=\"border-collapse: collapse; width: 487.52pt;\" border=\"0\" width=\"650\" cellspacing=\"0\" cellpadding=\"0\">\n<tbody>\n<tr style=\"height: 13.50pt;\">\n<td style=\"height: 13.50pt; width: 119.25pt;\" width=\"159\" height=\"18\">Specifica<\/td>\n<td style=\"width: 368.25pt;\" width=\"491\">Dettagli<\/td>\n<\/tr>\n<tr style=\"height: 13.50pt;\">\n<td style=\"height: 13.50pt;\" height=\"18\">Capacit\u00e0<\/td>\n<td>30 ml \/ 50 ml \/ 100 ml<\/td>\n<\/tr>\n<tr style=\"height: 13.50pt;\">\n<td style=\"height: 13.50pt;\" height=\"18\">Dimensioni<\/td>\n<td>38\u00d789mm \/ 42\u00d798mm \/ 48\u00d7130mm<\/td>\n<\/tr>\n<tr style=\"height: 13.50pt;\">\n<td style=\"height: 13.50pt;\" height=\"18\">Materiale<\/td>\n<td>Tappi in vetro, plastica o metallo ad alta trasparenza<\/td>\n<\/tr>\n<tr style=\"height: 13.50pt;\">\n<td style=\"height: 13.50pt;\" height=\"18\">Ambito di personalizzazione<\/td>\n<td>Colore\/tinta del vetro, colore\/finitura\/forma del tappo, stampa, incisione<\/td>\n<\/tr>\n<tr style=\"height: 13.50pt;\">\n<td style=\"height: 13.50pt;\" height=\"18\">Artigianato<\/td>\n<td>Stampaggio del vetro ad alta precisione, rivestimento lucido del tappo<\/td>\n<\/tr>\n<tr style=\"height: 13.50pt;\">\n<td style=\"height: 13.50pt;\" height=\"18\">Scopo del prodotto<\/td>\n<td>Flaconi di profumi sfusi, flaconi di profumo di Colonia<\/td>\n<\/tr>\n<tr style=\"height: 13.50pt;\">\n<td style=\"height: 13.50pt;\" height=\"18\">Industrie adatte<\/td>\n<td>Profumeria contemporanea, negozi di design, stile di vita e cura della persona<\/td>\n<\/tr>\n<\/tbody>\n<\/table>\n<h2>Storia di successo: lancio di una fragranza da parte di uno studio di design scandinavo<\/h2>\n<p>Uno degli studi di design scandinavi specializzati nella realizzazione di mobili minimalisti ha lanciato la prima linea di fragranze. Hanno adottato il nostro flacone di colonia da 100 ml come contenitore, con un tappo sferico bianco opaco fatto a mano e un fondo in vetro smerigliato. Il modello di flacone a strati si \u00e8 affermato come il punto di riferimento visivo pi\u00f9 importante della collezione e ha registrato una crescita delle vendite del 40%. Il fondo del flacone \u00e8 stato ispessito e le rotture durante la spedizione sono state ridotte del 35%. Lo studio \u00e8 stato molto soddisfatto delle prestazioni e della risposta del prodotto al mercato e ha quindi effettuato un altro ordine di 350.000 flaconi per la futura linea di fragranze.<\/p>\n<h2>Personalizzazione del design delle bottiglie di profumo<\/h2>\n<ul>\n<li>Colori dei tappi completamente personalizzabili: i tappi sferici possono essere personalizzati in base a qualsiasi cartella colori Pantone con finiture glitterate o opache.<\/li>\n<li>Serigrafia su vetro: per stampare semplici loghi o disegni geometrici sulla superficie del vetro. Incisione laser: per incidere disegni complessi, numeri di serie o motivi di lettere sul vetro.<\/li>\n<li>Testurizzazione della base: per aumentare la presa e l&#039;estetica della base ispessita, \u00e8 possibile aggiungere sabbiatura o anelli di gomma.<\/li>\n<li>Collo della bottiglia personalizzato: seleziona un&#039;altezza maggiore o pi\u00f9 rastremata del collo corto per ottenere un aspetto leggermente diverso.<\/li>\n<\/ul>","protected":false},"excerpt":{"rendered":"<p>Questi flaconi di colonia sono caratterizzati da un design minimalista con collo corto e coperchi sferici lucidi, per una presentazione elegante e contemporanea. Campioni gratuiti.<\/p>","protected":false},"featured_media":4402,"template":"","meta":{"postBodyCss":"","postBodyMargin":[],"postBodyPadding":[],"postBodyBackground":{"backgroundType":"classic","gradient":""}},"product_brand":[],"product_cat":[15,16,62],"product_tag":[],"class_list":{"0":"post-4399","1":"product","2":"type-product","3":"status-publish","4":"has-post-thumbnail","6":"product_cat-glass-containers","7":"product_cat-glass-bottles","8":"product_cat-perfume-bottles","10":"first","11":"instock","12":"shipping-taxable","13":"product-type-simple"},"jetpack_sharing_enabled":true,"_links":{"self":[{"href":"https:\/\/minghanggroup.com\/it\/wp-json\/wp\/v2\/product\/4399","targetHints":{"allow":["GET"]}}],"collection":[{"href":"https:\/\/minghanggroup.com\/it\/wp-json\/wp\/v2\/product"}],"about":[{"href":"https:\/\/minghanggroup.com\/it\/wp-json\/wp\/v2\/types\/product"}],"wp:featuredmedia":[{"embeddable":true,"href":"https:\/\/minghanggroup.com\/it\/wp-json\/wp\/v2\/media\/4402"}],"wp:attachment":[{"href":"https:\/\/minghanggroup.com\/it\/wp-json\/wp\/v2\/media?parent=4399"}],"wp:term":[{"taxonomy":"product_brand","embeddable":true,"href":"https:\/\/minghanggroup.com\/it\/wp-json\/wp\/v2\/product_brand?post=4399"},{"taxonomy":"product_cat","embeddable":true,"href":"https:\/\/minghanggroup.com\/it\/wp-json\/wp\/v2\/product_cat?post=4399"},{"taxonomy":"product_tag","embeddable":true,"href":"https:\/\/minghanggroup.com\/it\/wp-json\/wp\/v2\/product_tag?post=4399"}],"curies":[{"name":"wp","href":"https:\/\/api.w.org\/{rel}","templated":true}]}}