{"id":4393,"date":"2026-01-06T17:00:11","date_gmt":"2026-01-06T09:00:11","guid":{"rendered":"https:\/\/minghanggroup.com\/?post_type=product&#038;p=4393"},"modified":"2026-01-06T17:08:49","modified_gmt":"2026-01-06T09:08:49","slug":"30ml-50ml-100ml-custom-glass-fragrance-bottles-wholesale","status":"publish","type":"product","link":"https:\/\/minghanggroup.com\/it\/prodotto\/30ml-50ml-100ml-custom-glass-fragrance-bottles-wholesale\/","title":{"rendered":"Bottiglie di profumo in vetro personalizzate da 30 ml, 50 ml e 100 ml all&#039;ingrosso"},"content":{"rendered":"<div class=\"qk-md-paragraph\" data-spm-anchor-id=\"5176.28103460.0.i14.14c47551N6phDS\"><span class=\"qk-md-text complete\">Tuo <\/span><span class=\"qk-md-text complete\">Flaconi di colonia da 50 ml<\/span><span class=\"qk-md-text complete\"> dovrebbe far s\u00ec che i clienti si fermino a met\u00e0 scaffale. Noi creiamo <\/span><span class=\"qk-md-text complete\">bottiglie di profumo in vetro all&#039;ingrosso<\/span><span class=\"qk-md-text complete\"> progettato per <\/span><span class=\"qk-md-text complete\">confezione di fragranze<\/span><span class=\"qk-md-text complete\"> Quello <\/span><span class=\"qk-md-text complete\">In realt\u00e0<\/span><span class=\"qk-md-text complete\"> vende\u2014dove ogni <\/span><span class=\"qk-md-text complete\">bottiglia di profumo in vetro<\/span><span class=\"qk-md-text complete\"> diventa l&#039;arma segreta del tuo marchio. <\/span><\/div>\n<h2>Caratteristiche del prodotto<\/h2>\n<ul>\n<li><strong>Sofisticatezza del tappo in metallo: <\/strong>Tappi neri, dorati o argentati? Abbinali alla personalit\u00e0 del tuo profumo: niente tappi monotoni.<\/li>\n<li><strong>Vetro Flint cristallino:<\/strong> Osserva il tuo profumo in questa bottiglia di vetro di alta qualit\u00e0, senza illusioni.<\/li>\n<li><strong>Pu\u00f2 essere utilizzato su tutti i tipi di fragranze:<\/strong> Pu\u00f2 essere utilizzato sia sui profumi che sulle colonie, sugli oli profumati e su altri prodotti liquidi.<\/li>\n<\/ul>\n<h2>Specifiche chiave<\/h2>\n<table style=\"border-collapse: collapse; width: 80%; margin-left: auto; margin-right: auto;\" border=\"0\" width=\"288\" cellspacing=\"0\" cellpadding=\"0\">\n<tbody>\n<tr style=\"height: 13.50pt;\">\n<td style=\"height: 13.5pt; width: 54pt; text-align: center;\" width=\"72\" height=\"18\">Capacit\u00e0<\/td>\n<td style=\"width: 54pt; text-align: center;\" width=\"72\">Dimensioni (mm)<\/td>\n<td style=\"width: 54pt; text-align: center;\" width=\"72\">Materiale<\/td>\n<td style=\"width: 54pt; text-align: center;\" width=\"72\">Tipo di sigillo<\/td>\n<\/tr>\n<tr style=\"height: 13.50pt;\">\n<td style=\"height: 13.5pt; text-align: center;\" height=\"18\">30 ml \/ 1 oz<\/td>\n<td style=\"text-align: center;\">42 x 73<\/td>\n<td class=\"et2\" style=\"text-align: center;\" rowspan=\"3\">Vetro flint<\/td>\n<td class=\"et2\" style=\"text-align: center;\" rowspan=\"3\">Spray Top<\/td>\n<\/tr>\n<tr style=\"height: 13.50pt;\">\n<td style=\"height: 13.5pt; text-align: center;\" height=\"18\">50 ml<\/td>\n<td style=\"text-align: center;\">45 x 88<\/td>\n<\/tr>\n<tr style=\"height: 13.50pt;\">\n<td style=\"height: 13.5pt; text-align: center;\" height=\"18\">100 ml \/ 3,4 once<\/td>\n<td style=\"text-align: center;\">56 x 101<\/td>\n<\/tr>\n<\/tbody>\n<\/table>\n<h2>Caso di successo<\/h2>\n<p>Un&#039;azienda locale di profumi naturali ha deciso di utilizzare il nostro flacone di colonia da 50 ml per presentare la sua nuova linea. Hanno scelto di realizzare flaconi in vetro trasparente con marchi a tema per mettere in risalto il colore puro del profumo e di conferire un nuovo livello di raffinatezza all&#039;immagine del marchio rivestendo i tappi con uno strato d&#039;oro. I flaconi sono stati realizzati con una semplice incisione del logo del marchio, concentrandosi quindi sulla loro raffinatezza e originalit\u00e0.<\/p>\n<p>Nel giro di tre mesi, le vendite online sono cresciute solo del 40 percento e sono riusciti a catturare l&#039;interesse di pi\u00f9 rivenditori, ottenendo cos\u00ec l&#039;ingresso in due dei grandi magazzini pi\u00f9 importanti.<\/p>\n<h2>Le tue opzioni di personalizzazione<\/h2>\n<ol>\n<li><strong>Strategia del colore del cappuccio:<\/strong>Prezzo dell&#039;oro nella categoria dei profumi di lusso, prezzo dell&#039;argento nella categoria dei profumi freschi.<\/li>\n<li><strong>Dettaglio della superficie:<\/strong>Decorazioni in rilievo sul vetro flint come loghi.<\/li>\n<li><strong>Abbinamento delle fragranze:<\/strong>Le fragranze legnose dovrebbero essere utilizzate con il vetro scuro, mentre quelle agrumate con il vetro trasparente.<\/li>\n<\/ol>","protected":false},"excerpt":{"rendered":"<p>Scopri i flaconi di acqua di colonia da 50 ml con tappi personalizzabili. Offriamo flaconi di profumo in vetro all&#039;ingrosso e direttamente dalla fabbrica, con spedizione rapida per le aziende.<\/p>","protected":false},"featured_media":4396,"template":"","meta":{"postBodyCss":"","postBodyMargin":[],"postBodyPadding":[],"postBodyBackground":{"backgroundType":"classic","gradient":""}},"product_brand":[],"product_cat":[15,16,62],"product_tag":[],"class_list":{"0":"post-4393","1":"product","2":"type-product","3":"status-publish","4":"has-post-thumbnail","6":"product_cat-glass-containers","7":"product_cat-glass-bottles","8":"product_cat-perfume-bottles","10":"first","11":"instock","12":"shipping-taxable","13":"product-type-simple"},"jetpack_sharing_enabled":true,"_links":{"self":[{"href":"https:\/\/minghanggroup.com\/it\/wp-json\/wp\/v2\/product\/4393","targetHints":{"allow":["GET"]}}],"collection":[{"href":"https:\/\/minghanggroup.com\/it\/wp-json\/wp\/v2\/product"}],"about":[{"href":"https:\/\/minghanggroup.com\/it\/wp-json\/wp\/v2\/types\/product"}],"wp:featuredmedia":[{"embeddable":true,"href":"https:\/\/minghanggroup.com\/it\/wp-json\/wp\/v2\/media\/4396"}],"wp:attachment":[{"href":"https:\/\/minghanggroup.com\/it\/wp-json\/wp\/v2\/media?parent=4393"}],"wp:term":[{"taxonomy":"product_brand","embeddable":true,"href":"https:\/\/minghanggroup.com\/it\/wp-json\/wp\/v2\/product_brand?post=4393"},{"taxonomy":"product_cat","embeddable":true,"href":"https:\/\/minghanggroup.com\/it\/wp-json\/wp\/v2\/product_cat?post=4393"},{"taxonomy":"product_tag","embeddable":true,"href":"https:\/\/minghanggroup.com\/it\/wp-json\/wp\/v2\/product_tag?post=4393"}],"curies":[{"name":"wp","href":"https:\/\/api.w.org\/{rel}","templated":true}]}}