{"id":4349,"date":"2026-01-06T15:18:31","date_gmt":"2026-01-06T07:18:31","guid":{"rendered":"https:\/\/minghanggroup.com\/?post_type=product&#038;p=4349"},"modified":"2026-01-06T15:18:32","modified_gmt":"2026-01-06T07:18:32","slug":"custom-square-perfume-bottles-with-marble-lids-bulk","status":"publish","type":"product","link":"https:\/\/minghanggroup.com\/it\/prodotto\/custom-square-perfume-bottles-with-marble-lids-bulk\/","title":{"rendered":"Flaconi di profumo quadrati personalizzati da 30 ml, 50 ml e 100 ml con coperchi in marmo, all&#039;ingrosso"},"content":{"rendered":"<p>La tua boccetta di profumo quadrata dovrebbe invogliare i clienti a soffermarsi a met\u00e0 scaffale. Realizziamo all&#039;ingrosso boccette di profumo vintage in vetro, pensate per confezioni di fragranze che catturano l&#039;attenzione, dove ogni boccetta di profumo in vetro diventa il simbolo distintivo del tuo brand.<\/p>\n<h2>Caratteristiche del prodotto<\/h2>\n<ul>\n<li><strong>Eleganza moderna e quadrata:<\/strong> Linee pulite unite al fascino vintage: la confezione del tuo profumo \u00e8 semplicemente irresistibile.<\/li>\n<li><strong>Personalizzazione del tappo in marmo:<\/strong> Scegli tappi arancioni, bianchi o marroni per raccontare la storia del tuo profumo personalizzato.<\/li>\n<li><strong>Chiarezza del vetro cristallino:<\/strong> Rivela il vero colore delle tue fragranze con questa pregiata bottiglia in vetro.<\/li>\n<\/ul>\n<h2>Specifiche chiave<\/h2>\n<table style=\"border-collapse: collapse; width: 80%; margin-left: auto; margin-right: auto;\" border=\"0\" width=\"288\" cellspacing=\"0\" cellpadding=\"0\">\n<tbody>\n<tr style=\"height: 13.50pt;\">\n<td style=\"height: 13.5pt; width: 54pt; text-align: center;\" width=\"72\" height=\"18\">Capacit\u00e0<\/td>\n<td style=\"width: 54pt; text-align: center;\" width=\"72\">Dimensioni (mm)<\/td>\n<td style=\"width: 54pt; text-align: center;\" width=\"72\">Forma<\/td>\n<td style=\"width: 54pt; text-align: center;\" width=\"72\">Opzioni di Cap<\/td>\n<\/tr>\n<tr style=\"height: 13.50pt;\">\n<td style=\"height: 13.5pt; text-align: center;\" height=\"18\">30 ml \/ 1 oz<\/td>\n<td style=\"text-align: center;\">37 x 37 x 76<\/td>\n<td class=\"et2\" style=\"text-align: center;\" rowspan=\"3\">Piazza<\/td>\n<td class=\"et2\" style=\"text-align: center;\" rowspan=\"3\">Marmo (arancione\/bianco\/marrone)<\/td>\n<\/tr>\n<tr style=\"height: 13.50pt;\">\n<td style=\"height: 13.5pt; text-align: center;\" height=\"18\">50 ml<\/td>\n<td style=\"text-align: center;\">41 x 41 x 85<\/td>\n<\/tr>\n<tr style=\"height: 13.50pt;\">\n<td style=\"height: 13.5pt; text-align: center;\" height=\"18\">100 ml \/ 3,4 once<\/td>\n<td style=\"text-align: center;\">52 x 52 x 130<\/td>\n<\/tr>\n<\/tbody>\n<\/table>\n<h2>Caso di successo<\/h2>\n<p>Le nostre bottiglie di profumo in vetro con tappo in marmo e stile vintage quadrato sono state utilizzate da un marchio di fragranze di lusso, specializzato in profumi di alta gamma. Il logo del marchio \u00e8 stato inciso direttamente sulla bottiglia per rendere l&#039;aspetto generale pi\u00f9 uniforme. I tappi in marmo erano placcati in oro e la bottiglia era in vetro ambrato di alta qualit\u00e0, un aspetto molto lussuoso.<\/p>\n<p>Il marchio ha registrato una crescita delle vendite del 40% nel primo trimestre successivo al lancio e ha ottenuto un buon riscontro da parte del mercato. Per questo motivo, l&#039;azienda ha effettuato tre ordini ripetuti in sei mesi, con una crescita delle vendite del 60%.<\/p>\n<h2>Le tue opzioni di personalizzazione<\/h2>\n<ol>\n<li><strong>Personalizzazione del berretto:<\/strong> Scegli tra una variet\u00e0 di finiture per il tappo: marmorizzato, dorato, placcato o opaco, per adattarlo all&#039;estetica del tuo marchio. Il colore e il tessuto del tappo possono essere realizzati con un aspetto di qualit\u00e0.<\/li>\n<li><strong>Incisione del logo:<\/strong> Fate in modo che le vostre bottiglie siano marchiate con il vostro logo inciso o stampato sul vetro. Questo serve a conferire un tocco di esclusivit\u00e0 (oltre a rendere il marchio pi\u00f9 visibile sullo scaffale).<\/li>\n<li><strong>Personalizzazione del colore:<\/strong> Personalizza il colore del vetro che preferisci e rendi il tuo profumo unico. Puoi scegliere un vetro colorato, satinato o trasparente per personalizzare la tua fragranza.<\/li>\n<\/ol>","protected":false},"excerpt":{"rendered":"<p>Scopri i nostri flaconi di profumo quadrati premium con tappo in marmo. Questi flaconi di profumo vintage in vetro sono ideali per i marchi, con ordini personalizzati all&#039;ingrosso e spedizione rapida.<\/p>","protected":false},"featured_media":4388,"template":"","meta":{"postBodyCss":"","postBodyMargin":[],"postBodyPadding":[],"postBodyBackground":{"backgroundType":"classic","gradient":""}},"product_brand":[],"product_cat":[15,16,62],"product_tag":[],"class_list":{"0":"post-4349","1":"product","2":"type-product","3":"status-publish","4":"has-post-thumbnail","6":"product_cat-glass-containers","7":"product_cat-glass-bottles","8":"product_cat-perfume-bottles","10":"first","11":"instock","12":"shipping-taxable","13":"product-type-simple"},"jetpack_sharing_enabled":true,"_links":{"self":[{"href":"https:\/\/minghanggroup.com\/it\/wp-json\/wp\/v2\/product\/4349","targetHints":{"allow":["GET"]}}],"collection":[{"href":"https:\/\/minghanggroup.com\/it\/wp-json\/wp\/v2\/product"}],"about":[{"href":"https:\/\/minghanggroup.com\/it\/wp-json\/wp\/v2\/types\/product"}],"wp:featuredmedia":[{"embeddable":true,"href":"https:\/\/minghanggroup.com\/it\/wp-json\/wp\/v2\/media\/4388"}],"wp:attachment":[{"href":"https:\/\/minghanggroup.com\/it\/wp-json\/wp\/v2\/media?parent=4349"}],"wp:term":[{"taxonomy":"product_brand","embeddable":true,"href":"https:\/\/minghanggroup.com\/it\/wp-json\/wp\/v2\/product_brand?post=4349"},{"taxonomy":"product_cat","embeddable":true,"href":"https:\/\/minghanggroup.com\/it\/wp-json\/wp\/v2\/product_cat?post=4349"},{"taxonomy":"product_tag","embeddable":true,"href":"https:\/\/minghanggroup.com\/it\/wp-json\/wp\/v2\/product_tag?post=4349"}],"curies":[{"name":"wp","href":"https:\/\/api.w.org\/{rel}","templated":true}]}}