{"id":4337,"date":"2026-01-06T17:07:46","date_gmt":"2026-01-06T09:07:46","guid":{"rendered":"https:\/\/minghanggroup.com\/?post_type=product&#038;p=4337"},"modified":"2026-01-06T17:07:48","modified_gmt":"2026-01-06T09:07:48","slug":"glass-customized-perfume-bottles-with-lids-wholesale","status":"publish","type":"product","link":"https:\/\/minghanggroup.com\/it\/prodotto\/glass-customized-perfume-bottles-with-lids-wholesale\/","title":{"rendered":"Bottiglie di profumo personalizzate in vetro da 100 ml con coperchi all&#039;ingrosso"},"content":{"rendered":"<p>Il tuo flacone di profumo personalizzato dovrebbe catturare l&#039;attenzione dei clienti. Realizziamo flaconi di profumo in vetro di alta qualit\u00e0 all&#039;ingrosso, pensati per confezioni di fragranze che vendono davvero, dove ogni flacone di profumo in vetro diventa l&#039;arma segreta del tuo brand.<\/p>\n<h2>Caratteristiche del prodotto<\/h2>\n<ul>\n<li><strong>Eleganza ottagonale: <\/strong>Questa forma non convenzionale riflette la luce in un modo davvero unico: la confezione del tuo profumo diventa un pezzo che cattura l&#039;attenzione su qualsiasi scaffale.<\/li>\n<li><strong>Tappo in oro nero di lusso: <\/strong>Quel tappo elegante? Un tocco di classe immediato per la tua bottiglia di vetro, sicuramente non una copia scadente.<\/li>\n<li><strong>Comfort ergonomico: <\/strong>Realizzato per la tua mano: presa comoda, spruzzo semplice e nessuna perdita.<\/li>\n<\/ul>\n<h2>Specifiche chiave<\/h2>\n<table style=\"border-collapse: collapse; width: 80%; margin-left: auto; margin-right: auto;\" border=\"0\" width=\"288\" cellspacing=\"0\" cellpadding=\"0\">\n<tbody>\n<tr style=\"height: 13.50pt;\">\n<td style=\"height: 13.5pt; width: 54pt; text-align: center;\" width=\"72\" height=\"18\">Capacit\u00e0<\/td>\n<td style=\"width: 54pt; text-align: center;\" width=\"72\">Forma<\/td>\n<td style=\"width: 54pt; text-align: center;\" width=\"72\">Dimensioni (mm)<\/td>\n<td style=\"width: 54pt; text-align: center;\" width=\"72\">Utilizzo<\/td>\n<\/tr>\n<tr style=\"height: 13.50pt;\">\n<td style=\"height: 13.5pt; text-align: center;\" height=\"18\">100 ml \/ 3,4 once<\/td>\n<td style=\"text-align: center;\">Ottagonale<\/td>\n<td style=\"text-align: center;\">75 x 34 x 89<\/td>\n<td style=\"text-align: center;\">Profumi, colonie, spray per il corpo<\/td>\n<\/tr>\n<\/tbody>\n<\/table>\n<h2>Caso di successo<\/h2>\n<p>Uno dei marchi di profumi di lusso ha rivoluzionato il suo modo di confezionare i prodotti scegliendo i nostri flaconi di profumo personalizzati. I flaconi presentano un&#039;elegante forma ottagonale con tappo argentato e una particolare stampa serigrafica, oltre a un logo personalizzato, realizzato e dettagliato.<\/p>\n<p>Questi speciali flaconi di profumo hanno inoltre conferito al prodotto un&#039;immagine di prestigio, con un conseguente aumento delle vendite del 30% nel primo trimestre successivo al lancio. Il marchio \u00e8 entrato con successo in cinque nuovi grandi magazzini di lusso con questo restyling del packaging e ha deciso di riordinare i flaconi di profumo personalizzati entro il prossimo trimestre.<\/p>\n<h2>Le tue opzioni di personalizzazione<\/h2>\n<ol>\n<li><strong>Personalizzazione del berretto:<\/strong> Scegli tra diversi materiali per il tappo, come oro, argento, nero lucido o opaco, per adattarlo all&#039;eleganza e al lusso dei marchi.<\/li>\n<li><strong>Colore della bottiglia:<\/strong> Scegliete un vetro trasparente e satinato per aggiungere un tocco di raffinatezza ed eleganza. \u00c8 anche possibile scegliere un vetro colorato, se desiderate che il vostro prodotto presenti un design diverso e accattivante.<\/li>\n<li><strong>Dettagli oro\/argento:<\/strong> Dettagli in oro\/argento possono essere aggiunti al logo, ai dettagli sulla parte superiore del tappo o al flacone, per renderlo ancora pi\u00f9 lussuoso e sofisticato. Questa caratteristica \u00e8 ideale per lo sviluppo di una linea di fragranze di alta gamma e di alta qualit\u00e0.<\/li>\n<\/ol>","protected":false},"excerpt":{"rendered":"<p>Scopri i flaconi di profumo personalizzati, pensati per fragranze di lusso. I nostri flaconi di acqua di colonia in vetro sono ideali per il branding, con possibilit\u00e0 di personalizzazione in grandi quantit\u00e0 e spedizione rapida.<\/p>","protected":false},"featured_media":4348,"template":"","meta":{"postBodyCss":"","postBodyMargin":[],"postBodyPadding":[],"postBodyBackground":{"backgroundType":"classic","gradient":""}},"product_brand":[],"product_cat":[15,16,62],"product_tag":[],"class_list":{"0":"post-4337","1":"product","2":"type-product","3":"status-publish","4":"has-post-thumbnail","6":"product_cat-glass-containers","7":"product_cat-glass-bottles","8":"product_cat-perfume-bottles","10":"first","11":"instock","12":"shipping-taxable","13":"product-type-simple"},"jetpack_sharing_enabled":true,"_links":{"self":[{"href":"https:\/\/minghanggroup.com\/it\/wp-json\/wp\/v2\/product\/4337","targetHints":{"allow":["GET"]}}],"collection":[{"href":"https:\/\/minghanggroup.com\/it\/wp-json\/wp\/v2\/product"}],"about":[{"href":"https:\/\/minghanggroup.com\/it\/wp-json\/wp\/v2\/types\/product"}],"wp:featuredmedia":[{"embeddable":true,"href":"https:\/\/minghanggroup.com\/it\/wp-json\/wp\/v2\/media\/4348"}],"wp:attachment":[{"href":"https:\/\/minghanggroup.com\/it\/wp-json\/wp\/v2\/media?parent=4337"}],"wp:term":[{"taxonomy":"product_brand","embeddable":true,"href":"https:\/\/minghanggroup.com\/it\/wp-json\/wp\/v2\/product_brand?post=4337"},{"taxonomy":"product_cat","embeddable":true,"href":"https:\/\/minghanggroup.com\/it\/wp-json\/wp\/v2\/product_cat?post=4337"},{"taxonomy":"product_tag","embeddable":true,"href":"https:\/\/minghanggroup.com\/it\/wp-json\/wp\/v2\/product_tag?post=4337"}],"curies":[{"name":"wp","href":"https:\/\/api.w.org\/{rel}","templated":true}]}}