{"id":4321,"date":"2026-01-06T10:43:01","date_gmt":"2026-01-06T02:43:01","guid":{"rendered":"https:\/\/minghanggroup.com\/?post_type=product&#038;p=4321"},"modified":"2026-01-06T17:05:38","modified_gmt":"2026-01-06T09:05:38","slug":"rectangle-1-ounce-perfume-bottles-for-brand-packaging-bulk","status":"publish","type":"product","link":"https:\/\/minghanggroup.com\/it\/prodotto\/rectangle-1-ounce-perfume-bottles-for-brand-packaging-bulk\/","title":{"rendered":"Flaconi di profumo rettangolari da 1 oncia per imballaggio di marca alla rinfusa"},"content":{"rendered":"<p>Il tuo flacone di profumo rettangolare dovrebbe catturare l&#039;attenzione dei clienti. Realizziamo soluzioni premium per flaconi di profumo da 28 ml, pensate per il successo del packaging delle fragranze, dove ogni flacone di profumo in vetro diventa il simbolo distintivo del tuo brand.<\/p>\n<h2>Caratteristiche del prodotto<\/h2>\n<ul>\n<li><strong>Silhouette moderna rettangolare:<\/strong> Le tue bottiglie di profumo rettangolari sono definite da linee pulite, rendendole subito un&#039;icona su qualsiasi scaffale.<\/li>\n<li><strong>1 oncia Dimensione perfetta:<\/strong> Le bottiglie di profumo da 1 oncia sono un&#039;ottima idea, appena sufficienti per campioni o per l&#039;uso quotidiano.<\/li>\n<li><strong>Adatto a vari prodotti profumati:<\/strong> L&#039;uso di questo prodotto non si limita solo ai profumi, ma anche agli oli per aromaterapia e ad altri prodotti, garantendo usi flessibili e diversificati.<\/li>\n<\/ul>\n<h2>Specifiche chiave<\/h2>\n<table style=\"border-collapse: collapse; width: 80%; margin-left: AUTO; margin-right: AUTO;\" border=\"0\" width=\"288\" cellspacing=\"0\" cellpadding=\"0\">\n<tbody>\n<tr style=\"height: 13.50pt;\">\n<td style=\"height: 13.5pt; width: 54pt; text-align: center;\" width=\"72\" height=\"18\">Capacit\u00e0<\/td>\n<td style=\"width: 54pt; text-align: center;\" width=\"72\">Forma<\/td>\n<td style=\"width: 54pt; text-align: center;\" width=\"72\">Dimensioni (mm)<\/td>\n<td style=\"width: 54pt; text-align: center;\" width=\"72\">Opzioni di superficie<\/td>\n<\/tr>\n<tr style=\"height: 13.50pt;\">\n<td style=\"height: 13.5pt; text-align: center;\" height=\"18\">30 ml (1 oz)<\/td>\n<td style=\"text-align: center;\">Rettangolo<\/td>\n<td style=\"text-align: center;\">37 x 25 x 95<\/td>\n<td style=\"text-align: center;\">Vetro satinato, serigrafia, stampa a caldo<\/td>\n<\/tr>\n<\/tbody>\n<\/table>\n<h2>Caso di successo<\/h2>\n<p>Uno dei marchi di profumi pi\u00f9 esclusivi e speciali, da sempre famoso per le sue fragranze incredibilmente accattivanti e le sue formulazioni morbide e uniformi, era alla ricerca di un packaging che rendesse il suo prodotto ancora pi\u00f9 lussuoso. Hanno scelto i nostri flaconi rettangolari in vetro da 28 ml per il loro prodotto e hanno deciso di rifinire il flacone con un effetto satinato e un tappo argentato metallizzato per una maggiore eleganza. L&#039;ulteriore elemento del servizio offerto \u00e8 stata la stampa a rilievo del loro logo sul flacone, creando cos\u00ec un prodotto elegante, attraente e gradevole all&#039;aspetto, che riflettesse il loro posizionamento premium sul mercato.<\/p>\n<p>Le vendite sono aumentate del 35% nel primo trimestre dopo la riprogettazione e il feedback dei clienti \u00e8 stato molto positivo. Sono diventati clienti abituali, con ordini superiori alle 100.000 unit\u00e0 all&#039;anno.<\/p>\n<h2>Le tue opzioni di personalizzazione<\/h2>\n<ol>\n<li><strong>Finitura satinata o trasparente:<\/strong> Scegli una finitura in vetro satinato o trasparente per conferire un aspetto ricco, raffinato e raffinato, lasciando che il colore della fragranza sia il protagonista. L&#039;aspetto satinato conferisce una sensazione pi\u00f9 tattile e lussuosa, mentre la finitura trasparente conferisce ordine e purezza.<\/li>\n<li><strong>Cappellini colorati personalizzati:<\/strong> Scegli tra una gamma di colori per il tappo in metallo, come oro, argento o oro rosa, non solo per abbinarlo al branding del profumo, ma anche per trasmettere l&#039;atmosfera di un tema specifico. Diventa un piccolo dettaglio personale che, esaltando il design generale e l&#039;attrattiva del prodotto, fa sentire speciale il cliente.<\/li>\n<li><strong>Serigrafia:<\/strong> Si pu\u00f2 valutare l&#039;aggiunta di seta decorativa, illustrazioni serigrafate o personaggi a un flacone, aumentandone cos\u00ec il valore visivo come opera d&#039;arte. \u00c8 un modo per valorizzare la personalit\u00e0 del marchio, con dettagli molto sottili e design correlati, che, insieme all&#039;identit\u00e0 della fragranza, formano il concetto di un marchio coeso.<\/li>\n<\/ol>","protected":false},"excerpt":{"rendered":"<p>Questi flaconi di profumo da 28 ml sono perfetti per la personalizzazione del marchio. Spedizione diretta dalla fabbrica e consegna rapida per i flaconi di profumo rettangolari, per esigenze aziendali.<\/p>","protected":false},"featured_media":4329,"template":"","meta":{"postBodyCss":"","postBodyMargin":[],"postBodyPadding":[],"postBodyBackground":{"backgroundType":"classic","gradient":""}},"product_brand":[],"product_cat":[15,16,62],"product_tag":[],"class_list":{"0":"post-4321","1":"product","2":"type-product","3":"status-publish","4":"has-post-thumbnail","6":"product_cat-glass-containers","7":"product_cat-glass-bottles","8":"product_cat-perfume-bottles","10":"first","11":"instock","12":"shipping-taxable","13":"product-type-simple"},"jetpack_sharing_enabled":true,"_links":{"self":[{"href":"https:\/\/minghanggroup.com\/it\/wp-json\/wp\/v2\/product\/4321","targetHints":{"allow":["GET"]}}],"collection":[{"href":"https:\/\/minghanggroup.com\/it\/wp-json\/wp\/v2\/product"}],"about":[{"href":"https:\/\/minghanggroup.com\/it\/wp-json\/wp\/v2\/types\/product"}],"wp:featuredmedia":[{"embeddable":true,"href":"https:\/\/minghanggroup.com\/it\/wp-json\/wp\/v2\/media\/4329"}],"wp:attachment":[{"href":"https:\/\/minghanggroup.com\/it\/wp-json\/wp\/v2\/media?parent=4321"}],"wp:term":[{"taxonomy":"product_brand","embeddable":true,"href":"https:\/\/minghanggroup.com\/it\/wp-json\/wp\/v2\/product_brand?post=4321"},{"taxonomy":"product_cat","embeddable":true,"href":"https:\/\/minghanggroup.com\/it\/wp-json\/wp\/v2\/product_cat?post=4321"},{"taxonomy":"product_tag","embeddable":true,"href":"https:\/\/minghanggroup.com\/it\/wp-json\/wp\/v2\/product_tag?post=4321"}],"curies":[{"name":"wp","href":"https:\/\/api.w.org\/{rel}","templated":true}]}}