{"id":4320,"date":"2026-01-06T08:49:17","date_gmt":"2026-01-06T00:49:17","guid":{"rendered":"https:\/\/minghanggroup.com\/?post_type=product&#038;p=4320"},"modified":"2026-01-06T11:40:53","modified_gmt":"2026-01-06T03:40:53","slug":"custom-golden-perfume-bottle-with-mountain-base","status":"publish","type":"product","link":"https:\/\/minghanggroup.com\/it\/prodotto\/custom-golden-perfume-bottle-with-mountain-base\/","title":{"rendered":"Flaconi di profumo dorati personalizzati da 30 ml, 50 ml e 100 ml con base di montagna all&#039;ingrosso"},"content":{"rendered":"<p>Questi flaconi di profumo dorati sono realizzati in vetro trasparente (di forma cilindrica) e hanno un tappo in metallo dorato lucidato. La particolarit\u00e0 pi\u00f9 evidente \u00e8 la scultura dorata a forma di montagna sulla base, che conferisce un tocco di squisita grazia.<\/p>\n<h2>Caratteristiche del prodotto<\/h2>\n<ul>\n<li><strong>Scultura sospesa della montagna d&#039;oro:<\/strong> La scultura della montagna dorata all&#039;interno della bottiglia crea un effetto artistico perfetto e grandioso.<\/li>\n<li><strong>Forma classica della bottiglia cilindrica:<\/strong> \u00c8 straordinariamente stabile e presenta una texture di alta qualit\u00e0, rappresentando quindi la scelta migliore per mostrare un&#039;immagine di marca raffinata.<\/li>\n<li><strong>Combinazione di colori oro:<\/strong> Il vetro trasparente e la decorazione sul tappo e sul fondo saranno color oro e formeranno una splendida combinazione di colori, eleganza e lusso discreto.<\/li>\n<\/ul>\n<h2 style=\"text-align: left;\">Specifiche chiave<\/h2>\n<table class=\"aligncenter\" style=\"border-collapse: collapse; width: 465.77pt;\" border=\"0\" width=\"621\" cellspacing=\"0\" cellpadding=\"0\">\n<tbody>\n<tr style=\"height: 13.50pt;\">\n<td style=\"height: 13.50pt; width: 117.75pt;\" width=\"157\" height=\"18\">Specifica<\/td>\n<td style=\"width: 348.00pt;\" width=\"464\">Dettagli<\/td>\n<\/tr>\n<tr style=\"height: 13.50pt;\">\n<td style=\"height: 13.50pt;\" height=\"18\">Capacit\u00e0<\/td>\n<td>30 ml \/ 50 ml \/ 100 ml<\/td>\n<\/tr>\n<tr style=\"height: 13.50pt;\">\n<td style=\"height: 13.50pt;\" height=\"18\">Dimensioni<\/td>\n<td>46\u00d773mm \/ 51\u00d780mm \/ 59\u00d794mm<\/td>\n<\/tr>\n<tr style=\"height: 13.50pt;\">\n<td style=\"height: 13.50pt;\" height=\"18\">Materiale<\/td>\n<td>Vetro trasparente, tappo in metallo dorato<\/td>\n<\/tr>\n<tr style=\"height: 13.50pt;\">\n<td style=\"height: 13.50pt;\" height=\"18\">Forma della bottiglia<\/td>\n<td>Cilindro con base scultorea incapsulata<\/td>\n<\/tr>\n<tr style=\"height: 13.50pt;\">\n<td style=\"height: 13.50pt;\" height=\"18\">Ambito di personalizzazione<\/td>\n<td>Design della scultura, colore\/tinta del vetro, finitura del metallo, stampa<\/td>\n<\/tr>\n<tr style=\"height: 13.50pt;\">\n<td style=\"height: 13.50pt;\" height=\"18\">Artigianato<\/td>\n<td>Incapsulamento di precisione del vetro, fusione e placcatura dei metalli<\/td>\n<\/tr>\n<tr style=\"height: 13.50pt;\">\n<td style=\"height: 13.50pt;\" height=\"18\">Scopo del prodotto<\/td>\n<td>Bottiglie di profumo personalizzate, bottiglie di profumo dorate di lusso<\/td>\n<\/tr>\n<tr style=\"height: 13.50pt;\">\n<td style=\"height: 13.50pt;\" height=\"18\">Industrie adatte<\/td>\n<td>Beni di lusso, Alta profumeria, Ospitalit\u00e0 esclusiva<\/td>\n<\/tr>\n<\/tbody>\n<\/table>\n<h2>Storia di successo: lancio del prodotto di punta di un gruppo del lusso del Medio Oriente<\/h2>\n<p>Una delle pi\u00f9 note aziende di lusso degli Emirati Arabi Uniti ha scelto il nostro flacone di profumo dorato da 100 ml e ha fatto progettare una scultura interna che richiamasse i monti Hajar. Si tratta di un prodotto di alta qualit\u00e0 e di una lavorazione impeccabile, venduto al dettaglio a un prezzo superiore del 400% rispetto al costo di produzione. Il flacone da 50 ml ha rappresentato oltre il 40% delle vendite totali del travel retail, diventando un bestseller nei duty-free degli aeroporti. Il cliente \u00e8 rimasto colpito dalla velocit\u00e0 di penetrazione del marchio sul mercato e ha sottoscritto un impegno esclusivo di 5 anni, ordinando altri 800.000 flaconi.<\/p>\n<h2>Opzioni personalizzate per bottiglie di profumo<\/h2>\n<ul>\n<li>Scultura e metallo del cappuccio: sia l&#039;interno della scultura che il cappuccio (oro rosa, oro antico, platino) possono essere realizzati in diversi metalli o placcature.<\/li>\n<li>Bottiglia in vetro colorato: il vetro \u00e8 disponibile in diversi colori (ambra, blu cobalto e verde smeraldo) per creare un contrasto o un complemento con la bottiglia dorata.<\/li>\n<li>Incisione laser su vetro: i motivi, i nomi o le coordinate incisi sulla superficie del vetro si trovano sopra la scultura.<\/li>\n<li>Effetto vetro satinato: aggiungono un tocco satinato al vetro per migliorare l&#039;impressione visiva della scultura, conferendole un aspetto liscio ed elegante.<\/li>\n<\/ul>\n<p>&nbsp;<\/p>","protected":false},"excerpt":{"rendered":"<p>Flaconi di profumo personalizzati con dettagli dorati scolpiti e tappi spray in metallo. Flaconi di profumo dorati di alta qualit\u00e0 per marchi, sconti per ordini all&#039;ingrosso. Spedizione veloce.<\/p>","protected":false},"featured_media":4322,"template":"","meta":{"postBodyCss":"","postBodyMargin":[],"postBodyPadding":[],"postBodyBackground":{"backgroundType":"classic","gradient":""}},"product_brand":[],"product_cat":[15,16,62],"product_tag":[],"class_list":{"0":"post-4320","1":"product","2":"type-product","3":"status-publish","4":"has-post-thumbnail","6":"product_cat-glass-containers","7":"product_cat-glass-bottles","8":"product_cat-perfume-bottles","10":"first","11":"instock","12":"shipping-taxable","13":"product-type-simple"},"jetpack_sharing_enabled":true,"_links":{"self":[{"href":"https:\/\/minghanggroup.com\/it\/wp-json\/wp\/v2\/product\/4320","targetHints":{"allow":["GET"]}}],"collection":[{"href":"https:\/\/minghanggroup.com\/it\/wp-json\/wp\/v2\/product"}],"about":[{"href":"https:\/\/minghanggroup.com\/it\/wp-json\/wp\/v2\/types\/product"}],"wp:featuredmedia":[{"embeddable":true,"href":"https:\/\/minghanggroup.com\/it\/wp-json\/wp\/v2\/media\/4322"}],"wp:attachment":[{"href":"https:\/\/minghanggroup.com\/it\/wp-json\/wp\/v2\/media?parent=4320"}],"wp:term":[{"taxonomy":"product_brand","embeddable":true,"href":"https:\/\/minghanggroup.com\/it\/wp-json\/wp\/v2\/product_brand?post=4320"},{"taxonomy":"product_cat","embeddable":true,"href":"https:\/\/minghanggroup.com\/it\/wp-json\/wp\/v2\/product_cat?post=4320"},{"taxonomy":"product_tag","embeddable":true,"href":"https:\/\/minghanggroup.com\/it\/wp-json\/wp\/v2\/product_tag?post=4320"}],"curies":[{"name":"wp","href":"https:\/\/api.w.org\/{rel}","templated":true}]}}