{"id":4307,"date":"2026-01-05T14:59:24","date_gmt":"2026-01-05T06:59:24","guid":{"rendered":"https:\/\/minghanggroup.com\/?post_type=product&#038;p=4307"},"modified":"2026-01-05T15:49:42","modified_gmt":"2026-01-05T07:49:42","slug":"red-containers-perfume-glass-with-mountain-base-bulk","status":"publish","type":"product","link":"https:\/\/minghanggroup.com\/it\/prodotto\/red-containers-perfume-glass-with-mountain-base-bulk\/","title":{"rendered":"Contenitori rossi per profumi in vetro con base di montagna da 30 ml, 50 ml e 100 ml, sfusi"},"content":{"rendered":"<p>Questa bottiglia di profumo rossa dal design accattivante ha un corpo in vetro trasparente liscio e cilindrico, completato da una parte superiore metallica rossa e da un ornamento rosso a forma di montagna nella parte inferiore, che ne esalta l&#039;esclusiva bellezza.<\/p>\n<h2>Caratteristiche del prodotto<\/h2>\n<ul>\n<li><strong>Varie dimensioni:<\/strong> Sono disponibili tre formati in cui \u00e8 possibile conservare i propri profumi, a seconda delle esigenze quotidiane, dei viaggi e di altre occasioni.<\/li>\n<li><strong>Scultura integrata della Montagna Rossa:<\/strong> Il paesaggio montano interno \u00e8 in 3D, il che gli conferisce un effetto artistico speciale e lo rende un elemento visivo distintivo.<\/li>\n<li><strong>Schema di colori rosso:<\/strong> Il tappo rosso e la decorazione della base creano un netto contrasto con la bottiglia trasparente e creano un&#039;immagine vivida e indimenticabile.<\/li>\n<\/ul>\n<h2 style=\"text-align: left;\">Specifiche chiave<\/h2>\n<table class=\"aligncenter\" style=\"border-collapse: collapse; width: 529.52pt;\" border=\"0\" width=\"706\" cellspacing=\"0\" cellpadding=\"0\">\n<tbody>\n<tr style=\"height: 13.50pt;\">\n<td style=\"height: 13.50pt; width: 119.25pt;\" width=\"159\" height=\"18\">Specifica<\/td>\n<td style=\"width: 410.25pt;\" width=\"547\">Dettagli<\/td>\n<\/tr>\n<tr style=\"height: 13.50pt;\">\n<td style=\"height: 13.50pt;\" height=\"18\">Capacit\u00e0<\/td>\n<td>30 ml, 50 ml, 100 ml<\/td>\n<\/tr>\n<tr style=\"height: 13.50pt;\">\n<td style=\"height: 13.50pt;\" height=\"18\">Dimensioni<\/td>\n<td>73\u00d746 mm, 80\u00d751 mm, 94\u00d759 mm<\/td>\n<\/tr>\n<tr style=\"height: 13.50pt;\">\n<td style=\"height: 13.50pt;\" height=\"18\">Materiale<\/td>\n<td>Vetro trasparente + componenti in metallo con finitura rossa<\/td>\n<\/tr>\n<tr style=\"height: 13.50pt;\">\n<td style=\"height: 13.50pt;\" height=\"18\">Forma della bottiglia<\/td>\n<td>Cilindrico con decorazione interna a base di montagna rossa<\/td>\n<\/tr>\n<tr style=\"height: 13.50pt;\">\n<td style=\"height: 13.50pt;\" height=\"18\">Ambito di personalizzazione<\/td>\n<td>Tinta del vetro, finitura, profondit\u00e0 del contorno della base, pompa, accenti di colore interni<\/td>\n<\/tr>\n<tr style=\"height: 13.50pt;\">\n<td style=\"height: 13.50pt;\" height=\"18\">Artigianato<\/td>\n<td>Fusione di vetro colorato, placcatura di metalli<\/td>\n<\/tr>\n<tr style=\"height: 13.50pt;\">\n<td style=\"height: 13.50pt;\" height=\"18\">Scopo del prodotto<\/td>\n<td>Contenitori di vetro per profumi di alta qualit\u00e0, bottiglie di profumo rosse personalizzate<\/td>\n<\/tr>\n<tr style=\"height: 13.50pt;\">\n<td style=\"height: 13.50pt;\" height=\"18\">Industrie adatte<\/td>\n<td>Profumeria di nicchia, marchi di bellezza, prodotti da bagno per hotel<\/td>\n<\/tr>\n<\/tbody>\n<\/table>\n<h2>Storia di successo: collaborazione artistica con un marchio giapponese di lifestyle<\/h2>\n<p>Un noto marchio giapponese di lifestyle, che trae ispirazione dalla natura nei suoi design, ha deciso di utilizzare il nostro flacone di profumo rosso da 100 ml come nuovo prodotto e ha commissionato una scultura interna raffigurante il Monte Fuji. Il design interno dell&#039;opera d&#039;arte \u00e8 stato unico, portando a un aumento del 700% delle condivisioni sui social media rispetto ad altri prodotti dell&#039;azienda. Il design distintivo del flacone ha inoltre contribuito ad aumentare il tasso di riacquisto del 78%. Il marchio era gi\u00e0 entusiasta della domanda del mercato e dell&#039;interazione con i clienti, tanto da ordinare altri 300.000 flaconi per proseguire con la fase successiva della sua linea di prodotti.<\/p>\n<h2>Contenitori Profumo Vetro Personalizzazione<\/h2>\n<ul>\n<li>Scultura d&#039;interni personalizzata: progetta un paesaggio d&#039;interni esclusivo (paesaggio urbano, foresta, animale, struttura astratta).<\/li>\n<li>Colori delle sculture e del cappello: seleziona l&#039;arte interna e i colori del cappello in base a uno schema cromatico specifico del marchio o a uno schema cromatico specifico della stagione.<\/li>\n<li>Incisione laser su vetro: smalto, nome o disegno sulla superficie del vetro sopra la scultura.<\/li>\n<li>Bottiglia di vetro smerigliato: spruzzare la superficie della bottiglia di vetro per far s\u00ec che la scultura interna appaia pi\u00f9 sognante ed eterea.<\/li>\n<\/ul>","protected":false},"excerpt":{"rendered":"<p>Eleganti contenitori in vetro per profumi che combinano vetro trasparente e accenti rossi audaci. Questa bottiglia di profumo rossa offre un forte impatto visivo e viene fornita direttamente dalla fabbrica.<\/p>","protected":false},"featured_media":4311,"template":"","meta":{"postBodyCss":"","postBodyMargin":[],"postBodyPadding":[],"postBodyBackground":{"backgroundType":"classic","gradient":""}},"product_brand":[],"product_cat":[15,16,62],"product_tag":[],"class_list":{"0":"post-4307","1":"product","2":"type-product","3":"status-publish","4":"has-post-thumbnail","6":"product_cat-glass-containers","7":"product_cat-glass-bottles","8":"product_cat-perfume-bottles","10":"first","11":"instock","12":"shipping-taxable","13":"product-type-simple"},"jetpack_sharing_enabled":true,"_links":{"self":[{"href":"https:\/\/minghanggroup.com\/it\/wp-json\/wp\/v2\/product\/4307","targetHints":{"allow":["GET"]}}],"collection":[{"href":"https:\/\/minghanggroup.com\/it\/wp-json\/wp\/v2\/product"}],"about":[{"href":"https:\/\/minghanggroup.com\/it\/wp-json\/wp\/v2\/types\/product"}],"wp:featuredmedia":[{"embeddable":true,"href":"https:\/\/minghanggroup.com\/it\/wp-json\/wp\/v2\/media\/4311"}],"wp:attachment":[{"href":"https:\/\/minghanggroup.com\/it\/wp-json\/wp\/v2\/media?parent=4307"}],"wp:term":[{"taxonomy":"product_brand","embeddable":true,"href":"https:\/\/minghanggroup.com\/it\/wp-json\/wp\/v2\/product_brand?post=4307"},{"taxonomy":"product_cat","embeddable":true,"href":"https:\/\/minghanggroup.com\/it\/wp-json\/wp\/v2\/product_cat?post=4307"},{"taxonomy":"product_tag","embeddable":true,"href":"https:\/\/minghanggroup.com\/it\/wp-json\/wp\/v2\/product_tag?post=4307"}],"curies":[{"name":"wp","href":"https:\/\/api.w.org\/{rel}","templated":true}]}}