{"id":4297,"date":"2026-01-05T13:41:08","date_gmt":"2026-01-05T05:41:08","guid":{"rendered":"https:\/\/minghanggroup.com\/?post_type=product&#038;p=4297"},"modified":"2026-01-05T14:19:43","modified_gmt":"2026-01-05T06:19:43","slug":"perfume-glass-spray-bottles-with-gold-lids-bulk","status":"publish","type":"product","link":"https:\/\/minghanggroup.com\/it\/prodotto\/perfume-glass-spray-bottles-with-gold-lids-bulk\/","title":{"rendered":"Flaconi spray in vetro per profumo da 2,5 once con coperchi dorati, sfusi"},"content":{"rendered":"<p>Si tratta di una bottiglia di profumo da 2,5 once (linee trasparenti, lisce e arrotondate con base spessa) con un tappo metallico color oro e un anello ornamentale dorato sul colletto.<\/p>\n<h2>Caratteristiche del prodotto<\/h2>\n<ul>\n<li><strong>Corpo curvo aerodinamico:<\/strong> La rifrazione della luce \u00e8 liscia e arrotondata e conferisce al corpo una sensazione di morbidezza, ulteriormente accentuata dai bordi scolpiti.<\/li>\n<li><strong>Cappuccio asimmetrico in metallo color oro:<\/strong> Il tappo dorato dal design distintivo \u00e8 un tocco di stile sofisticato ed \u00e8 ricco di lusso.<\/li>\n<li><strong>Anello decorativo in metallo color oro:<\/strong> L&#039;anello metallico tra la bottiglia e il tappo aggiunge un tocco di raffinatezza ed eleganza ai dettagli.<\/li>\n<\/ul>\n<h2 style=\"text-align: left;\">Specifiche chiave<\/h2>\n<table class=\"aligncenter\" style=\"border-collapse: collapse; width: 421.52pt;\" border=\"0\" width=\"562\" cellspacing=\"0\" cellpadding=\"0\">\n<tbody>\n<tr style=\"height: 13.50pt;\">\n<td style=\"height: 13.50pt; width: 119.25pt;\" width=\"159\" height=\"18\">Specifica<\/td>\n<td style=\"width: 302.25pt;\" width=\"403\">Dettagli<\/td>\n<\/tr>\n<tr style=\"height: 13.50pt;\">\n<td style=\"height: 13.50pt;\" height=\"18\">Capacit\u00e0<\/td>\n<td>75 ml (2,5 once)<\/td>\n<\/tr>\n<tr style=\"height: 13.50pt;\">\n<td style=\"height: 13.50pt;\" height=\"18\">Dimensioni<\/td>\n<td>39 \u00d7 76 \u00d7 94 millimetri<\/td>\n<\/tr>\n<tr style=\"height: 13.50pt;\">\n<td style=\"height: 13.50pt;\" height=\"18\">Materiale<\/td>\n<td>Componenti in vetro trasparente + metallo<\/td>\n<\/tr>\n<tr style=\"height: 13.50pt;\">\n<td style=\"height: 13.50pt;\" height=\"18\">Forma della bottiglia<\/td>\n<td>Rotondo con base ispessita<\/td>\n<\/tr>\n<tr style=\"height: 13.50pt;\">\n<td style=\"height: 13.50pt;\" height=\"18\">Ambito di personalizzazione<\/td>\n<td>Colore\/finitura del vetro, incisione\/stampa<\/td>\n<\/tr>\n<tr style=\"height: 13.50pt;\">\n<td style=\"height: 13.50pt;\" height=\"18\">Artigianato<\/td>\n<td>Stampaggio di vetro curvo, placcatura di metalli e assemblaggio<\/td>\n<\/tr>\n<tr style=\"height: 13.50pt;\">\n<td style=\"height: 13.50pt;\" height=\"18\">Scopo del prodotto<\/td>\n<td>Flaconi spray in vetro per profumo, flaconi rotondi per profumo<\/td>\n<\/tr>\n<tr style=\"height: 13.50pt;\">\n<td style=\"height: 13.50pt;\" height=\"18\">Industrie adatte<\/td>\n<td>Profumeria di nicchia, marchi di bellezza, vendita al dettaglio di lusso<\/td>\n<\/tr>\n<\/tbody>\n<\/table>\n<h2>Storia di successo: il profumo pi\u00f9 venduto di un marchio di lifestyle californiano<\/h2>\n<p>Uno dei pi\u00f9 famosi marchi di lifestyle californiani ha utilizzato il nostro flacone di profumo da 75 ml e ne ha disegnato uno in vetro rosa chiaro. Il design elegante ed ergonomico di questi flaconi spray in vetro per profumo si \u00e8 rivelato un enorme successo, poich\u00e9 l&#039;85% delle recensioni dei clienti ha assegnato al prodotto un punteggio elevato, in base alla facilit\u00e0 di presa. Il suo design accattivante garantir\u00e0 un prezzo superiore del 60% rispetto ad altri prodotti. Il marchio \u00e8 rimasto molto soddisfatto delle prestazioni e dell&#039;accoglienza del prodotto sul mercato e ha quindi ordinato altri 500.000 flaconi per facilitare l&#039;introduzione del nuovo prodotto nei canali di vendita al dettaglio in tutto il paese.<\/p>\n<h2>Personalizzazione di flaconi spray in vetro per profumi<\/h2>\n<ul>\n<li>Colori\/effetti Vetro: trasparente, colorato (champagne, vetro marino) o satinato (disponibili effetti sfumati).<\/li>\n<li>Finiture metalliche personalizzate: sono numerose le finiture metalliche che possono essere applicate al cappuccio e al collo (oro, oro rosa, cromo, nero).<\/li>\n<li>Incisione laser dei contorni: motivi pi\u00f9 dettagliati, nomi di marchi o loghi vengono incisi su linee di contorno in rilievo.<\/li>\n<li>Serigrafia: graziosi disegni o loghi vengono stampati su una superficie di vetro dalla curvatura uniforme.<\/li>\n<li>Ugelli spray personalizzati: la bottiglia presenta linee fluide, completate da ugelli spray dal design esclusivo.<\/li>\n<\/ul>","protected":false},"excerpt":{"rendered":"<p>Lussuosi flaconi spray rotondi in vetro per profumo, con silhouette fluida e dettagli dorati. Flacone per profumo da 2,5 oz offerto con sconto per ordini all&#039;ingrosso, campioni gratuiti.<\/p>","protected":false},"featured_media":4301,"template":"","meta":{"postBodyCss":"","postBodyMargin":[],"postBodyPadding":[],"postBodyBackground":{"backgroundType":"classic","gradient":""}},"product_brand":[],"product_cat":[15,16,62],"product_tag":[],"class_list":{"0":"post-4297","1":"product","2":"type-product","3":"status-publish","4":"has-post-thumbnail","6":"product_cat-glass-containers","7":"product_cat-glass-bottles","8":"product_cat-perfume-bottles","10":"first","11":"instock","12":"shipping-taxable","13":"product-type-simple"},"jetpack_sharing_enabled":true,"_links":{"self":[{"href":"https:\/\/minghanggroup.com\/it\/wp-json\/wp\/v2\/product\/4297","targetHints":{"allow":["GET"]}}],"collection":[{"href":"https:\/\/minghanggroup.com\/it\/wp-json\/wp\/v2\/product"}],"about":[{"href":"https:\/\/minghanggroup.com\/it\/wp-json\/wp\/v2\/types\/product"}],"wp:featuredmedia":[{"embeddable":true,"href":"https:\/\/minghanggroup.com\/it\/wp-json\/wp\/v2\/media\/4301"}],"wp:attachment":[{"href":"https:\/\/minghanggroup.com\/it\/wp-json\/wp\/v2\/media?parent=4297"}],"wp:term":[{"taxonomy":"product_brand","embeddable":true,"href":"https:\/\/minghanggroup.com\/it\/wp-json\/wp\/v2\/product_brand?post=4297"},{"taxonomy":"product_cat","embeddable":true,"href":"https:\/\/minghanggroup.com\/it\/wp-json\/wp\/v2\/product_cat?post=4297"},{"taxonomy":"product_tag","embeddable":true,"href":"https:\/\/minghanggroup.com\/it\/wp-json\/wp\/v2\/product_tag?post=4297"}],"curies":[{"name":"wp","href":"https:\/\/api.w.org\/{rel}","templated":true}]}}