{"id":4276,"date":"2026-01-05T10:20:58","date_gmt":"2026-01-05T02:20:58","guid":{"rendered":"https:\/\/minghanggroup.com\/?post_type=product&#038;p=4276"},"modified":"2026-01-05T16:50:30","modified_gmt":"2026-01-05T08:50:30","slug":"glass-clear-cologne-bottles-with-spray-wholesale","status":"publish","type":"product","link":"https:\/\/minghanggroup.com\/it\/prodotto\/glass-clear-cologne-bottles-with-spray-wholesale\/","title":{"rendered":"Flaconi di profumo di vetro trasparente da 50 ml e 100 ml con spray all&#039;ingrosso"},"content":{"rendered":"<p>Le tue bottiglie di acqua di colonia trasparenti dovrebbero catturare l&#039;attenzione dei clienti. Realizziamo soluzioni premium per bottiglie di acqua di colonia da 100 ml, pensate per il packaging di fragranze di successo, dove ogni flacone di profumo in vetro diventa l&#039;emblema del tuo brand.<\/p>\n<h2>Caratteristiche del prodotto<\/h2>\n<ul>\n<li><strong>Corpo in vetro ad alta trasparenza:<\/strong> Il vetro ultra trasparente \u00e8 il veicolo perfetto per il colore della fragranza, che pu\u00f2 essere ammirato in tutta la sua vivacit\u00e0, rendendo cos\u00ec lo scaffale visivamente accattivante.<\/li>\n<li><strong>Forma equilibrata e moderna: <\/strong>La combinazione di linee pulite e profili delicatamente arrotondati conferisce al design un aspetto senza tempo, adatto a diversi stili di fragranze.<\/li>\n<li><strong>Versatile per il branding: <\/strong>Il design neutro della bottiglia \u00e8 compatibile con l&#039;etichettatura, la stampa o la personalizzazione del logo per le diverse identit\u00e0 del marchio.<\/li>\n<\/ul>\n<h2>Specifiche chiave<\/h2>\n<table style=\"border-collapse: collapse; width: 80%; margin-left: auto; margin-right: auto;\" border=\"0\" width=\"288\" cellspacing=\"0\" cellpadding=\"0\">\n<tbody>\n<tr style=\"height: 13.50pt;\">\n<td class=\"et2\" style=\"height: 13.5pt; width: 54pt; text-align: center;\" width=\"72\" height=\"18\">Capacit\u00e0 (ml)<\/td>\n<td style=\"width: 54pt; text-align: center;\" width=\"72\">Dimensioni (mm)<\/td>\n<td style=\"width: 54pt; text-align: center;\" width=\"72\">Colore del vetro<\/td>\n<td style=\"width: 54pt; text-align: center;\" width=\"72\">Colori del coperchio<\/td>\n<\/tr>\n<tr style=\"height: 13.50pt;\">\n<td style=\"height: 13.5pt; text-align: center;\" align=\"right\" height=\"18\">50<\/td>\n<td style=\"text-align: center;\">62 x 22 x 88<\/td>\n<td class=\"et2\" style=\"text-align: center;\" rowspan=\"2\">Trasparente, personalizzato<\/td>\n<td class=\"et2\" style=\"text-align: center;\" rowspan=\"2\">Oro, Argento, Personalizzato<\/td>\n<\/tr>\n<tr style=\"height: 13.50pt;\">\n<td style=\"height: 13.5pt; text-align: center;\" align=\"right\" height=\"18\">100<\/td>\n<td style=\"text-align: center;\">74 x 26 x 110<\/td>\n<\/tr>\n<\/tbody>\n<\/table>\n<h2>Caso di successo<\/h2>\n<p>Un marchio di fragranze desiderava aumentare la propria visibilit\u00e0 sul mercato con un packaging che riflettesse fedelmente la purezza e la natura artigianale delle fragranze. Per il lancio di una nuova collezione, ha selezionato i nostri flaconi trasparenti da 100 ml per la colonia e li ha resi unici con una finitura in vetro satinato, un logo in rilievo molto leggero sulla spalla del flacone e un collare spray in metallo spazzolato. In meno di tre mesi, le vendite al dettaglio sono aumentate del 32% e i commenti dei clienti hanno riguardato principalmente il tocco lussuoso e l&#039;aspetto elegante dei flaconi. Motivato dall&#039;impatto della campagna, il marchio ha applicato il design alla sua linea di prodotti principale, aumentando cos\u00ec il volume degli ordini del 45%.<\/p>\n<h2>Le tue opzioni di personalizzazione<\/h2>\n<ol>\n<li><strong>Finitura superficiale della bottiglia:<\/strong> Scegli tra le opzioni trasparenti e satinate per mettere in risalto visivamente la scritta del marchio creando contrasto.<\/li>\n<li><strong>Trattamento del vetro sfumato:<\/strong> \u00c8 possibile utilizzare una leggera sfumatura di colore sul vetro per conferirgli un aspetto tridimensionale.<\/li>\n<li><strong>Dettagli dell&#039;edizione limitata:<\/strong> Per le uscite stagionali o di lusso potrebbero essere utilizzati piccoli lotti di elementi, come marcature numerate o texture superficiali uniche.<\/li>\n<\/ol>","protected":false},"excerpt":{"rendered":"<p>I flaconi trasparenti di colonia esaltano la purezza del profumo. Ideali come flaconi da 100 ml, con prezzi diretti dalla fabbrica e opzioni personalizzate disponibili.<\/p>","protected":false},"featured_media":4280,"template":"","meta":{"postBodyCss":"","postBodyMargin":[],"postBodyPadding":[],"postBodyBackground":{"backgroundType":"classic","gradient":""}},"product_brand":[],"product_cat":[15,16,62],"product_tag":[],"class_list":{"0":"post-4276","1":"product","2":"type-product","3":"status-publish","4":"has-post-thumbnail","6":"product_cat-glass-containers","7":"product_cat-glass-bottles","8":"product_cat-perfume-bottles","10":"first","11":"instock","12":"shipping-taxable","13":"product-type-simple"},"jetpack_sharing_enabled":true,"_links":{"self":[{"href":"https:\/\/minghanggroup.com\/it\/wp-json\/wp\/v2\/product\/4276","targetHints":{"allow":["GET"]}}],"collection":[{"href":"https:\/\/minghanggroup.com\/it\/wp-json\/wp\/v2\/product"}],"about":[{"href":"https:\/\/minghanggroup.com\/it\/wp-json\/wp\/v2\/types\/product"}],"wp:featuredmedia":[{"embeddable":true,"href":"https:\/\/minghanggroup.com\/it\/wp-json\/wp\/v2\/media\/4280"}],"wp:attachment":[{"href":"https:\/\/minghanggroup.com\/it\/wp-json\/wp\/v2\/media?parent=4276"}],"wp:term":[{"taxonomy":"product_brand","embeddable":true,"href":"https:\/\/minghanggroup.com\/it\/wp-json\/wp\/v2\/product_brand?post=4276"},{"taxonomy":"product_cat","embeddable":true,"href":"https:\/\/minghanggroup.com\/it\/wp-json\/wp\/v2\/product_cat?post=4276"},{"taxonomy":"product_tag","embeddable":true,"href":"https:\/\/minghanggroup.com\/it\/wp-json\/wp\/v2\/product_tag?post=4276"}],"curies":[{"name":"wp","href":"https:\/\/api.w.org\/{rel}","templated":true}]}}