{"id":4266,"date":"2026-01-04T17:00:07","date_gmt":"2026-01-04T09:00:07","guid":{"rendered":"https:\/\/minghanggroup.com\/?post_type=product&#038;p=4266"},"modified":"2026-01-04T17:00:09","modified_gmt":"2026-01-04T09:00:09","slug":"glass-perfume-containers-with-metal-sprayer-wholesale","status":"publish","type":"product","link":"https:\/\/minghanggroup.com\/it\/prodotto\/glass-perfume-containers-with-metal-sprayer-wholesale\/","title":{"rendered":"Contenitori per profumi in vetro da 30 ml e 50 ml con spruzzatore in metallo all&#039;ingrosso"},"content":{"rendered":"<p>Le tue piccole boccette di colonia dovrebbero catturare l&#039;attenzione dei clienti. Realizziamo contenitori per profumi di alta qualit\u00e0, progettati per il successo del packaging delle fragranze, dove ogni piccola boccetta di colonia diventa il simbolo del tuo marchio.<\/p>\n<h2>Caratteristiche del prodotto<\/h2>\n<ul>\n<li><strong>Silhouette pulita e moderna:<\/strong> Le proporzioni equilibrate con i lati delicatamente angolati creano un look moderno, adatto a un&#039;ampia gamma di stili di fragranze.<\/li>\n<li><strong>Corpo in vetro ad alta trasparenza:<\/strong> Il vetro trasparente consente di vedere il colore del profumo senza ostacoli, quindi una chiara visione del prodotto dallo scaffale ne aumenta l&#039;attrattiva e la visibilit\u00e0.<\/li>\n<li><strong>Design personalizzato e pronto all&#039;uso:<\/strong> La bottiglia \u00e8 ideale per rivestimenti colorati, serigrafie, stampe o decorazioni con logo per favorire la differenziazione del marchio.<\/li>\n<\/ul>\n<h2>Specifiche chiave<\/h2>\n<table style=\"border-collapse: collapse; width: 80%; margin-left: auto; margin-right: auto;\" border=\"0\" width=\"288\" cellspacing=\"0\" cellpadding=\"0\">\n<tbody>\n<tr style=\"height: 13.50pt;\">\n<td style=\"height: 13.5pt; width: 54pt; text-align: center;\" width=\"72\" height=\"18\">Capacit\u00e0 (ml)<\/td>\n<td style=\"width: 54pt; text-align: center;\" width=\"72\">Dimensioni (mm)<\/td>\n<td style=\"width: 54pt; text-align: center;\" width=\"72\">Materiale<\/td>\n<td style=\"width: 54pt; text-align: center;\" width=\"72\">Colori disponibili<\/td>\n<\/tr>\n<tr style=\"height: 13.50pt;\">\n<td style=\"height: 13.5pt; text-align: center;\" align=\"right\" height=\"18\">30<\/td>\n<td style=\"text-align: center;\">55 x 25 x 85<\/td>\n<td class=\"et2\" style=\"text-align: center;\" rowspan=\"2\">Cristallo<\/td>\n<td class=\"et2\" style=\"text-align: center;\" rowspan=\"2\">Oro, Argento, Nero, Bianco, Legno<\/td>\n<\/tr>\n<tr style=\"height: 13.50pt;\">\n<td style=\"height: 13.5pt; text-align: center;\" align=\"right\" height=\"18\">50<\/td>\n<td style=\"text-align: center;\">66 x 30 x 100<\/td>\n<\/tr>\n<\/tbody>\n<\/table>\n<h2>Caso di successo<\/h2>\n<p>Un marchio di profumi ha creato una nuova fragranza e ha scelto di confezionarla nei nostri piccoli flaconi, realizzando cos\u00ec un primo acquisto di 5.000 unit\u00e0. Per valorizzare il marchio, questi flaconi presentavano una finitura in vetro satinato, un bellissimo logo in rilievo sul davanti e un morbido vetro colorato.<\/p>\n<p>Dopo pochi mesi, il tasso di riacquisto \u00e8 aumentato del 65% e il marchio effettua regolarmente ordini all&#039;ingrosso. Per ampliare ulteriormente la propria linea di prodotti, hanno ora introdotto un articolo pi\u00f9 grande, con gli stessi flaconi di profumo personalizzati.<\/p>\n<h2>Le tue opzioni di personalizzazione<\/h2>\n<ol>\n<li><strong>Progettazione di processi partizionati:<\/strong> Consente l&#039;uso di processi combinati su varie parti del corpo della bottiglia, ad esempio finiture trasparenti e satinate in aree diverse, stratificando cos\u00ec visivamente il prodotto.<\/li>\n<li><strong>Elementi di identificazione in rilievo:<\/strong> \u00c8 possibile introdurre linee o simboli in rilievo molto piccoli sulla spalla o sul lato della bottiglia per generare punti di identificazione univoci.<\/li>\n<li><strong>Spessore del vetro personalizzato:<\/strong> Offre diverse possibilit\u00e0 di scelta dello spessore del vetro, consentendo cos\u00ec una combinazione flessibile di controllo dei costi e lusso di alta qualit\u00e0.<\/li>\n<li><strong>Dettagli personalizzati anticontraffazione:<\/strong> I dettagli anticontraffazione possono essere personalizzati a seconda dei canali di vendita, ad esempio con marcature invisibili o motivi di sfondo speciali, aumentando cos\u00ec l&#039;efficacia della protezione del marchio.<\/li>\n<\/ol>","protected":false},"excerpt":{"rendered":"<p>Contenitori per profumi realizzati in vetro trasparente dall&#039;aspetto raffinato. Assistenza diretta in fabbrica, possibilit\u00e0 di campionamento e personalizzazione flessibile per piccole bottiglie di acqua di colonia.<\/p>","protected":false},"featured_media":4270,"template":"","meta":{"postBodyCss":"","postBodyMargin":[],"postBodyPadding":[],"postBodyBackground":{"backgroundType":"classic","gradient":""}},"product_brand":[],"product_cat":[15,16,62],"product_tag":[],"class_list":{"0":"post-4266","1":"product","2":"type-product","3":"status-publish","4":"has-post-thumbnail","6":"product_cat-glass-containers","7":"product_cat-glass-bottles","8":"product_cat-perfume-bottles","10":"first","11":"instock","12":"shipping-taxable","13":"product-type-simple"},"jetpack_sharing_enabled":true,"_links":{"self":[{"href":"https:\/\/minghanggroup.com\/it\/wp-json\/wp\/v2\/product\/4266","targetHints":{"allow":["GET"]}}],"collection":[{"href":"https:\/\/minghanggroup.com\/it\/wp-json\/wp\/v2\/product"}],"about":[{"href":"https:\/\/minghanggroup.com\/it\/wp-json\/wp\/v2\/types\/product"}],"wp:featuredmedia":[{"embeddable":true,"href":"https:\/\/minghanggroup.com\/it\/wp-json\/wp\/v2\/media\/4270"}],"wp:attachment":[{"href":"https:\/\/minghanggroup.com\/it\/wp-json\/wp\/v2\/media?parent=4266"}],"wp:term":[{"taxonomy":"product_brand","embeddable":true,"href":"https:\/\/minghanggroup.com\/it\/wp-json\/wp\/v2\/product_brand?post=4266"},{"taxonomy":"product_cat","embeddable":true,"href":"https:\/\/minghanggroup.com\/it\/wp-json\/wp\/v2\/product_cat?post=4266"},{"taxonomy":"product_tag","embeddable":true,"href":"https:\/\/minghanggroup.com\/it\/wp-json\/wp\/v2\/product_tag?post=4266"}],"curies":[{"name":"wp","href":"https:\/\/api.w.org\/{rel}","templated":true}]}}