{"id":4256,"date":"2026-01-04T15:11:18","date_gmt":"2026-01-04T07:11:18","guid":{"rendered":"https:\/\/minghanggroup.com\/?post_type=product&#038;p=4256"},"modified":"2026-01-04T16:59:12","modified_gmt":"2026-01-04T08:59:12","slug":"round-customized-perfume-bottles-wholesale","status":"publish","type":"product","link":"https:\/\/minghanggroup.com\/it\/prodotto\/round-customized-perfume-bottles-wholesale\/","title":{"rendered":"Bottiglie di profumo rotonde personalizzate da 30 ml, 50 ml e 100 ml all&#039;ingrosso"},"content":{"rendered":"<p>Sono concepiti come perfetti flaconi di acqua di colonia all&#039;ingrosso: ogni flacone \u00e8 dotato di un tappo di cristallo tagliato a diamante scintillante e di un ugello in argento lucidato, il tutto realizzato in vetro tagliato a cristallo.<\/p>\n<h2>Caratteristiche del prodotto<\/h2>\n<ul>\n<li><strong>Curve e linee:<\/strong> Il collo affusolato e le linee fluide e scolpite garantiscono una presa naturale e lussuosa del corpo elegantemente curvo.<\/li>\n<li><strong>Tappo trasparente e ugello metallico:<\/strong> Il cappuccio sfaccettato e l&#039;ugello argentato, essendo un pezzo unico perfettamente fuso, creano un design che ricorda un gioiello.<\/li>\n<li><strong>Tre pacchetti:<\/strong> Confezioni da 30 ml, 50 ml e 100 ml che includono pacchetti di prova deluxe, prodotti principali e fragranze esclusive.<\/li>\n<\/ul>\n<h2 style=\"text-align: left;\">Specifiche chiave<\/h2>\n<table class=\"aligncenter\" style=\"border-collapse: collapse; width: 658.52pt;\" border=\"0\" width=\"878\" cellspacing=\"0\" cellpadding=\"0\">\n<tbody>\n<tr style=\"height: 13.50pt;\">\n<td style=\"height: 13.50pt; width: 130.50pt;\" width=\"174\" height=\"18\">Specifica<\/td>\n<td style=\"width: 528.00pt;\" width=\"704\">Dettagli<\/td>\n<\/tr>\n<tr style=\"height: 13.50pt;\">\n<td style=\"height: 13.50pt;\" height=\"18\">Dimensioni<\/td>\n<td>30 ml: 64\u00d728\u00d772 mm; 50 ml: 75\u00d725\u00d785 mm; 100 ml: 86\u00d736\u00d790 mm<\/td>\n<\/tr>\n<tr style=\"height: 13.50pt;\">\n<td style=\"height: 13.50pt;\" height=\"18\">Materiale<\/td>\n<td>Corpo in vetro ad alta trasparenza; componenti in metallo<\/td>\n<\/tr>\n<tr style=\"height: 13.50pt;\">\n<td style=\"height: 13.50pt;\" height=\"18\">Forma della bottiglia<\/td>\n<td>Forma curva e rastremata con tagli superficiali arcuati 3D<\/td>\n<\/tr>\n<tr style=\"height: 13.50pt;\">\n<td style=\"height: 13.50pt;\" height=\"18\">Ambito di personalizzazione<\/td>\n<td>Colore (fumo, ambra, sfumato) Marchio: incisione superficiale 3D, serigrafia di precisione<\/td>\n<\/tr>\n<tr style=\"height: 13.50pt;\">\n<td style=\"height: 13.50pt;\" height=\"18\">Caratteristica artigianale<\/td>\n<td>Intaglio del vetro tagliato ad arco 3D<\/td>\n<\/tr>\n<tr style=\"height: 13.50pt;\">\n<td style=\"height: 13.50pt;\" height=\"18\">Scopo del prodotto<\/td>\n<td>Flaconi di fragranze ultra-lusso, flaconi di acqua di colonia all&#039;ingrosso<\/td>\n<\/tr>\n<tr style=\"height: 13.50pt;\">\n<td style=\"height: 13.50pt;\" height=\"18\">Industrie adatte<\/td>\n<td>Profumeria di lusso e di nicchia, marchi di moda di design, vendita al dettaglio esclusiva<\/td>\n<\/tr>\n<\/tbody>\n<\/table>\n<h2>Caso di successo: presentazione del prodotto di punta di un gruppo del lusso del Medio Oriente<\/h2>\n<p>Uno dei gruppi del lusso di Dubai ha scelto i nostri flaconi di profumo personalizzati da 100 ml come prodotto di punta. \u00c8 stato sviluppato un flacone in vetro color zaffiro personalizzato. Il peso del flacone e l&#039;aspetto simile a un gioiello hanno fatto s\u00ec che il costo per il rivenditore fosse superiore del 400% rispetto al costo di produzione. Le speciali caratteristiche di riflessione della luce del flacone hanno fatto s\u00ec che i clienti trascorressero il 60% di tempo in pi\u00f9 alla cassa del punto vendita. Il team \u00e8 rimasto colpito dalla rapida ascesa del marchio e dall&#039;importanza del flacone in questo contesto, quindi ha ordinato un altro lotto di 750.000 flaconi per garantire all&#039;azienda il diritto di vendita esclusivo all&#039;interno dell&#039;area.<\/p>\n<h2>Personalizzazione all&#039;ingrosso di bottiglie di Colonia<\/h2>\n<ul>\n<li>Colori e trasparenze del vetro: disponibili in vari colori di pietre preziose (smeraldo, rubino, ambra) e vari gradi di incolore.<\/li>\n<li>Finiture metalliche: il collare dell&#039;ugello e altre parti metalliche possono essere personalizzati con finiture, tra cui oro rosa, PVD nero o argento anticato.<\/li>\n<li>Incisione ad arco personalizzata: progetta motivi di incisione superficiale speciali, ad esempio onde, foglie o motivi geometrici.<\/li>\n<li>Incisione laser curva: incidi loghi, monogrammi o motivi sulla superficie liscia e curva della bottiglia.<\/li>\n<\/ul>","protected":false},"excerpt":{"rendered":"<p>Scopri i flaconi di profumo all&#039;ingrosso in vetro ad alta trasparenza. Questi flaconi di profumo personalizzati possono essere personalizzati con il tuo logo per un look lussuoso. Campione gratuito.<\/p>","protected":false},"featured_media":4259,"template":"","meta":{"postBodyCss":"","postBodyMargin":[],"postBodyPadding":[],"postBodyBackground":{"backgroundType":"classic","gradient":""}},"product_brand":[],"product_cat":[15,16,62],"product_tag":[],"class_list":{"0":"post-4256","1":"product","2":"type-product","3":"status-publish","4":"has-post-thumbnail","6":"product_cat-glass-containers","7":"product_cat-glass-bottles","8":"product_cat-perfume-bottles","10":"first","11":"instock","12":"shipping-taxable","13":"product-type-simple"},"jetpack_sharing_enabled":true,"_links":{"self":[{"href":"https:\/\/minghanggroup.com\/it\/wp-json\/wp\/v2\/product\/4256","targetHints":{"allow":["GET"]}}],"collection":[{"href":"https:\/\/minghanggroup.com\/it\/wp-json\/wp\/v2\/product"}],"about":[{"href":"https:\/\/minghanggroup.com\/it\/wp-json\/wp\/v2\/types\/product"}],"wp:featuredmedia":[{"embeddable":true,"href":"https:\/\/minghanggroup.com\/it\/wp-json\/wp\/v2\/media\/4259"}],"wp:attachment":[{"href":"https:\/\/minghanggroup.com\/it\/wp-json\/wp\/v2\/media?parent=4256"}],"wp:term":[{"taxonomy":"product_brand","embeddable":true,"href":"https:\/\/minghanggroup.com\/it\/wp-json\/wp\/v2\/product_brand?post=4256"},{"taxonomy":"product_cat","embeddable":true,"href":"https:\/\/minghanggroup.com\/it\/wp-json\/wp\/v2\/product_cat?post=4256"},{"taxonomy":"product_tag","embeddable":true,"href":"https:\/\/minghanggroup.com\/it\/wp-json\/wp\/v2\/product_tag?post=4256"}],"curies":[{"name":"wp","href":"https:\/\/api.w.org\/{rel}","templated":true}]}}