{"id":4250,"date":"2026-01-04T14:36:11","date_gmt":"2026-01-04T06:36:11","guid":{"rendered":"https:\/\/minghanggroup.com\/?post_type=product&#038;p=4250"},"modified":"2026-01-04T17:18:47","modified_gmt":"2026-01-04T09:18:47","slug":"small-empty-travel-cologne-bottles-bulk","status":"publish","type":"product","link":"https:\/\/minghanggroup.com\/it\/prodotto\/small-empty-travel-cologne-bottles-bulk\/","title":{"rendered":"Flaconi di profumo da viaggio vuoti da 25 ml, sfusi"},"content":{"rendered":"<p>Il formato di questo flacone di colonia da viaggio \u00e8 molto compatto, 25 ml, e quindi molto comodo da portare con s\u00e9. Il flacone \u00e8 realizzato in vetro puro e pulito, lucidato e dotato di un elegante tappo in metallo argentato, che si adatta perfettamente al design minimalista.<\/p>\n<h2>Caratteristiche del prodotto<\/h2>\n<ul>\n<li><strong>Design rettangolare con dimensioni ultracompatte:<\/strong> La bottiglia sottile non occupa molto spazio e pu\u00f2 essere riposta in qualsiasi tasca, marsupio o borsa da viaggio.<\/li>\n<li><strong>Tappo metallico sicuro e a prova di perdite:<\/strong> Il tappo a vite in metallo ti garantir\u00e0 una chiusura ermetica che ti garantir\u00e0 tranquillit\u00e0 durante il viaggio.<\/li>\n<li><strong>Capacit\u00e0 25 ml:<\/strong> 25 ml \u00e8 la dimensione ottimale per conservare la fragranza, perch\u00e9 non \u00e8 n\u00e9 troppo piccola n\u00e9 troppo grande da portare con s\u00e9 quotidianamente per tutto il giorno o durante brevi escursioni.<\/li>\n<\/ul>\n<h2 style=\"text-align: left;\">Specifiche chiave<\/h2>\n<table class=\"aligncenter\" style=\"border-collapse: collapse; width: 523.52pt;\" border=\"0\" width=\"698\" cellspacing=\"0\" cellpadding=\"0\">\n<tbody>\n<tr style=\"height: 13.50pt;\">\n<td style=\"height: 13.50pt; width: 130.50pt;\" width=\"174\" height=\"18\">Specifica<\/td>\n<td style=\"width: 393.00pt;\" width=\"524\">Dettagli<\/td>\n<\/tr>\n<tr style=\"height: 13.50pt;\">\n<td style=\"height: 13.50pt;\" height=\"18\">Capacit\u00e0<\/td>\n<td>25 ml<\/td>\n<\/tr>\n<tr style=\"height: 13.50pt;\">\n<td style=\"height: 13.50pt;\" height=\"18\">Dimensioni<\/td>\n<td>32\u00d720\u00d775mm<\/td>\n<\/tr>\n<tr style=\"height: 13.50pt;\">\n<td style=\"height: 13.50pt;\" height=\"18\">Materiale<\/td>\n<td>Corpo in vetro trasparente; tappo a vite in metallo di alta qualit\u00e0<\/td>\n<\/tr>\n<tr style=\"height: 13.50pt;\">\n<td style=\"height: 13.50pt;\" height=\"18\">Forma della bottiglia<\/td>\n<td>Rettangolo sottile con bordi smussati di precisione<\/td>\n<\/tr>\n<tr style=\"height: 13.50pt;\">\n<td style=\"height: 13.50pt;\" height=\"18\">Ambito di personalizzazione<\/td>\n<td>Satinato \/ Sfumato \/ Spazzolato \/ Lucido \/ Serigrafia<\/td>\n<\/tr>\n<tr style=\"height: 13.50pt;\">\n<td style=\"height: 13.50pt;\" height=\"18\">Caratteristica artigianale<\/td>\n<td>Taglio del vetro con bordo smussato di precisione, chiusura filettata a prova di perdite<\/td>\n<\/tr>\n<tr style=\"height: 13.50pt;\">\n<td style=\"height: 13.50pt;\" height=\"18\">Scopo del prodotto<\/td>\n<td>Flaconi di profumo da viaggio, flaconi tester di colonia<\/td>\n<\/tr>\n<tr style=\"height: 13.50pt;\">\n<td style=\"height: 13.50pt;\" height=\"18\">Industrie adatte<\/td>\n<td>Profumeria, Ospitalit\u00e0, Travel Retail<\/td>\n<\/tr>\n<\/tbody>\n<\/table>\n<h2>Storia di successo: fragranza esclusiva per una catena alberghiera internazionale<\/h2>\n<p>Una catena alberghiera asiatica ha scelto il nostro flacone da viaggio da 25 ml di colonia e lo ha personalizzato con un flacone in vetro satinato con il logo del marchio inciso al laser sul lato anteriore. Il formato ridotto ha riscosso un grande successo, poich\u00e9 l&#039;88% dei clienti ha portato a casa il flacone. L&#039;aspetto lussuoso ha aumentato il valore percepito dell&#039;hotel dagli ospiti, con un conseguente aumento del 15% del livello di soddisfazione post-soggiorno. L&#039;hotel \u00e8 rimasto molto soddisfatto del feedback degli ospiti e dell&#039;impatto positivo del marchio, tanto da ordinare altri 500.000 flaconi da utilizzare in tutti gli hotel.<\/p>\n<h2>Alternative di personalizzazione per flaconi di profumi da viaggio<\/h2>\n<ul>\n<li>Colore delle lenti: sono disponibili sia nella versione trasparente che in quella colorata (ambra, grigio fumo).<\/li>\n<li>Serigrafia: mostra un&#039;immagine nitida del tuo logo, della tua grafica o del nome della tua fragranza su una superficie piana in vetro.<\/li>\n<li>Incisione laser: approfondisci i dettagli, i monogrammi o i numeri di lotto del tuo complesso disegno inciso sul vetro per creare un marchio permanente di alta qualit\u00e0 che dura per sempre.<\/li>\n<li>Impugnatura testurizzata: i bordi della bottiglia sono dotati di strisce antiscivolo sabbiate o gommate, progettate per migliorare la presa.<\/li>\n<\/ul>","protected":false},"excerpt":{"rendered":"<p>Scopri il flacone da viaggio per profumo da 25 ml. Flaconi da viaggio in vetro ad alta trasparenza con tappo cilindrico argentato minimalista. Richiedi subito campioni gratuiti!<\/p>","protected":false},"featured_media":4253,"template":"","meta":{"postBodyCss":"","postBodyMargin":[],"postBodyPadding":[],"postBodyBackground":{"backgroundType":"classic","gradient":""}},"product_brand":[],"product_cat":[15,16,62],"product_tag":[],"class_list":{"0":"post-4250","1":"product","2":"type-product","3":"status-publish","4":"has-post-thumbnail","6":"product_cat-glass-containers","7":"product_cat-glass-bottles","8":"product_cat-perfume-bottles","10":"first","11":"instock","12":"shipping-taxable","13":"product-type-simple"},"jetpack_sharing_enabled":true,"_links":{"self":[{"href":"https:\/\/minghanggroup.com\/it\/wp-json\/wp\/v2\/product\/4250","targetHints":{"allow":["GET"]}}],"collection":[{"href":"https:\/\/minghanggroup.com\/it\/wp-json\/wp\/v2\/product"}],"about":[{"href":"https:\/\/minghanggroup.com\/it\/wp-json\/wp\/v2\/types\/product"}],"wp:featuredmedia":[{"embeddable":true,"href":"https:\/\/minghanggroup.com\/it\/wp-json\/wp\/v2\/media\/4253"}],"wp:attachment":[{"href":"https:\/\/minghanggroup.com\/it\/wp-json\/wp\/v2\/media?parent=4250"}],"wp:term":[{"taxonomy":"product_brand","embeddable":true,"href":"https:\/\/minghanggroup.com\/it\/wp-json\/wp\/v2\/product_brand?post=4250"},{"taxonomy":"product_cat","embeddable":true,"href":"https:\/\/minghanggroup.com\/it\/wp-json\/wp\/v2\/product_cat?post=4250"},{"taxonomy":"product_tag","embeddable":true,"href":"https:\/\/minghanggroup.com\/it\/wp-json\/wp\/v2\/product_tag?post=4250"}],"curies":[{"name":"wp","href":"https:\/\/api.w.org\/{rel}","templated":true}]}}