{"id":4236,"date":"2026-01-04T11:26:54","date_gmt":"2026-01-04T03:26:54","guid":{"rendered":"https:\/\/minghanggroup.com\/?post_type=product&#038;p=4236"},"modified":"2026-01-04T13:35:29","modified_gmt":"2026-01-04T05:35:29","slug":"clear-cologne-empty-bottles-with-metal-lids-bulk","status":"publish","type":"product","link":"https:\/\/minghanggroup.com\/it\/prodotto\/clear-cologne-empty-bottles-with-metal-lids-bulk\/","title":{"rendered":"Flaconi vuoti trasparenti di profumo di colonia da 50 ml e 100 ml con coperchi in metallo sfusi"},"content":{"rendered":"<p>Questa boccetta vuota di acqua di colonia \u00e8 realizzata in vetro lucido, trasparente e piatto, e il suo corpo \u00e8 costituito da un rettangolo con angoli arrotondati. \u00c8 disponibile in due misure e ha tappi neri o dorati, e pu\u00f2 essere personalizzata.<\/p>\n<h2>Caratteristiche del prodotto<\/h2>\n<ul>\n<li><strong>Corpo inclinato strutturalmente progettato:<\/strong> Si tratta di un corpo snello e dritto, con bordi smussati, che conferisce un aspetto audace, moderno e maschile.<\/li>\n<li><strong>Tappi in metallo bicolore:<\/strong> Realizzati con tappi cilindrici in metallo nero e oro, con un leggero tocco di raffinatezza, i tappi in metallo bicolore sono disponibili in entrambi i gusti, per adattarsi a diversi gusti di fragranze.<\/li>\n<li><strong>Doppia capacit\u00e0:<\/strong> Due formati di bottiglia adatti all&#039;uso quotidiano e alla comoda conservazione, con maggiore flessibilit\u00e0 e utilit\u00e0.<\/li>\n<\/ul>\n<h2 style=\"text-align: left;\">Specifiche chiave<\/h2>\n<table class=\"aligncenter\" style=\"border-collapse: collapse; width: 471.02pt;\" border=\"0\" width=\"628\" cellspacing=\"0\" cellpadding=\"0\">\n<tbody>\n<tr style=\"height: 13.50pt;\">\n<td style=\"height: 13.50pt; width: 130.50pt;\" width=\"174\" height=\"18\">Specifica<\/td>\n<td style=\"width: 340.50pt;\" width=\"454\">Dettagli<\/td>\n<\/tr>\n<tr style=\"height: 13.50pt;\">\n<td style=\"height: 13.50pt;\" height=\"18\">Dimensioni<\/td>\n<td>50 ml: 42\u00d725\u00d792 mm; 100 ml: 53\u00d731\u00d7114 mm<\/td>\n<\/tr>\n<tr style=\"height: 13.50pt;\">\n<td style=\"height: 13.50pt;\" height=\"18\">Materiale<\/td>\n<td>Corpo in vetro trasparente; tappo a vite in metallo di alta qualit\u00e0<\/td>\n<\/tr>\n<tr style=\"height: 13.50pt;\">\n<td style=\"height: 13.50pt;\" height=\"18\">Forma della bottiglia<\/td>\n<td>Rettangolo alto con bordi smussati di precisione<\/td>\n<\/tr>\n<tr style=\"height: 13.50pt;\">\n<td style=\"height: 13.50pt;\" height=\"18\">Ambito di personalizzazione<\/td>\n<td>Satinato \/ Opaco \/ Serigrafia \/ Incisione laser<\/td>\n<\/tr>\n<tr style=\"height: 13.50pt;\">\n<td style=\"height: 13.50pt;\" height=\"18\">Scopo del prodotto<\/td>\n<td>Bottiglie vuote di Colonia, bottiglie di profumo<\/td>\n<\/tr>\n<tr style=\"height: 13.50pt;\">\n<td style=\"height: 13.50pt;\" height=\"18\">Industrie adatte<\/td>\n<td>Marchi di prodotti per la cura della persona, etichette private, studi di fragranze personalizzate<\/td>\n<\/tr>\n<\/tbody>\n<\/table>\n<h2>Storia di successo<\/h2>\n<p>Il nostro flacone spray di colonia da 100 ml \u00e8 stato selezionato da un&#039;attivit\u00e0 di toelettatura DTC in rapida crescita, abbinandolo a un tappo nero opaco personalizzato e a un corpo in vetro satinato. Il design con bordi smussati conferisce al prodotto una buona presa e un tocco distintivo, apprezzato dal 40% delle recensioni dei clienti. Il design \u00e8 impermeabile e il vetro \u00e8 resistente, il che garantisce un tasso di successo delle spedizioni del 99,8%. Il marchio \u00e8 rimasto molto soddisfatto dell&#039;adattamento al mercato e della qualit\u00e0 del prodotto, tanto da ordinarne 300.000 flaconi per distribuire la nuova linea di prodotti e espandersi sul mercato internazionale.<\/p>\n<h2>Scelte di personalizzazione della bottiglia vuota di Colonia<\/h2>\n<ul>\n<li>Colori e finiture del vetro: disponibili in diverse tonalit\u00e0 (ambra, grigio) e possono anche essere rifiniti con satinatura completa, smerigliatura, ecc.<\/li>\n<li>Serigrafia su vetro: stampa serigrafica di loghi, motivi o testi su superfici piane in vetro.<\/li>\n<li>Marcature del volume in rilievo: sul fondo della bottiglia sono integrate delle marcature del volume in rilievo (ad esempio, &#034;100 ml&#034;).<\/li>\n<li>Integrazione della pompa spray: si tratta di un&#039;integrazione di una pompa spray a nebbia fine che si adatta all&#039;interfaccia standard della bottiglia.<\/li>\n<\/ul>","protected":false},"excerpt":{"rendered":"<p>Flaconi vuoti e spray per acqua di colonia di marca. Realizzati in vetro trasparente e tappi in metallo, disponibili per la vendita all&#039;ingrosso con spedizione rapida.<\/p>","protected":false},"featured_media":4241,"template":"","meta":{"postBodyCss":"","postBodyMargin":[],"postBodyPadding":[],"postBodyBackground":{"backgroundType":"classic","gradient":""}},"product_brand":[],"product_cat":[15,16,62],"product_tag":[],"class_list":{"0":"post-4236","1":"product","2":"type-product","3":"status-publish","4":"has-post-thumbnail","6":"product_cat-glass-containers","7":"product_cat-glass-bottles","8":"product_cat-perfume-bottles","10":"first","11":"instock","12":"shipping-taxable","13":"product-type-simple"},"jetpack_sharing_enabled":true,"_links":{"self":[{"href":"https:\/\/minghanggroup.com\/it\/wp-json\/wp\/v2\/product\/4236","targetHints":{"allow":["GET"]}}],"collection":[{"href":"https:\/\/minghanggroup.com\/it\/wp-json\/wp\/v2\/product"}],"about":[{"href":"https:\/\/minghanggroup.com\/it\/wp-json\/wp\/v2\/types\/product"}],"wp:featuredmedia":[{"embeddable":true,"href":"https:\/\/minghanggroup.com\/it\/wp-json\/wp\/v2\/media\/4241"}],"wp:attachment":[{"href":"https:\/\/minghanggroup.com\/it\/wp-json\/wp\/v2\/media?parent=4236"}],"wp:term":[{"taxonomy":"product_brand","embeddable":true,"href":"https:\/\/minghanggroup.com\/it\/wp-json\/wp\/v2\/product_brand?post=4236"},{"taxonomy":"product_cat","embeddable":true,"href":"https:\/\/minghanggroup.com\/it\/wp-json\/wp\/v2\/product_cat?post=4236"},{"taxonomy":"product_tag","embeddable":true,"href":"https:\/\/minghanggroup.com\/it\/wp-json\/wp\/v2\/product_tag?post=4236"}],"curies":[{"name":"wp","href":"https:\/\/api.w.org\/{rel}","templated":true}]}}