{"id":4225,"date":"2025-12-31T11:26:29","date_gmt":"2025-12-31T03:26:29","guid":{"rendered":"https:\/\/minghanggroup.com\/?post_type=product&#038;p=4225"},"modified":"2025-12-31T11:55:45","modified_gmt":"2025-12-31T03:55:45","slug":"round-glass-perfume-containers-with-metal-lids-bulk","status":"publish","type":"product","link":"https:\/\/minghanggroup.com\/it\/prodotto\/round-glass-perfume-containers-with-metal-lids-bulk\/","title":{"rendered":"Contenitori per profumi rotondi in vetro da 30 ml, 50 ml e 80 ml con coperchi in metallo, sfusi"},"content":{"rendered":"<p>Il flacone rotondo del profumo \u00e8 realizzato in vetro liscio trasparente, la base \u00e8 ispessita per garantire grande stabilit\u00e0 e i tappi in metallo sono cilindrici.<\/p>\n<h2>Caratteristiche del prodotto<\/h2>\n<ul>\n<li><strong>Bottiglia sferica e morbida al tatto:<\/strong> Il design sferico e liscio della bottiglia in vetro ha un&#039;estetica morbida ed \u00e8 pi\u00f9 facile da tenere in mano.<\/li>\n<li><strong>Tappi metallici multicolori:<\/strong> \u00c8 dotato di tappi metallici neri, dorati e argentati, di forma cilindrica, che offrono una straordinaria alternativa di stile e migliorano la raffinatezza del prodotto.<\/li>\n<li><strong>Tre dimensioni:<\/strong> Il prodotto \u00e8 disponibile nei formati da 30 ml, 50 ml e 80 ml per soddisfare le esigenze di formati di prova, fragranze di uso quotidiano e regali perfetti.<\/li>\n<\/ul>\n<h2 style=\"text-align: left;\">Specifiche chiave<\/h2>\n<table class=\"aligncenter\" style=\"border-collapse: collapse; width: 482.27pt;\" border=\"0\" width=\"643\" cellspacing=\"0\" cellpadding=\"0\">\n<tbody>\n<tr style=\"height: 13.50pt;\">\n<td style=\"height: 13.50pt; width: 131.25pt;\" width=\"175\" height=\"18\">Specifica<\/td>\n<td style=\"width: 351.00pt;\" width=\"468\">Dettagli<\/td>\n<\/tr>\n<tr style=\"height: 13.50pt;\">\n<td style=\"height: 13.50pt;\" height=\"18\">Dimensioni<\/td>\n<td>30 ml: 50\u00d764 mm; 50 ml: 57\u00d763 mm; 80 ml: 70\u00d775 mm<\/td>\n<\/tr>\n<tr style=\"height: 13.50pt;\">\n<td style=\"height: 13.50pt;\" height=\"18\">Materiale<\/td>\n<td>Corpo in vetro trasparente; tappi cilindrici in metallo nero\/oro\/argento<\/td>\n<\/tr>\n<tr style=\"height: 13.50pt;\">\n<td style=\"height: 13.50pt;\" height=\"18\">Forma della bottiglia<\/td>\n<td>Sfera con base appesantita (design di visualizzazione stabile)<\/td>\n<\/tr>\n<tr style=\"height: 13.50pt;\">\n<td style=\"height: 13.50pt;\" height=\"18\">Caratteristica artigianale<\/td>\n<td>Soffiatura di vetro sferico di precisione, stampaggio a base ponderata<\/td>\n<\/tr>\n<tr style=\"height: 13.50pt;\">\n<td style=\"height: 13.50pt;\" height=\"18\">Ideale per<\/td>\n<td>Contenitori per profumi, bottiglie di profumo rotonde sfuse<\/td>\n<\/tr>\n<\/tbody>\n<\/table>\n<h2>Storia di successo<\/h2>\n<p>Un marchio coreano di tendenza, sinonimo di bellezza e lifestyle, ha presentato la sua prima gamma di profumi. La scelta \u00e8 ricaduta sul nostro flacone rotondo da 50 ml, dotato di un tappo dal colore delicato. Questo grazioso profumo rotondo ha riscosso un successo immediato, con un aumento del 500% delle menzioni sui social media nel primo mese di lancio. La caratteristica forma del flacone \u00e8 diventata uno dei tratti distintivi del marchio, tanto che il 90% dei consumatori finali riesce a riconoscerla senza alcun problema. Il marchio ha continuato a consolidare questo enorme successo ordinando altri 600.000 flaconi per espandersi sul mercato globale.<\/p>\n<h2>Opzioni di imbottigliamento delle bottiglie rotonde di profumo<\/h2>\n<ul>\n<li>Colore personalizzato del cappuccio in metallo: il PVD sul cappuccio pu\u00f2 essere personalizzato in base al colore di un marchio o di una stagione.<\/li>\n<li>Colore e trasparenza del vetro: le bottiglie di vetro sferiche sono disponibili in diverse finiture (rosa, blu, ambra) o satinate.<\/li>\n<li>Serigrafia su vetro \u2013 Vetro curvo: stampa semplici loghi, motivi o testi sulla superficie.<\/li>\n<li>Incisione laser: incide immagini dettagliate, costellazioni o combinazioni di lettere sul vetro.<\/li>\n<\/ul>","protected":false},"excerpt":{"rendered":"<p>Flacone rotondo per profumo con tappo in vetro trasparente e metallo. Design sferico liscio, disponibile in diverse misure. Fornitura diretta dalla fabbrica per i marchi.<\/p>","protected":false},"featured_media":4226,"template":"","meta":{"postBodyCss":"","postBodyMargin":[],"postBodyPadding":[],"postBodyBackground":{"backgroundType":"classic","gradient":""}},"product_brand":[],"product_cat":[15,16,62],"product_tag":[],"class_list":{"0":"post-4225","1":"product","2":"type-product","3":"status-publish","4":"has-post-thumbnail","6":"product_cat-glass-containers","7":"product_cat-glass-bottles","8":"product_cat-perfume-bottles","10":"first","11":"instock","12":"shipping-taxable","13":"product-type-simple"},"jetpack_sharing_enabled":true,"_links":{"self":[{"href":"https:\/\/minghanggroup.com\/it\/wp-json\/wp\/v2\/product\/4225","targetHints":{"allow":["GET"]}}],"collection":[{"href":"https:\/\/minghanggroup.com\/it\/wp-json\/wp\/v2\/product"}],"about":[{"href":"https:\/\/minghanggroup.com\/it\/wp-json\/wp\/v2\/types\/product"}],"wp:featuredmedia":[{"embeddable":true,"href":"https:\/\/minghanggroup.com\/it\/wp-json\/wp\/v2\/media\/4226"}],"wp:attachment":[{"href":"https:\/\/minghanggroup.com\/it\/wp-json\/wp\/v2\/media?parent=4225"}],"wp:term":[{"taxonomy":"product_brand","embeddable":true,"href":"https:\/\/minghanggroup.com\/it\/wp-json\/wp\/v2\/product_brand?post=4225"},{"taxonomy":"product_cat","embeddable":true,"href":"https:\/\/minghanggroup.com\/it\/wp-json\/wp\/v2\/product_cat?post=4225"},{"taxonomy":"product_tag","embeddable":true,"href":"https:\/\/minghanggroup.com\/it\/wp-json\/wp\/v2\/product_tag?post=4225"}],"curies":[{"name":"wp","href":"https:\/\/api.w.org\/{rel}","templated":true}]}}