{"id":4208,"date":"2025-12-30T15:33:11","date_gmt":"2025-12-30T07:33:11","guid":{"rendered":"https:\/\/minghanggroup.com\/?post_type=product&#038;p=4208"},"modified":"2025-12-30T16:53:58","modified_gmt":"2025-12-30T08:53:58","slug":"clear-glass-cologne-bottles-with-metal-lids-bulk","status":"publish","type":"product","link":"https:\/\/minghanggroup.com\/it\/prodotto\/clear-glass-cologne-bottles-with-metal-lids-bulk\/","title":{"rendered":"Flaconi di profumo in vetro trasparente da 30 ml, 50 ml e 100 ml con coperchi in metallo, sfusi"},"content":{"rendered":"<p>Questo flacone di profumo dalla forma tonda-quadrata presenta bordi arrotondati. La struttura semplice e il tappo metallico a cupola, a forma quadrata, creano un contrasto sorprendente.<\/p>\n<h2>Caratteristiche del prodotto<\/h2>\n<ul>\n<li><strong>Varie dimensioni:<\/strong> \u00c8 disponibile in diverse dimensioni, per conservare la fragranza a seconda delle esigenze, personali o di acquisto all&#039;ingrosso.<\/li>\n<li><strong>Tappi metallici:<\/strong> Sono disponibili tappi quadrati in metallo color argento, oro e nero con vari stili che rendono il prodotto raffinato e moderno.<\/li>\n<li><strong>Corpo della bottiglia quadrato arrotondato:<\/strong> Gli angoli arrotondati del corpo cilindrico e quadrato della bottiglia presentano linee morbide, rendendola pi\u00f9 comoda e facile da tenere in mano o da esporre.<\/li>\n<\/ul>\n<h2 style=\"text-align: left;\">Specifiche chiave<\/h2>\n<table class=\"aligncenter\" style=\"border-collapse: collapse; width: 434.27pt;\" border=\"0\" width=\"579\" cellspacing=\"0\" cellpadding=\"0\">\n<tbody>\n<tr style=\"height: 13.50pt;\">\n<td style=\"height: 13.50pt; width: 82.50pt;\" width=\"110\" height=\"18\">Specifica<\/td>\n<td style=\"width: 351.75pt;\" width=\"469\">Dettagli<\/td>\n<\/tr>\n<tr style=\"height: 13.50pt;\">\n<td style=\"height: 13.50pt;\" height=\"18\">Dimensioni<\/td>\n<td>30 ml: 56\u00d728\u00d770 mm; 50 ml: 63\u00d731\u00d779 mm; 100 ml: 76\u00d738\u00d798 mm<\/td>\n<\/tr>\n<tr style=\"height: 13.50pt;\">\n<td style=\"height: 13.50pt;\" height=\"18\">Materiale<\/td>\n<td>Corpo in vetro trasparente; tappi in metallo argento\/oro\/nero<\/td>\n<\/tr>\n<tr style=\"height: 13.50pt;\">\n<td style=\"height: 13.50pt;\" height=\"18\">Forma della bottiglia<\/td>\n<td>Prisma quadrato arrotondato (modanatura con bordo morbido)<\/td>\n<\/tr>\n<tr style=\"height: 13.50pt;\">\n<td style=\"height: 13.50pt;\" height=\"18\">Tipo di chiusura<\/td>\n<td>Tappo a vite in metallo quadrato (chiusura ermetica sicura)<\/td>\n<\/tr>\n<tr style=\"height: 13.50pt;\">\n<td style=\"height: 13.50pt;\" height=\"18\">Ideale per<\/td>\n<td>Bottiglie di colonia all&#039;ingrosso, bottiglie di profumo all&#039;ingrosso<\/td>\n<\/tr>\n<\/tbody>\n<\/table>\n<h2>Storia di successo<\/h2>\n<p>Una delle aziende pi\u00f9 note che promuove prodotti maschili tramite vendita diretta al consumatore si \u00e8 avventurata nel mercato delle fragranze. Ha deciso di utilizzare i nostri flaconi di colonia per confezionare le sue prime tre fragranze, ciascuna accompagnata da un tappo di un colore specifico. Il corpo del flacone, rotondo e squadrato, ha riscosso un grande successo: l&#039;85% dei commenti dei clienti includeva la dicitura &#034;sensazione eccellente&#034;. Il design semplice ha portato a un numero triplo di condivisioni sui social media rispetto ad altri prodotti. Su questa base, il marchio ha effettuato un ulteriore ordine di 400.000 flaconi.<\/p>\n<h2>Scelte di personalizzazione all&#039;ingrosso per bottiglie di Colonia<\/h2>\n<ul>\n<li>Colori personalizzati per i tappi in metallo: seleziona il rivestimento PVD sul tappo in base alla cartella colori Pantone del tuo marchio.<\/li>\n<li>Colori delle bottiglie di vetro: le bottiglie di vetro sono disponibili in bottiglie di vetro colorate, tra cui ambra, grigio fumo o blu cobalto.<\/li>\n<li>Serigrafia su vetro: stampa il tuo logo, il tuo disegno o anche il tuo testo sulla parte piatta della bottiglia di vetro.<\/li>\n<li>Finitura in vetro satinato: offre una sensazione di levigatezza e di alta qualit\u00e0 con una finitura completamente satinata o una finitura satinata sfumata.<\/li>\n<\/ul>","protected":false},"excerpt":{"rendered":"<p>Flacone moderno e trasparente per profumo, disponibile in diverse misure e colori. Flaconi per profumo all&#039;ingrosso con spedizione veloce, perfetti per marchi di profumi e private label.<\/p>","protected":false},"featured_media":4215,"template":"","meta":{"postBodyCss":"","postBodyMargin":[],"postBodyPadding":[],"postBodyBackground":{"backgroundType":"classic","gradient":""}},"product_brand":[],"product_cat":[15,16,62],"product_tag":[],"class_list":{"0":"post-4208","1":"product","2":"type-product","3":"status-publish","4":"has-post-thumbnail","6":"product_cat-glass-containers","7":"product_cat-glass-bottles","8":"product_cat-perfume-bottles","10":"first","11":"instock","12":"shipping-taxable","13":"product-type-simple"},"jetpack_sharing_enabled":true,"_links":{"self":[{"href":"https:\/\/minghanggroup.com\/it\/wp-json\/wp\/v2\/product\/4208","targetHints":{"allow":["GET"]}}],"collection":[{"href":"https:\/\/minghanggroup.com\/it\/wp-json\/wp\/v2\/product"}],"about":[{"href":"https:\/\/minghanggroup.com\/it\/wp-json\/wp\/v2\/types\/product"}],"wp:featuredmedia":[{"embeddable":true,"href":"https:\/\/minghanggroup.com\/it\/wp-json\/wp\/v2\/media\/4215"}],"wp:attachment":[{"href":"https:\/\/minghanggroup.com\/it\/wp-json\/wp\/v2\/media?parent=4208"}],"wp:term":[{"taxonomy":"product_brand","embeddable":true,"href":"https:\/\/minghanggroup.com\/it\/wp-json\/wp\/v2\/product_brand?post=4208"},{"taxonomy":"product_cat","embeddable":true,"href":"https:\/\/minghanggroup.com\/it\/wp-json\/wp\/v2\/product_cat?post=4208"},{"taxonomy":"product_tag","embeddable":true,"href":"https:\/\/minghanggroup.com\/it\/wp-json\/wp\/v2\/product_tag?post=4208"}],"curies":[{"name":"wp","href":"https:\/\/api.w.org\/{rel}","templated":true}]}}