{"id":4203,"date":"2025-12-30T15:14:37","date_gmt":"2025-12-30T07:14:37","guid":{"rendered":"https:\/\/minghanggroup.com\/?post_type=product&#038;p=4203"},"modified":"2025-12-30T15:32:27","modified_gmt":"2025-12-30T07:32:27","slug":"crystal-scent-bottles-with-with-silver-spray-bulk","status":"publish","type":"product","link":"https:\/\/minghanggroup.com\/it\/prodotto\/crystal-scent-bottles-with-with-silver-spray-bulk\/","title":{"rendered":"Flaconi di profumo di cristallo da 30 ml, 50 ml e 100 ml con spray argento sfuso"},"content":{"rendered":"<p>Questi flaconi di profumo in cristallo sono realizzati interamente in vetro cristallo, sfaccettato e cristallino, con tappi in cristallo tagliato a diamante e splendidi ugelli spray in argento, e non sono solo lussuosi ma anche moderni.<\/p>\n<h2>Caratteristiche del prodotto<\/h2>\n<ul>\n<li><strong>Prisma geometrico multiforme:<\/strong> Le forme geometriche sfaccettate del vetro tagliato producono effetti di rifrazione della luce insuperabili e hanno un profilo architettonico di rilievo.<\/li>\n<li><strong>Vetro trasparente con elevato livello di trasparenza:<\/strong> Si tratta di un materiale trasparente, la cui trasparenza \u00e8 eccellente, tanto che la fragranza all&#039;interno viene ben messa in risalto.<\/li>\n<li><strong>Tre dimensioni:<\/strong> Puoi trovare formati da 30 ml, 50 ml e 100 ml adatti alle tue esigenze, in base al trasporto di campioni, alle dimensioni da viaggio e ai profumi esclusivi.<\/li>\n<\/ul>\n<h2 style=\"text-align: left;\">Specifiche chiave<\/h2>\n<table class=\"aligncenter\" style=\"border-collapse: collapse; width: 536.27pt;\" border=\"0\" width=\"715\" cellspacing=\"0\" cellpadding=\"0\">\n<tbody>\n<tr style=\"height: 13.50pt;\">\n<td style=\"height: 13.50pt; width: 83.25pt;\" width=\"111\" height=\"18\">Specifica<\/td>\n<td style=\"width: 453.00pt;\" width=\"604\">Dettagli<\/td>\n<\/tr>\n<tr style=\"height: 13.50pt;\">\n<td style=\"height: 13.50pt;\" height=\"18\">Dimensioni<\/td>\n<td>30 ml: 44\u00d747\u00d762 mm; 50 ml: 57\u00d728\u00d775 mm; 100 ml: 67\u00d735\u00d795 mm<\/td>\n<\/tr>\n<tr style=\"height: 13.50pt;\">\n<td style=\"height: 13.50pt;\" height=\"18\">Materiale<\/td>\n<td>Corpo in vetro trasparente multisfaccettato; componenti in metallo argentato; cappuccio quadrato sfaccettato<\/td>\n<\/tr>\n<tr style=\"height: 13.50pt;\">\n<td style=\"height: 13.50pt;\" height=\"18\">Tipo di chiusura<\/td>\n<td>Tappo quadrato sfaccettato con collare spray in metallo argentato integrato<\/td>\n<\/tr>\n<tr style=\"height: 13.50pt;\">\n<td style=\"height: 13.50pt;\" height=\"18\">Ideale per<\/td>\n<td>Bottiglie di profumo di cristallo, bottiglie di profumo sfuse<\/td>\n<\/tr>\n<\/tbody>\n<\/table>\n<h2>Storia di successo<\/h2>\n<p>Il nostro flacone di profumo da 30 ml \u00e8 stato scelto da uno dei pi\u00f9 grandi magazzini al mondo, a cui \u00e8 stato commissionato di apportare lievi modifiche al collo del collo in metallo placcato palladio satinato e sfaccettato. Il design elaborato crea splendidi effetti di luce e ombra con l&#039;illuminazione interna del negozio e aumenta di un quarto il coinvolgimento dei clienti con il bancone dei profumi. Il design di alta gamma posiziona questo marchio di profumi del 40% al di sopra di profumi di stilisti simili. La reazione del mercato \u00e8 stata straordinaria e i rivenditori hanno immediatamente ordinato pi\u00f9 di 1 milione di flaconi per soddisfare la domanda di forniture nei due anni successivi.<\/p>\n<h2>Personalizzazione delle bottiglie di profumo di cristallo<\/h2>\n<ul>\n<li>Colori personalizzati per i bicchieri: colori personalizzati per i bicchieri di alta qualit\u00e0 disponibili in champagne, grigio fum\u00e9 o rosa chiaro.<\/li>\n<li>Finiture del collo della bottiglia in metallo: il collo della bottiglia pu\u00f2 avere diverse finiture, tra cui quelle metalliche (oro, oro rosa, nero, canna di fucile).<\/li>\n<li>Incisione laser sfaccettata: un logo o un motivo pu\u00f2 essere tagliato in sfaccettature selezionate con un laser.<\/li>\n<li>Design antiscivolo: i due lati della bottiglia sono microincisi per garantire una presa antiscivolo aggiuntiva.<\/li>\n<\/ul>","protected":false},"excerpt":{"rendered":"<p>Flaconi di profumo in cristallo realizzati con vetro sfaccettato e tappi a taglio diamante. Flaconi di profumo di qualit\u00e0 premium, fornitura diretta dalla fabbrica per marchi e grossisti.<\/p>","protected":false},"featured_media":4207,"template":"","meta":{"postBodyCss":"","postBodyMargin":[],"postBodyPadding":[],"postBodyBackground":{"backgroundType":"classic","gradient":""}},"product_brand":[],"product_cat":[15,16,62],"product_tag":[],"class_list":{"0":"post-4203","1":"product","2":"type-product","3":"status-publish","4":"has-post-thumbnail","6":"product_cat-glass-containers","7":"product_cat-glass-bottles","8":"product_cat-perfume-bottles","10":"first","11":"instock","12":"shipping-taxable","13":"product-type-simple"},"jetpack_sharing_enabled":true,"_links":{"self":[{"href":"https:\/\/minghanggroup.com\/it\/wp-json\/wp\/v2\/product\/4203","targetHints":{"allow":["GET"]}}],"collection":[{"href":"https:\/\/minghanggroup.com\/it\/wp-json\/wp\/v2\/product"}],"about":[{"href":"https:\/\/minghanggroup.com\/it\/wp-json\/wp\/v2\/types\/product"}],"wp:featuredmedia":[{"embeddable":true,"href":"https:\/\/minghanggroup.com\/it\/wp-json\/wp\/v2\/media\/4207"}],"wp:attachment":[{"href":"https:\/\/minghanggroup.com\/it\/wp-json\/wp\/v2\/media?parent=4203"}],"wp:term":[{"taxonomy":"product_brand","embeddable":true,"href":"https:\/\/minghanggroup.com\/it\/wp-json\/wp\/v2\/product_brand?post=4203"},{"taxonomy":"product_cat","embeddable":true,"href":"https:\/\/minghanggroup.com\/it\/wp-json\/wp\/v2\/product_cat?post=4203"},{"taxonomy":"product_tag","embeddable":true,"href":"https:\/\/minghanggroup.com\/it\/wp-json\/wp\/v2\/product_tag?post=4203"}],"curies":[{"name":"wp","href":"https:\/\/api.w.org\/{rel}","templated":true}]}}